{"id":37,"date":"2012-01-13T11:51:58","date_gmt":"2012-01-13T11:51:58","guid":{"rendered":"https:\/\/kylat.ekarjala.fi\/kumpu\/?page_id=37"},"modified":"2012-01-13T12:28:02","modified_gmt":"2012-01-13T12:28:02","slug":"saassynanmaki","status":"publish","type":"page","link":"https:\/\/kylat.ekarjala.fi\/kumpu\/historia\/saassynanmaki\/","title":{"rendered":"S\u00e4\u00e4ssyn\u00e4nm\u00e4ki"},"content":{"rendered":"<p><strong>Kreikkalaiskatolinen kappeli S\u00e4\u00e4ssyn\u00e4nm\u00e4ell\u00e4<\/strong><\/p>\n<p>Kansantarinoiden mukaan kreikkalaiskatolinen kyl\u00e4kappeli (s\u00e4\u00e4ssyn\u00e4) on sijainnut S\u00e4\u00e4ssyn\u00e4nm\u00e4ell\u00e4 keskell\u00e4 kyl\u00e4\u00e4.<\/p>\n<p>Kansanruno muistelee entisi\u00e4 s\u00e4\u00e4ssyn\u00f6it\u00e4 ja kreikkalaiskatolisia pappeja mm seuraavasti; Kummussa Kupu-Jumala, Tarnalassa Taivaspappi, Luumylly Lapinlahdella ja Niilo-sepp\u00e4 Niukkalassa. <\/p>\n<p>Kummussa sellaiset paikannimet kuin S\u00e4\u00e4ssyn\u00e4nm\u00e4ki ja Kalmisto muistuttavat ajasta, jolloin kreikkalaiskatolisille tyypillinen kyl\u00e4kappeli sijaitsi hautausmaineen siell\u00e4. Samaan viittaa Luaniinm\u00e4ki, tavanomainen paikka, miss\u00e4 pitk\u00e4matkalaiset, paljain jaloin ja hameenhelmat k\u00e4\u00e4rittyin\u00e4 laittautuvat kirkkoon menoa varten.<\/p>\n<p>Tosin kyl\u00e4mme vanhin asukas, Tynkkysen Olli (100v.) kertoi taannoin minulle, ett\u00e4 Luaniinkallio S\u00e4\u00e4ssyn\u00e4nm\u00e4en alla, toimi veneell\u00e4 aikoinaan Kummunlammen ylitt\u00e4neiden kirkkoontulijoiden kenkien jalkaanlaittamispaikkana.<\/p>\n","protected":false},"excerpt":{"rendered":"<p>Kreikkalaiskatolinen kappeli S\u00e4\u00e4ssyn\u00e4nm\u00e4ell\u00e4 Kansantarinoiden mukaan kreikkalaiskatolinen kyl\u00e4kappeli (s\u00e4\u00e4ssyn\u00e4) on sijainnut S\u00e4\u00e4ssyn\u00e4nm\u00e4ell\u00e4 keskell\u00e4 kyl\u00e4\u00e4. Kansanruno muistelee entisi\u00e4 s\u00e4\u00e4ssyn\u00f6it\u00e4 ja kreikkalaiskatolisia pappeja mm seuraavasti; Kummussa Kupu-Jumala, Tarnalassa Taivaspappi, Luumylly Lapinlahdella ja Niilo-sepp\u00e4 Niukkalassa. Kummussa sellaiset paikannimet kuin S\u00e4\u00e4ssyn\u00e4nm\u00e4ki ja Kalmisto muistuttavat ajasta, &hellip; <a href=\"https:\/\/kylat.ekarjala.fi\/kumpu\/historia\/saassynanmaki\/\">Lue loppuun <span class=\"meta-nav\">&rarr;<\/span><\/a><\/p>\n","protected":false},"author":106,"featured_media":0,"parent":35,"menu_order":0,"comment_status":"closed","ping_status":"closed","template":"","meta":{"footnotes":""},"class_list":["post-37","page","type-page","status-publish","hentry"],"_links":{"self":[{"href":"https:\/\/kylat.ekarjala.fi\/kumpu\/wp-json\/wp\/v2\/pages\/37","targetHints":{"allow":["GET"]}}],"collection":[{"href":"https:\/\/kylat.ekarjala.fi\/kumpu\/wp-json\/wp\/v2\/pages"}],"about":[{"href":"https:\/\/kylat.ekarjala.fi\/kumpu\/wp-json\/wp\/v2\/types\/page"}],"author":[{"embeddable":true,"href":"https:\/\/kylat.ekarjala.fi\/kumpu\/wp-json\/wp\/v2\/users\/106"}],"replies":[{"embeddable":true,"href":"https:\/\/kylat.ekarjala.fi\/kumpu\/wp-json\/wp\/v2\/comments?post=37"}],"version-history":[{"count":3,"href":"https:\/\/kylat.ekarjala.fi\/kumpu\/wp-json\/wp\/v2\/pages\/37\/revisions"}],"predecessor-version":[{"id":68,"href":"https:\/\/kylat.ekarjala.fi\/kumpu\/wp-json\/wp\/v2\/pages\/37\/revisions\/68"}],"up":[{"embeddable":true,"href":"https:\/\/kylat.ekarjala.fi\/kumpu\/wp-json\/wp\/v2\/pages\/35"}],"wp:attachment":[{"href":"https:\/\/kylat.ekarjala.fi\/kumpu\/wp-json\/wp\/v2\/media?parent=37"}],"curies":[{"name":"wp","href":"https:\/\/api.w.org\/{rel}","templated":true}]}}