{"id":39,"date":"2012-01-13T11:52:29","date_gmt":"2012-01-13T11:52:29","guid":{"rendered":"https:\/\/kylat.ekarjala.fi\/kumpu\/?page_id=39"},"modified":"2012-01-13T12:28:02","modified_gmt":"2012-01-13T12:28:02","slug":"kummunlammen-kuivaus","status":"publish","type":"page","link":"https:\/\/kylat.ekarjala.fi\/kumpu\/historia\/kummunlammen-kuivaus\/","title":{"rendered":"Kummunlammen kuivaus"},"content":{"rendered":"<p><strong>Kummunlampi kuivatettiin suoksi<\/strong><\/p>\n<p>1900- luvun alkupuolella luonnonkaunis Kummunlampi yritettiin muuttaa maatalousmaaksi, mutta laskua ei saatu tarpeeksi ja lampi  muuttui suoksi. Varmaankin \u201dvirhetikki\u201d, mutta siihen on tyytyminen, koska suon muuttaminen takaisin lammeksi ei ole halpa operaatio nykyisell\u00e4 tekniikallakaan.<\/p>\n<p>Ja laajamittainen kyl\u00e4kyselynne 1998 osoitti, ett\u00e4 suurin osa kyl\u00e4l\u00e4isist\u00e4 haluaa s\u00e4ilytt\u00e4\u00e4 suon entisell\u00e4\u00e4n. Ker\u00e4t\u00e4\u00e4n karpaloita turvallisesti keskell\u00e4 kyl\u00e4\u00e4 ja suodaan linnuille oiva pesint\u00e4alue.<\/p>\n","protected":false},"excerpt":{"rendered":"<p>Kummunlampi kuivatettiin suoksi 1900- luvun alkupuolella luonnonkaunis Kummunlampi yritettiin muuttaa maatalousmaaksi, mutta laskua ei saatu tarpeeksi ja lampi muuttui suoksi. Varmaankin \u201dvirhetikki\u201d, mutta siihen on tyytyminen, koska suon muuttaminen takaisin lammeksi ei ole halpa operaatio nykyisell\u00e4 tekniikallakaan. Ja laajamittainen kyl\u00e4kyselynne &hellip; <a href=\"https:\/\/kylat.ekarjala.fi\/kumpu\/historia\/kummunlammen-kuivaus\/\">Lue loppuun <span class=\"meta-nav\">&rarr;<\/span><\/a><\/p>\n","protected":false},"author":106,"featured_media":0,"parent":35,"menu_order":0,"comment_status":"closed","ping_status":"closed","template":"","meta":{"footnotes":""},"class_list":["post-39","page","type-page","status-publish","hentry"],"_links":{"self":[{"href":"https:\/\/kylat.ekarjala.fi\/kumpu\/wp-json\/wp\/v2\/pages\/39","targetHints":{"allow":["GET"]}}],"collection":[{"href":"https:\/\/kylat.ekarjala.fi\/kumpu\/wp-json\/wp\/v2\/pages"}],"about":[{"href":"https:\/\/kylat.ekarjala.fi\/kumpu\/wp-json\/wp\/v2\/types\/page"}],"author":[{"embeddable":true,"href":"https:\/\/kylat.ekarjala.fi\/kumpu\/wp-json\/wp\/v2\/users\/106"}],"replies":[{"embeddable":true,"href":"https:\/\/kylat.ekarjala.fi\/kumpu\/wp-json\/wp\/v2\/comments?post=39"}],"version-history":[{"count":4,"href":"https:\/\/kylat.ekarjala.fi\/kumpu\/wp-json\/wp\/v2\/pages\/39\/revisions"}],"predecessor-version":[{"id":116,"href":"https:\/\/kylat.ekarjala.fi\/kumpu\/wp-json\/wp\/v2\/pages\/39\/revisions\/116"}],"up":[{"embeddable":true,"href":"https:\/\/kylat.ekarjala.fi\/kumpu\/wp-json\/wp\/v2\/pages\/35"}],"wp:attachment":[{"href":"https:\/\/kylat.ekarjala.fi\/kumpu\/wp-json\/wp\/v2\/media?parent=39"}],"curies":[{"name":"wp","href":"https:\/\/api.w.org\/{rel}","templated":true}]}}