{"id":41,"date":"2012-01-13T11:53:00","date_gmt":"2012-01-13T11:53:00","guid":{"rendered":"https:\/\/kylat.ekarjala.fi\/kumpu\/?page_id=41"},"modified":"2012-01-13T12:28:02","modified_gmt":"2012-01-13T12:28:02","slug":"sijainti","status":"publish","type":"page","link":"https:\/\/kylat.ekarjala.fi\/kumpu\/sijainti\/","title":{"rendered":"Sijainti"},"content":{"rendered":"<p>Kumpu sijaitsee it\u00e4rajan tuntumassa, Etel\u00e4-Suomen l\u00e4\u00e4nin pohjoisimmassa kunnassa, Parikkalassa. Uukuniemen kirkolle Kummusta on 17 kilometri\u00e4 ja Niukkalaan 6 km. L\u00e4himp\u00e4\u00e4n kaupunkiin Savonlinnaan, on matkaa 70 ja Joensuuhun 112 kilometri\u00e4.<\/p>\n<p>Maisema<br \/>\nKumpu on nimens\u00e4 n\u00e4k\u00f6inen maisema. J\u00e4\u00e4kauden reunamoreenin muodostamat kummut ja sel\u00e4nteet ovat osa Kummun maisemakuvaa.<\/p>\n<p>Riihij\u00e4rven ja Suurj\u00e4rven pintaa laskettiin vuosien 1932-34 aikana n. 3 metri\u00e4. J\u00e4rvien alueelta saatiin n. 200 hehtaaria peltomaata. T\u00e4m\u00e4 tasainen, kivet\u00f6n peltoaukea muistuttaa enemm\u00e4n pohjanmaan lakeuksia kuin kumpuilevaa vaara-Karjalaa.<\/p>\n<p>Kummun vaihtelevan kyl\u00e4maiseman kolmas elementti on laajat soistuneet vesist\u00f6alueet, esim. Suurisuo, Kummunlampi, Latvalampi ja Suurj\u00e4rvi.<\/p>\n","protected":false},"excerpt":{"rendered":"<p>Kumpu sijaitsee it\u00e4rajan tuntumassa, Etel\u00e4-Suomen l\u00e4\u00e4nin pohjoisimmassa kunnassa, Parikkalassa. Uukuniemen kirkolle Kummusta on 17 kilometri\u00e4 ja Niukkalaan 6 km. L\u00e4himp\u00e4\u00e4n kaupunkiin Savonlinnaan, on matkaa 70 ja Joensuuhun 112 kilometri\u00e4. Maisema Kumpu on nimens\u00e4 n\u00e4k\u00f6inen maisema. J\u00e4\u00e4kauden reunamoreenin muodostamat kummut ja &hellip; <a href=\"https:\/\/kylat.ekarjala.fi\/kumpu\/sijainti\/\">Lue loppuun <span class=\"meta-nav\">&rarr;<\/span><\/a><\/p>\n","protected":false},"author":106,"featured_media":0,"parent":0,"menu_order":0,"comment_status":"closed","ping_status":"closed","template":"","meta":{"footnotes":""},"class_list":["post-41","page","type-page","status-publish","hentry"],"_links":{"self":[{"href":"https:\/\/kylat.ekarjala.fi\/kumpu\/wp-json\/wp\/v2\/pages\/41","targetHints":{"allow":["GET"]}}],"collection":[{"href":"https:\/\/kylat.ekarjala.fi\/kumpu\/wp-json\/wp\/v2\/pages"}],"about":[{"href":"https:\/\/kylat.ekarjala.fi\/kumpu\/wp-json\/wp\/v2\/types\/page"}],"author":[{"embeddable":true,"href":"https:\/\/kylat.ekarjala.fi\/kumpu\/wp-json\/wp\/v2\/users\/106"}],"replies":[{"embeddable":true,"href":"https:\/\/kylat.ekarjala.fi\/kumpu\/wp-json\/wp\/v2\/comments?post=41"}],"version-history":[{"count":3,"href":"https:\/\/kylat.ekarjala.fi\/kumpu\/wp-json\/wp\/v2\/pages\/41\/revisions"}],"predecessor-version":[{"id":79,"href":"https:\/\/kylat.ekarjala.fi\/kumpu\/wp-json\/wp\/v2\/pages\/41\/revisions\/79"}],"wp:attachment":[{"href":"https:\/\/kylat.ekarjala.fi\/kumpu\/wp-json\/wp\/v2\/media?parent=41"}],"curies":[{"name":"wp","href":"https:\/\/api.w.org\/{rel}","templated":true}]}}