{"id":43,"date":"2012-01-13T12:20:26","date_gmt":"2012-01-13T12:20:26","guid":{"rendered":"https:\/\/kylat.ekarjala.fi\/kumpu\/?page_id=43"},"modified":"2012-01-13T12:28:02","modified_gmt":"2012-01-13T12:28:02","slug":"kummunkyla","status":"publish","type":"page","link":"https:\/\/kylat.ekarjala.fi\/kumpu\/kummunkyla\/","title":{"rendered":"Kummunkyl\u00e4"},"content":{"rendered":"<p>Kummunkyl\u00e4 &#8211; kappale kauneinta rajakarjalaa<\/p>\n<ul>\n<li>Kyl\u00e4mme on kappale kauneinta RAJAKARJALAA<\/li>\n<li>Koulu on kyl\u00e4mme syd\u00e4n ja kotamme kyl\u00e4n keuhkot<\/li>\n<li>N\u00e4k\u00f6tornista n\u00e4kyy it\u00e4rajalle ja Pyh\u00e4j\u00e4rvelle<\/li>\n<\/ul>\n<p>Kummunkyl\u00e4 on mahdollisuus lapsiperheille!<a href=\"https:\/\/kylat.ekarjala.fi\/kumpu\/wp-content\/uploads\/sites\/44\/2012\/01\/kyla.jpg\"><img loading=\"lazy\" decoding=\"async\" class=\"alignright size-full wp-image-44\" src=\"https:\/\/kylat.ekarjala.fi\/kumpu\/wp-content\/uploads\/sites\/44\/2012\/01\/kyla.jpg\" alt=\"\" width=\"230\" height=\"172\" \/><\/a><\/p>\n<p>Savuja tupruaa noin kuudestakymmenest\u00e4 talosta. Maa- ja mets\u00e4talous muodostaa edelleen kyl\u00e4mme elinkeinonrungon. Tosin kotiel\u00e4intiloja kyl\u00e4lt\u00e4mme l\u00f6ytyy en\u00e4\u00e4 kymmenkunta. Silti olemme vanhan Uukuniemen kylist\u00e4 eniten sidoksissa peltojemme ja metsiemme tuottoon. Suuren- ja Riihj\u00e4rvenliete muodostavat viljelyrikkaan savipohjaisen viljelyalueen kyl\u00e4mme maanviljelij\u00f6ille.<\/p>\n<p>Kyl\u00e4mme asukkaita k\u00e4y ansioty\u00f6ss\u00e4 Kes\u00e4lahdella, Rautj\u00e4rvell\u00e4, Punkaharjulla ja muutamia Savonlinnassa asti. Kyl\u00e4mme ihmiset ovat rentoa karjalaista sukujuurta ja huumori kukkii kumpuilevassa ymp\u00e4rist\u00f6ss\u00e4mme.<\/p>\n<p>P\u00e4ivitt\u00e4istavaraostokset ja pankkiasiat hoidetaan nykyisin Niukkalassa. Nykyaikaan kuulunee, ett\u00e4 isovanhemmat siirtyv\u00e4t ns. kuntakeskukseen viett\u00e4m\u00e4\u00e4n el\u00e4kep\u00e4ivi\u00e4\u00e4n ja my\u00f6s meid\u00e4n kyl\u00e4mme edellisest\u00e4 sukupolvesta merkitt\u00e4v\u00e4 osa on l\u00f6yt\u00e4nyt asuinpaikkansa l\u00e4hemp\u00e4\u00e4 palveluita, Niukkalasta.<\/p>\n<p>Kyl\u00e4mme on kimpale kauneinta Uukunieme\u00e4, vaalitaan perinteit\u00e4 ja pidet\u00e4\u00e4n tarmokas kyl\u00e4mme aktiivisena osana uutta Parikkalan kuntaa!<\/p>\n<p>Jouni Suppola<\/p>\n","protected":false},"excerpt":{"rendered":"<p>Kummunkyl\u00e4 &#8211; kappale kauneinta rajakarjalaa Kyl\u00e4mme on kappale kauneinta RAJAKARJALAA Koulu on kyl\u00e4mme syd\u00e4n ja kotamme kyl\u00e4n keuhkot N\u00e4k\u00f6tornista n\u00e4kyy it\u00e4rajalle ja Pyh\u00e4j\u00e4rvelle Kummunkyl\u00e4 on mahdollisuus lapsiperheille! Savuja tupruaa noin kuudestakymmenest\u00e4 talosta. Maa- ja mets\u00e4talous muodostaa edelleen kyl\u00e4mme elinkeinonrungon. Tosin &hellip; <a href=\"https:\/\/kylat.ekarjala.fi\/kumpu\/kummunkyla\/\">Lue loppuun <span class=\"meta-nav\">&rarr;<\/span><\/a><\/p>\n","protected":false},"author":106,"featured_media":0,"parent":0,"menu_order":0,"comment_status":"closed","ping_status":"closed","template":"","meta":{"footnotes":""},"class_list":["post-43","page","type-page","status-publish","hentry"],"_links":{"self":[{"href":"https:\/\/kylat.ekarjala.fi\/kumpu\/wp-json\/wp\/v2\/pages\/43","targetHints":{"allow":["GET"]}}],"collection":[{"href":"https:\/\/kylat.ekarjala.fi\/kumpu\/wp-json\/wp\/v2\/pages"}],"about":[{"href":"https:\/\/kylat.ekarjala.fi\/kumpu\/wp-json\/wp\/v2\/types\/page"}],"author":[{"embeddable":true,"href":"https:\/\/kylat.ekarjala.fi\/kumpu\/wp-json\/wp\/v2\/users\/106"}],"replies":[{"embeddable":true,"href":"https:\/\/kylat.ekarjala.fi\/kumpu\/wp-json\/wp\/v2\/comments?post=43"}],"version-history":[{"count":3,"href":"https:\/\/kylat.ekarjala.fi\/kumpu\/wp-json\/wp\/v2\/pages\/43\/revisions"}],"predecessor-version":[{"id":69,"href":"https:\/\/kylat.ekarjala.fi\/kumpu\/wp-json\/wp\/v2\/pages\/43\/revisions\/69"}],"wp:attachment":[{"href":"https:\/\/kylat.ekarjala.fi\/kumpu\/wp-json\/wp\/v2\/media?parent=43"}],"curies":[{"name":"wp","href":"https:\/\/api.w.org\/{rel}","templated":true}]}}