{"id":5,"date":"2012-01-13T11:39:42","date_gmt":"2012-01-13T11:39:42","guid":{"rendered":"https:\/\/kylat.ekarjala.fi\/kumpu\/?page_id=5"},"modified":"2012-01-13T12:28:02","modified_gmt":"2012-01-13T12:28:02","slug":"harrastukset","status":"publish","type":"page","link":"https:\/\/kylat.ekarjala.fi\/kumpu\/palvelut\/harrastukset\/","title":{"rendered":"Harrastukset"},"content":{"rendered":"<p><a href=\"https:\/\/kylat.ekarjala.fi\/kumpu\/wp-content\/uploads\/sites\/44\/2012\/01\/kota.jpg\"><img loading=\"lazy\" decoding=\"async\" class=\"alignright size-full wp-image-6\" src=\"https:\/\/kylat.ekarjala.fi\/kumpu\/wp-content\/uploads\/sites\/44\/2012\/01\/kota.jpg\" alt=\"\" width=\"288\" height=\"216\" \/><\/a>Kummussa on helppo harrastaa luontoon liittyvi\u00e4 harrastuksia. Kalarikas Pyh\u00e4j\u00e4rvi ja riistarikkaat mets\u00e4alueemme ovat mahdollistaneet mets\u00e4stykselle ja kalastukselle oivat puitteet. Kyl\u00e4st\u00e4mme l\u00f6ytyy viel\u00e4 kaksi nuottaporukkaa joten Pyh\u00e4j\u00e4rven muikkua on ollut hyvin saatavilla.<\/p>\n<p>Jo useamman vuosikymmenen ajan on kyl\u00e4mme hiihtoladut olleet erinomaisessa hiihtokunnossa, ja siit\u00e4 suuri kiitos P\u00e4\u00e4kk\u00f6sille, Jaakolle ja Ristolle. Rehev\u00e4t mets\u00e4t pursuavat mets\u00e4st\u00e4jille sopivaa riistaa ja marjastajille paljon poimittavaa.<\/p>\n<p>Liikuntasalin puute tuntuu pienelt\u00e4 asialta, kun luonto on luonnut meille mit\u00e4 parhaimmat harrastusmahdollisuudet.<\/p>\n","protected":false},"excerpt":{"rendered":"<p>Kummussa on helppo harrastaa luontoon liittyvi\u00e4 harrastuksia. Kalarikas Pyh\u00e4j\u00e4rvi ja riistarikkaat mets\u00e4alueemme ovat mahdollistaneet mets\u00e4stykselle ja kalastukselle oivat puitteet. Kyl\u00e4st\u00e4mme l\u00f6ytyy viel\u00e4 kaksi nuottaporukkaa joten Pyh\u00e4j\u00e4rven muikkua on ollut hyvin saatavilla. Jo useamman vuosikymmenen ajan on kyl\u00e4mme hiihtoladut olleet erinomaisessa &hellip; <a href=\"https:\/\/kylat.ekarjala.fi\/kumpu\/palvelut\/harrastukset\/\">Lue loppuun <span class=\"meta-nav\">&rarr;<\/span><\/a><\/p>\n","protected":false},"author":106,"featured_media":0,"parent":11,"menu_order":0,"comment_status":"closed","ping_status":"closed","template":"","meta":{"footnotes":""},"class_list":["post-5","page","type-page","status-publish","hentry"],"_links":{"self":[{"href":"https:\/\/kylat.ekarjala.fi\/kumpu\/wp-json\/wp\/v2\/pages\/5","targetHints":{"allow":["GET"]}}],"collection":[{"href":"https:\/\/kylat.ekarjala.fi\/kumpu\/wp-json\/wp\/v2\/pages"}],"about":[{"href":"https:\/\/kylat.ekarjala.fi\/kumpu\/wp-json\/wp\/v2\/types\/page"}],"author":[{"embeddable":true,"href":"https:\/\/kylat.ekarjala.fi\/kumpu\/wp-json\/wp\/v2\/users\/106"}],"replies":[{"embeddable":true,"href":"https:\/\/kylat.ekarjala.fi\/kumpu\/wp-json\/wp\/v2\/comments?post=5"}],"version-history":[{"count":5,"href":"https:\/\/kylat.ekarjala.fi\/kumpu\/wp-json\/wp\/v2\/pages\/5\/revisions"}],"predecessor-version":[{"id":76,"href":"https:\/\/kylat.ekarjala.fi\/kumpu\/wp-json\/wp\/v2\/pages\/5\/revisions\/76"}],"up":[{"embeddable":true,"href":"https:\/\/kylat.ekarjala.fi\/kumpu\/wp-json\/wp\/v2\/pages\/11"}],"wp:attachment":[{"href":"https:\/\/kylat.ekarjala.fi\/kumpu\/wp-json\/wp\/v2\/media?parent=5"}],"curies":[{"name":"wp","href":"https:\/\/api.w.org\/{rel}","templated":true}]}}