{"id":20,"date":"2011-09-19T13:43:41","date_gmt":"2011-09-19T13:43:41","guid":{"rendered":"https:\/\/kylat.ekarjala.fi\/kuukanniemi\/?page_id=20"},"modified":"2014-08-11T12:23:22","modified_gmt":"2014-08-11T10:53:22","slug":"harrastukset","status":"publish","type":"page","link":"https:\/\/kylat.ekarjala.fi\/kuukanniemi\/harrastukset\/","title":{"rendered":"Harrastukset"},"content":{"rendered":"<p><strong>Kuukanniemess\u00e4 liikutaan<\/strong><br \/>\nKuukanniemest\u00e4 l\u00f6ytyy monia mahdollisuuksia liikkua sek\u00e4 kes\u00e4ll\u00e4 ett\u00e4 talvella. Parhaimmat puitteet liikkumiselle antaa luonto, jossa voi samoilla nauttien erilaisista maisemista. Kes\u00e4isin Kotaj\u00e4rvess\u00e4 ja Tallisenlammessa voit nauttia luonnon vesist\u00f6iss\u00e4 uimisesta.<\/p>\n<p>Kuukanniemen l\u00e4heisyydess\u00e4 on my\u00f6s lyhyt luontopolku, jonka maisemiin kannattaa k\u00e4yd\u00e4 tutustumassa. Enemm\u00e4n luontopolun omalla sivulla (Harrastukset kohdan alasivulla)<\/p>\n<div id='gallery-1' class='gallery galleryid-20 gallery-columns-2 gallery-size-thumbnail'><dl class='gallery-item'>\n\t\t\t<dt class='gallery-icon landscape'>\n\t\t\t\t<a href='https:\/\/kylat.ekarjala.fi\/kuukanniemi\/wp-content\/uploads\/sites\/25\/2011\/09\/liikunta2.jpg'><img loading=\"lazy\" decoding=\"async\" width=\"150\" height=\"113\" src=\"https:\/\/kylat.ekarjala.fi\/kuukanniemi\/wp-content\/uploads\/sites\/25\/2011\/09\/liikunta2.jpg\" class=\"attachment-thumbnail size-thumbnail\" alt=\"\" aria-describedby=\"gallery-1-45\" \/><\/a>\n\t\t\t<\/dt>\n\t\t\t\t<dd class='wp-caption-text gallery-caption' id='gallery-1-45'>\n\t\t\t\tKuukanniemen lenkill\u00e4 ehtii ev\u00e4st\u00e4\u00e4 ja kirjata kilometrit\n\t\t\t\t<\/dd><\/dl><dl class='gallery-item'>\n\t\t\t<dt class='gallery-icon landscape'>\n\t\t\t\t<a href='https:\/\/kylat.ekarjala.fi\/kuukanniemi\/wp-content\/uploads\/sites\/25\/2011\/09\/liikunta.jpg'><img loading=\"lazy\" decoding=\"async\" width=\"150\" height=\"100\" src=\"https:\/\/kylat.ekarjala.fi\/kuukanniemi\/wp-content\/uploads\/sites\/25\/2011\/09\/liikunta.jpg\" class=\"attachment-thumbnail size-thumbnail\" alt=\"\" aria-describedby=\"gallery-1-46\" \/><\/a>\n\t\t\t<\/dt>\n\t\t\t\t<dd class='wp-caption-text gallery-caption' id='gallery-1-46'>\n\t\t\t\tPalloleikkej\u00e4 &#8221;rappurannassa&#8221;\n\t\t\t\t<\/dd><\/dl><br style=\"clear: both\" \/>\n\t\t<\/div>\n\n<p>&nbsp;<\/p>\n","protected":false},"excerpt":{"rendered":"<p>Kuukanniemess\u00e4 liikutaan Kuukanniemest\u00e4 l\u00f6ytyy monia mahdollisuuksia liikkua sek\u00e4 kes\u00e4ll\u00e4 ett\u00e4 talvella. Parhaimmat puitteet liikkumiselle antaa luonto, jossa voi samoilla nauttien erilaisista maisemista. Kes\u00e4isin Kotaj\u00e4rvess\u00e4 ja Tallisenlammessa voit nauttia luonnon vesist\u00f6iss\u00e4 uimisesta. Kuukanniemen l\u00e4heisyydess\u00e4 on my\u00f6s lyhyt luontopolku, jonka maisemiin kannattaa &hellip; <a href=\"https:\/\/kylat.ekarjala.fi\/kuukanniemi\/harrastukset\/\">Lue loppuun <span class=\"meta-nav\">&rarr;<\/span><\/a><\/p>\n","protected":false},"author":44,"featured_media":0,"parent":0,"menu_order":0,"comment_status":"closed","ping_status":"open","template":"","meta":{"footnotes":""},"class_list":["post-20","page","type-page","status-publish","hentry"],"_links":{"self":[{"href":"https:\/\/kylat.ekarjala.fi\/kuukanniemi\/wp-json\/wp\/v2\/pages\/20","targetHints":{"allow":["GET"]}}],"collection":[{"href":"https:\/\/kylat.ekarjala.fi\/kuukanniemi\/wp-json\/wp\/v2\/pages"}],"about":[{"href":"https:\/\/kylat.ekarjala.fi\/kuukanniemi\/wp-json\/wp\/v2\/types\/page"}],"author":[{"embeddable":true,"href":"https:\/\/kylat.ekarjala.fi\/kuukanniemi\/wp-json\/wp\/v2\/users\/44"}],"replies":[{"embeddable":true,"href":"https:\/\/kylat.ekarjala.fi\/kuukanniemi\/wp-json\/wp\/v2\/comments?post=20"}],"version-history":[{"count":20,"href":"https:\/\/kylat.ekarjala.fi\/kuukanniemi\/wp-json\/wp\/v2\/pages\/20\/revisions"}],"predecessor-version":[{"id":354,"href":"https:\/\/kylat.ekarjala.fi\/kuukanniemi\/wp-json\/wp\/v2\/pages\/20\/revisions\/354"}],"wp:attachment":[{"href":"https:\/\/kylat.ekarjala.fi\/kuukanniemi\/wp-json\/wp\/v2\/media?parent=20"}],"curies":[{"name":"wp","href":"https:\/\/api.w.org\/{rel}","templated":true}]}}