{"id":206,"date":"2012-09-17T11:11:06","date_gmt":"2012-09-17T09:41:06","guid":{"rendered":"https:\/\/kylat.ekarjala.fi\/kuukanniemi\/?page_id=206"},"modified":"2022-06-17T14:10:55","modified_gmt":"2022-06-17T12:40:55","slug":"kuukinkatos-hankejulkaisu","status":"publish","type":"page","link":"https:\/\/kylat.ekarjala.fi\/kuukanniemi\/kuukinkatos-hankejulkaisu\/","title":{"rendered":"KuukinKatos &#8211; saa k\u00e4ytt\u00e4\u00e4"},"content":{"rendered":"<p><a href=\"https:\/\/kylat.ekarjala.fi\/kuukanniemi\/wp-content\/uploads\/sites\/25\/2022\/06\/grillikatos.jpg\"><img loading=\"lazy\" decoding=\"async\" class=\"alignnone wp-image-456 size-medium\" src=\"https:\/\/kylat.ekarjala.fi\/kuukanniemi\/wp-content\/uploads\/sites\/25\/2022\/06\/grillikatos-300x139.jpg\" alt=\"\" width=\"300\" height=\"139\" srcset=\"https:\/\/kylat.ekarjala.fi\/kuukanniemi\/wp-content\/uploads\/sites\/25\/2022\/06\/grillikatos-300x139.jpg 300w, https:\/\/kylat.ekarjala.fi\/kuukanniemi\/wp-content\/uploads\/sites\/25\/2022\/06\/grillikatos-1024x473.jpg 1024w, https:\/\/kylat.ekarjala.fi\/kuukanniemi\/wp-content\/uploads\/sites\/25\/2022\/06\/grillikatos-768x355.jpg 768w, https:\/\/kylat.ekarjala.fi\/kuukanniemi\/wp-content\/uploads\/sites\/25\/2022\/06\/grillikatos.jpg 1385w\" sizes=\"auto, (max-width: 300px) 100vw, 300px\" \/><\/a><\/p>\n<p>Kuukanniemen vanhempainyhdistys on rakentanut ahkerien talkoolaisten voimin katettun nuotiopaikan j\u00e4\u00e4kiekkokaukalon v\u00e4litt\u00f6m\u00e4\u00e4n l\u00e4heisyyteen. KuukinKatoksen on on koko kyl\u00e4n yhteinen ulkoilmaolohuone, josta on n\u00e4pp\u00e4r\u00e4t yhteydet Kuukanniemen kautta kulkeville ulkoilureiteille, ja joka tarjoaa suojan ja<br \/>\nodotustilan urheilukent\u00e4ll\u00e4 harrastaville ryhmille sek\u00e4 retkeilykohteen<br \/>\nesimerkiksi alueen lapsille, nuorille ja varttuneemmalle v\u00e4est\u00f6lle.<\/p>\n<p>K\u00e4yk\u00e4\u00e4 iltalenkill\u00e4 tutustumassa katokseen. Katoksella voi paistaa makkaraa, keitt\u00e4\u00e4 kahvit tms. Polttopuut on tuotava tullessaan, ja roskat huolehdittava roskiksiin.<\/p>\n<p>Mielytt\u00e4vi\u00e4 nuotiohetki\u00e4 KuukinKatoksella toivottaa\u00a0Kuukanniemen Vanhempainyhdistys\u00a0\ud83d\ude42<\/p>\n<p><a href=\"https:\/\/kylat.ekarjala.fi\/kuukanniemi\/wp-content\/uploads\/sites\/25\/2012\/09\/logo_ely_keskus.jpg\"><img loading=\"lazy\" decoding=\"async\" class=\"alignnone size-full wp-image-209\" src=\"https:\/\/kylat.ekarjala.fi\/kuukanniemi\/wp-content\/uploads\/sites\/25\/2012\/09\/logo_ely_keskus.jpg\" alt=\"\" width=\"168\" height=\"56\" \/><\/a><a href=\"https:\/\/kylat.ekarjala.fi\/kuukanniemi\/wp-content\/uploads\/sites\/25\/2012\/09\/logo_Leader1.jpg\"><img loading=\"lazy\" decoding=\"async\" class=\"alignnone size-full wp-image-212\" src=\"https:\/\/kylat.ekarjala.fi\/kuukanniemi\/wp-content\/uploads\/sites\/25\/2012\/09\/logo_Leader1.jpg\" alt=\"\" width=\"56\" height=\"59\" \/><\/a><a href=\"https:\/\/kylat.ekarjala.fi\/kuukanniemi\/wp-content\/uploads\/sites\/25\/2012\/09\/logo_norppa.jpg\"><img loading=\"lazy\" decoding=\"async\" class=\"alignnone size-full wp-image-213\" src=\"https:\/\/kylat.ekarjala.fi\/kuukanniemi\/wp-content\/uploads\/sites\/25\/2012\/09\/logo_norppa.jpg\" alt=\"\" width=\"168\" height=\"62\" \/><\/a><a href=\"https:\/\/kylat.ekarjala.fi\/kuukanniemi\/wp-content\/uploads\/sites\/25\/2012\/09\/logo_EU.jpg\"><img loading=\"lazy\" decoding=\"async\" class=\"alignleft size-full wp-image-210\" src=\"https:\/\/kylat.ekarjala.fi\/kuukanniemi\/wp-content\/uploads\/sites\/25\/2012\/09\/logo_EU.jpg\" alt=\"\" width=\"203\" height=\"29\" \/><\/a><\/p>\n","protected":false},"excerpt":{"rendered":"<p>Kuukanniemen vanhempainyhdistys on rakentanut ahkerien talkoolaisten voimin katettun nuotiopaikan j\u00e4\u00e4kiekkokaukalon v\u00e4litt\u00f6m\u00e4\u00e4n l\u00e4heisyyteen. KuukinKatoksen on on koko kyl\u00e4n yhteinen ulkoilmaolohuone, josta on n\u00e4pp\u00e4r\u00e4t yhteydet Kuukanniemen kautta kulkeville ulkoilureiteille, ja joka tarjoaa suojan ja odotustilan urheilukent\u00e4ll\u00e4 harrastaville ryhmille sek\u00e4 retkeilykohteen esimerkiksi alueen &hellip; <a href=\"https:\/\/kylat.ekarjala.fi\/kuukanniemi\/kuukinkatos-hankejulkaisu\/\">Lue loppuun <span class=\"meta-nav\">&rarr;<\/span><\/a><\/p>\n","protected":false},"author":44,"featured_media":0,"parent":0,"menu_order":0,"comment_status":"closed","ping_status":"open","template":"","meta":{"footnotes":""},"class_list":["post-206","page","type-page","status-publish","hentry"],"_links":{"self":[{"href":"https:\/\/kylat.ekarjala.fi\/kuukanniemi\/wp-json\/wp\/v2\/pages\/206","targetHints":{"allow":["GET"]}}],"collection":[{"href":"https:\/\/kylat.ekarjala.fi\/kuukanniemi\/wp-json\/wp\/v2\/pages"}],"about":[{"href":"https:\/\/kylat.ekarjala.fi\/kuukanniemi\/wp-json\/wp\/v2\/types\/page"}],"author":[{"embeddable":true,"href":"https:\/\/kylat.ekarjala.fi\/kuukanniemi\/wp-json\/wp\/v2\/users\/44"}],"replies":[{"embeddable":true,"href":"https:\/\/kylat.ekarjala.fi\/kuukanniemi\/wp-json\/wp\/v2\/comments?post=206"}],"version-history":[{"count":19,"href":"https:\/\/kylat.ekarjala.fi\/kuukanniemi\/wp-json\/wp\/v2\/pages\/206\/revisions"}],"predecessor-version":[{"id":457,"href":"https:\/\/kylat.ekarjala.fi\/kuukanniemi\/wp-json\/wp\/v2\/pages\/206\/revisions\/457"}],"wp:attachment":[{"href":"https:\/\/kylat.ekarjala.fi\/kuukanniemi\/wp-json\/wp\/v2\/media?parent=206"}],"curies":[{"name":"wp","href":"https:\/\/api.w.org\/{rel}","templated":true}]}}