{"id":22,"date":"2011-09-19T13:43:52","date_gmt":"2011-09-19T13:43:52","guid":{"rendered":"https:\/\/kylat.ekarjala.fi\/kuukanniemi\/?page_id=22"},"modified":"2018-04-29T10:03:53","modified_gmt":"2018-04-29T08:33:53","slug":"vanhempainyhdistys","status":"publish","type":"page","link":"https:\/\/kylat.ekarjala.fi\/kuukanniemi\/vanhempainyhdistys\/","title":{"rendered":"Vanhempainyhdistys"},"content":{"rendered":"<p>Kuukanniemen Vanhempainyhdistys ry toimii erityisesti Kuukanniemen koulun ja p\u00e4iv\u00e4kodin yhteydess\u00e4 ja sen kotipaikka on Lemin kunta.<\/p>\n<p>Olemme\u00a0kes\u00e4ll\u00e4 2006 rekister\u00f6ity yhdistys. Mit\u00e4 useampi meit\u00e4 on, sit\u00e4 enemm\u00e4n voimme vaikuttaa lastemme kasvuymp\u00e4rist\u00f6\u00f6n ja sit\u00e4 paremmin voimme ottaa huomioon erilaiset tarpeet. Pyrimme aktiiviseen vuoropuheluun Lemin kunnan toimijoiden kanssa asioissa, jotka vaikuttavat lastemme nykyisyyteen ja tulevaisuuteen. Sitoutumattomina me voimme olla nostamassa tarpeen mukaisia asioita esille. Jokainen vapaaehtoinen yhdistys kaipaa aina uusia ideoita, toteuttajia, toimijoita, aivan kuten mekin, mutta hengess\u00e4 mukana oleminenkin on t\u00e4rke\u00e4\u00e4. Haluamme osaltamme luoda turvallisen kasvuymp\u00e4rist\u00f6n virikkeineen Kuukanniemen ja l\u00e4hialueen lapsille ja nuorille.<\/p>\n<p>Yhdistyksen tarkoituksena on edist\u00e4\u00e4 kodin ja p\u00e4iv\u00e4kodin sek\u00e4 kodin ja koulun v\u00e4list\u00e4 yhteistoimintaa Lemin kunnassa ja erityisesti Kuukanniemess\u00e4 ja sen l\u00e4hiymp\u00e4rist\u00f6ss\u00e4.<\/p>\n<p>Tahdomme tukea koteja ja kouluja niiden pyrkimyksess\u00e4 luoda lapsille ja nuorille hyv\u00e4 oppimis- ja kasvuymp\u00e4rist\u00f6. Haluamme edist\u00e4\u00e4 lasten ja nuorten tasapainoista ja monipuolista kehityst\u00e4.<\/p>\n<p>Tuomme esille vanhempien kannanottoja koulua ja kasvatusta koskevissa kysymyksiss\u00e4.<\/p>\n<p>Toimimme lasten ja nuorten vanhempien yhteisty\u00f6elimen\u00e4 sek\u00e4 lasten ja nuorten arjen vapaaehtoisena edunvalvojana.<\/p>\n<p>Yhdistyksen varsinaisiksi j\u00e4seniksi voivat liitty\u00e4 Kuukanniemess\u00e4 ja l\u00e4hiymp\u00e4rist\u00f6ss\u00e4 asuvien lasten ja nuorten vanhemmat tai muut huoltajat. Perhej\u00e4seneksi voidaan hyv\u00e4ksy\u00e4 t\u00e4ysi-ik\u00e4inen (18 \u2013vuotta t\u00e4ytt\u00e4nyt) henkil\u00f6, joka asuu samassa taloudessa yhdistyksen varsinaisen j\u00e4senen kanssa. Perhej\u00e4senen oikeudet ovat samat kuin varsinaisella j\u00e4senell\u00e4, mutta h\u00e4n on vapaa j\u00e4senmaksusta.<\/p>\n<p>Yhdistykseen voi liitty\u00e4 my\u00f6s kannatus- tai yhteis\u00f6j\u00e4senen\u00e4. Kaudella 2017-2018 kannatusj\u00e4senten maksu on 20 \u20ac ja yhteis\u00f6j\u00e4senten 50 \u20ac. J\u00e4senhakemukset osoitetaan yhdistyksen hallitukselle hallituksen j\u00e4senien kautta (erillinen lomake), mieluimmin s\u00e4hk\u00f6postilla. Kauden 2017-2018 osalta varsinaisen j\u00e4senen j\u00e4senmaksu on 10 \u20ac.<\/p>\n<p>Tervetuloa mukaan toimintaan!<\/p>\n","protected":false},"excerpt":{"rendered":"<p>Kuukanniemen Vanhempainyhdistys ry toimii erityisesti Kuukanniemen koulun ja p\u00e4iv\u00e4kodin yhteydess\u00e4 ja sen kotipaikka on Lemin kunta. Olemme\u00a0kes\u00e4ll\u00e4 2006 rekister\u00f6ity yhdistys. Mit\u00e4 useampi meit\u00e4 on, sit\u00e4 enemm\u00e4n voimme vaikuttaa lastemme kasvuymp\u00e4rist\u00f6\u00f6n ja sit\u00e4 paremmin voimme ottaa huomioon erilaiset tarpeet. Pyrimme aktiiviseen &hellip; <a href=\"https:\/\/kylat.ekarjala.fi\/kuukanniemi\/vanhempainyhdistys\/\">Lue loppuun <span class=\"meta-nav\">&rarr;<\/span><\/a><\/p>\n","protected":false},"author":44,"featured_media":0,"parent":0,"menu_order":0,"comment_status":"closed","ping_status":"open","template":"","meta":{"footnotes":""},"class_list":["post-22","page","type-page","status-publish","hentry"],"_links":{"self":[{"href":"https:\/\/kylat.ekarjala.fi\/kuukanniemi\/wp-json\/wp\/v2\/pages\/22","targetHints":{"allow":["GET"]}}],"collection":[{"href":"https:\/\/kylat.ekarjala.fi\/kuukanniemi\/wp-json\/wp\/v2\/pages"}],"about":[{"href":"https:\/\/kylat.ekarjala.fi\/kuukanniemi\/wp-json\/wp\/v2\/types\/page"}],"author":[{"embeddable":true,"href":"https:\/\/kylat.ekarjala.fi\/kuukanniemi\/wp-json\/wp\/v2\/users\/44"}],"replies":[{"embeddable":true,"href":"https:\/\/kylat.ekarjala.fi\/kuukanniemi\/wp-json\/wp\/v2\/comments?post=22"}],"version-history":[{"count":6,"href":"https:\/\/kylat.ekarjala.fi\/kuukanniemi\/wp-json\/wp\/v2\/pages\/22\/revisions"}],"predecessor-version":[{"id":440,"href":"https:\/\/kylat.ekarjala.fi\/kuukanniemi\/wp-json\/wp\/v2\/pages\/22\/revisions\/440"}],"wp:attachment":[{"href":"https:\/\/kylat.ekarjala.fi\/kuukanniemi\/wp-json\/wp\/v2\/media?parent=22"}],"curies":[{"name":"wp","href":"https:\/\/api.w.org\/{rel}","templated":true}]}}