{"id":238,"date":"2012-10-23T11:16:05","date_gmt":"2012-10-23T09:46:05","guid":{"rendered":"https:\/\/kylat.ekarjala.fi\/kuukanniemi\/?page_id=238"},"modified":"2012-10-23T11:16:05","modified_gmt":"2012-10-23T09:46:05","slug":"miksi-kuulua-vanhempainyhdistykseen","status":"publish","type":"page","link":"https:\/\/kylat.ekarjala.fi\/kuukanniemi\/vanhempainyhdistys\/miksi-kuulua-vanhempainyhdistykseen\/","title":{"rendered":"Miksi kuulua Vanhempainyhdistykseen?"},"content":{"rendered":"<p>Moni pit\u00e4\u00e4 vanhempainyhdistyst\u00e4 kummajaisena, miksi siihen siis kannattaa kuulua:<\/p>\n<ul>\n<li>yhdess\u00e4 voimme vaikuttaa lastemme elinymp\u00e4rist\u00f6\u00f6n ja siihen kuinka kyl\u00e4\u00e4mme kehitet\u00e4\u00e4n (Kuukanniemen vanhempainyhdistyksell\u00e4 on eritt\u00e4in hyv\u00e4 yhteisty\u00f6 kunnan p\u00e4\u00e4tt\u00e4jien kesken = vaikutuskanava)<\/li>\n<li>yhteisiss\u00e4 tapahtumissa\/toiminnassa tutustumme muihin vanhempiin ja kuukanniemel\u00e4isiin. Yhdess\u00e4 tekeminen on ainakin meid\u00e4n porukassa hauskaa ja rentoa meininki\u00e4<\/li>\n<li>toimintamme on vapaaehtoista, ket\u00e4\u00e4n ei siis pakoteta ottamaan teht\u00e4vi\u00e4, tarjotaan kyll\u00e4kin mutta niist\u00e4 on oikeus kielt\u00e4yty\u00e4.<\/li>\n<li>Toiminnassa voi olla mukana my\u00f6s kuulumatta hallitukseen. Kaikki hallituksen kokoukset ovat avoimia kaikille j\u00e4senillemme, tervetuloa kuuntelemaan mist\u00e4 keskustelemme, edes kerran \ud83d\ude42<\/li>\n<li>opimme tapahtumissa tuntemaan muidenkin lapsia ja opimme lasten toimintatavoista enemm\u00e4n. On helpompi kasvattaa omia lapsia kun tiet\u00e4\u00e4 kuinka lapset toimivat kaveriporukoissa<\/li>\n<li>&#8221;Tarvitaan koko kyl\u00e4 kasvattamaan lasta&#8221; -idea<\/li>\n<li>Yhdess\u00e4 toimimalla saamme aikaan enemm\u00e4n. Hyv\u00e4 esimerkki t\u00e4st\u00e4 on KuukinKatos -grillikatos j\u00e4\u00e4kiekkokaukalon kupeessa.<\/li>\n<\/ul>\n<p>Liitty\u00e4 Kuukanniemen vanhempainyhdistykseen voit esimerkiksi <a href=\"https:\/\/kylat.ekarjala.fi\/kuukanniemi\/vanhempainyhdistys\/jaseneksi\/\">t\u00e4\u00e4lt\u00e4<\/a>.<\/p>\n","protected":false},"excerpt":{"rendered":"<p>Moni pit\u00e4\u00e4 vanhempainyhdistyst\u00e4 kummajaisena, miksi siihen siis kannattaa kuulua: yhdess\u00e4 voimme vaikuttaa lastemme elinymp\u00e4rist\u00f6\u00f6n ja siihen kuinka kyl\u00e4\u00e4mme kehitet\u00e4\u00e4n (Kuukanniemen vanhempainyhdistyksell\u00e4 on eritt\u00e4in hyv\u00e4 yhteisty\u00f6 kunnan p\u00e4\u00e4tt\u00e4jien kesken = vaikutuskanava) yhteisiss\u00e4 tapahtumissa\/toiminnassa tutustumme muihin vanhempiin ja kuukanniemel\u00e4isiin. Yhdess\u00e4 tekeminen on &hellip; <a href=\"https:\/\/kylat.ekarjala.fi\/kuukanniemi\/vanhempainyhdistys\/miksi-kuulua-vanhempainyhdistykseen\/\">Lue loppuun <span class=\"meta-nav\">&rarr;<\/span><\/a><\/p>\n","protected":false},"author":44,"featured_media":0,"parent":22,"menu_order":0,"comment_status":"closed","ping_status":"open","template":"","meta":{"footnotes":""},"class_list":["post-238","page","type-page","status-publish","hentry"],"_links":{"self":[{"href":"https:\/\/kylat.ekarjala.fi\/kuukanniemi\/wp-json\/wp\/v2\/pages\/238","targetHints":{"allow":["GET"]}}],"collection":[{"href":"https:\/\/kylat.ekarjala.fi\/kuukanniemi\/wp-json\/wp\/v2\/pages"}],"about":[{"href":"https:\/\/kylat.ekarjala.fi\/kuukanniemi\/wp-json\/wp\/v2\/types\/page"}],"author":[{"embeddable":true,"href":"https:\/\/kylat.ekarjala.fi\/kuukanniemi\/wp-json\/wp\/v2\/users\/44"}],"replies":[{"embeddable":true,"href":"https:\/\/kylat.ekarjala.fi\/kuukanniemi\/wp-json\/wp\/v2\/comments?post=238"}],"version-history":[{"count":3,"href":"https:\/\/kylat.ekarjala.fi\/kuukanniemi\/wp-json\/wp\/v2\/pages\/238\/revisions"}],"predecessor-version":[{"id":253,"href":"https:\/\/kylat.ekarjala.fi\/kuukanniemi\/wp-json\/wp\/v2\/pages\/238\/revisions\/253"}],"up":[{"embeddable":true,"href":"https:\/\/kylat.ekarjala.fi\/kuukanniemi\/wp-json\/wp\/v2\/pages\/22"}],"wp:attachment":[{"href":"https:\/\/kylat.ekarjala.fi\/kuukanniemi\/wp-json\/wp\/v2\/media?parent=238"}],"curies":[{"name":"wp","href":"https:\/\/api.w.org\/{rel}","templated":true}]}}