{"id":26,"date":"2011-09-19T13:44:31","date_gmt":"2011-09-19T13:44:31","guid":{"rendered":"https:\/\/kylat.ekarjala.fi\/kuukanniemi\/?page_id=26"},"modified":"2017-08-16T14:25:36","modified_gmt":"2017-08-16T12:55:36","slug":"kuukanniemen-koulu","status":"publish","type":"page","link":"https:\/\/kylat.ekarjala.fi\/kuukanniemi\/palvelut\/kuukanniemen-koulu\/","title":{"rendered":"Kuukanniemen koulu"},"content":{"rendered":"<div id=\"attachment_77\" style=\"width: 330px\" class=\"wp-caption alignnone\"><a href=\"https:\/\/kylat.ekarjala.fi\/kuukanniemi\/wp-content\/uploads\/sites\/25\/2011\/09\/koulu.jpg\"><img loading=\"lazy\" decoding=\"async\" aria-describedby=\"caption-attachment-77\" class=\"size-full wp-image-77 \" src=\"https:\/\/kylat.ekarjala.fi\/kuukanniemi\/wp-content\/uploads\/sites\/25\/2011\/09\/koulu.jpg\" alt=\"\" width=\"320\" height=\"240\" \/><\/a><p id=\"caption-attachment-77\" class=\"wp-caption-text\">Muisto Kuukanniemen koulusta<\/p><\/div>\n<p>Kuukanniemen koulu\u00a0valmistui alunperin 1984. Sit\u00e4\u00a0laajennettiin kaksi kertaa elinkaarensa aikana. T\u00e4m\u00e4n Kuukanniemen koulun purkuty\u00f6t alkoi elokuun lopulla 2014, kun koulurakennuksen sis\u00e4ilmaongelmat kasvoivat liian suuriksi.<\/p>\n<p>Kuukanniemen koulun reilut\u00a0100 1-6 luokan oppilasta k\u00e4viv\u00e4t koulua Lemin koulukeskuksessa syksyst\u00e4 2014 kev\u00e4\u00e4seen 2017.<\/p>\n<p>&nbsp;<\/p>\n<div id=\"attachment_79\" style=\"width: 458px\" class=\"wp-caption alignnone\"><a href=\"https:\/\/kylat.ekarjala.fi\/kuukanniemi\/wp-content\/uploads\/sites\/25\/2011\/09\/koulun_siapiha.jpg\"><img loading=\"lazy\" decoding=\"async\" aria-describedby=\"caption-attachment-79\" class=\"size-full wp-image-79 \" title=\"Muisto Kuukanniemen koulusta\" src=\"https:\/\/kylat.ekarjala.fi\/kuukanniemi\/wp-content\/uploads\/sites\/25\/2011\/09\/koulun_siapiha.jpg\" alt=\"\" width=\"448\" height=\"336\" \/><\/a><p id=\"caption-attachment-79\" class=\"wp-caption-text\">Muisto Kuukanniemen koulun sis\u00e4pihalta<\/p><\/div>\n<p>Kes\u00e4ll\u00e4 2017 valmistui Kuukanniemeen uusi koulu luokka-asteille 1-6.<br \/>\nOppilaat p\u00e4\u00e4siv\u00e4t aloittamaan koulutien elokuussa 2017!<\/p>\n<div id=\"attachment_424\" style=\"width: 179px\" class=\"wp-caption alignnone\"><a href=\"https:\/\/kylat.ekarjala.fi\/kuukanniemi\/wp-content\/uploads\/sites\/25\/2011\/09\/Kansikuva_koulu.jpg\"><img loading=\"lazy\" decoding=\"async\" aria-describedby=\"caption-attachment-424\" class=\"wp-image-424 size-medium\" src=\"https:\/\/kylat.ekarjala.fi\/kuukanniemi\/wp-content\/uploads\/sites\/25\/2011\/09\/Kansikuva_koulu-169x300.jpg\" alt=\"\" width=\"169\" height=\"300\" srcset=\"https:\/\/kylat.ekarjala.fi\/kuukanniemi\/wp-content\/uploads\/sites\/25\/2011\/09\/Kansikuva_koulu-169x300.jpg 169w, https:\/\/kylat.ekarjala.fi\/kuukanniemi\/wp-content\/uploads\/sites\/25\/2011\/09\/Kansikuva_koulu.jpg 541w\" sizes=\"auto, (max-width: 169px) 100vw, 169px\" \/><\/a><p id=\"caption-attachment-424\" class=\"wp-caption-text\">Kuukanniemen uusi koulu<\/p><\/div>\n<div id=\"attachment_425\" style=\"width: 310px\" class=\"wp-caption alignnone\"><a href=\"https:\/\/kylat.ekarjala.fi\/kuukanniemi\/wp-content\/uploads\/sites\/25\/2011\/09\/telineet.jpg\"><img loading=\"lazy\" decoding=\"async\" aria-describedby=\"caption-attachment-425\" class=\"wp-image-425 size-medium\" src=\"https:\/\/kylat.ekarjala.fi\/kuukanniemi\/wp-content\/uploads\/sites\/25\/2011\/09\/telineet-300x169.jpg\" alt=\"\" width=\"300\" height=\"169\" srcset=\"https:\/\/kylat.ekarjala.fi\/kuukanniemi\/wp-content\/uploads\/sites\/25\/2011\/09\/telineet-300x169.jpg 300w, https:\/\/kylat.ekarjala.fi\/kuukanniemi\/wp-content\/uploads\/sites\/25\/2011\/09\/telineet-768x433.jpg 768w, https:\/\/kylat.ekarjala.fi\/kuukanniemi\/wp-content\/uploads\/sites\/25\/2011\/09\/telineet-1024x577.jpg 1024w, https:\/\/kylat.ekarjala.fi\/kuukanniemi\/wp-content\/uploads\/sites\/25\/2011\/09\/telineet.jpg 2048w\" sizes=\"auto, (max-width: 300px) 100vw, 300px\" \/><\/a><p id=\"caption-attachment-425\" class=\"wp-caption-text\">Kuukanniemen koulun piha-aluetta<\/p><\/div>\n<p>&nbsp;<\/p>\n<p><a href=\"http:\/\/www.kuukanniemenkoulu.fi\/\"><br \/>\n<\/a>Yhteydenotto koulun opettajiin. kts <a href=\"http:\/\/www.lemi.fi\">www.lemi.fi<\/a><\/p>\n","protected":false},"excerpt":{"rendered":"<p>Kuukanniemen koulu\u00a0valmistui alunperin 1984. Sit\u00e4\u00a0laajennettiin kaksi kertaa elinkaarensa aikana. T\u00e4m\u00e4n Kuukanniemen koulun purkuty\u00f6t alkoi elokuun lopulla 2014, kun koulurakennuksen sis\u00e4ilmaongelmat kasvoivat liian suuriksi. Kuukanniemen koulun reilut\u00a0100 1-6 luokan oppilasta k\u00e4viv\u00e4t koulua Lemin koulukeskuksessa syksyst\u00e4 2014 kev\u00e4\u00e4seen 2017. &nbsp; Kes\u00e4ll\u00e4 2017 &hellip; <a href=\"https:\/\/kylat.ekarjala.fi\/kuukanniemi\/palvelut\/kuukanniemen-koulu\/\">Lue loppuun <span class=\"meta-nav\">&rarr;<\/span><\/a><\/p>\n","protected":false},"author":44,"featured_media":0,"parent":24,"menu_order":0,"comment_status":"closed","ping_status":"open","template":"","meta":{"footnotes":""},"class_list":["post-26","page","type-page","status-publish","hentry"],"_links":{"self":[{"href":"https:\/\/kylat.ekarjala.fi\/kuukanniemi\/wp-json\/wp\/v2\/pages\/26","targetHints":{"allow":["GET"]}}],"collection":[{"href":"https:\/\/kylat.ekarjala.fi\/kuukanniemi\/wp-json\/wp\/v2\/pages"}],"about":[{"href":"https:\/\/kylat.ekarjala.fi\/kuukanniemi\/wp-json\/wp\/v2\/types\/page"}],"author":[{"embeddable":true,"href":"https:\/\/kylat.ekarjala.fi\/kuukanniemi\/wp-json\/wp\/v2\/users\/44"}],"replies":[{"embeddable":true,"href":"https:\/\/kylat.ekarjala.fi\/kuukanniemi\/wp-json\/wp\/v2\/comments?post=26"}],"version-history":[{"count":20,"href":"https:\/\/kylat.ekarjala.fi\/kuukanniemi\/wp-json\/wp\/v2\/pages\/26\/revisions"}],"predecessor-version":[{"id":427,"href":"https:\/\/kylat.ekarjala.fi\/kuukanniemi\/wp-json\/wp\/v2\/pages\/26\/revisions\/427"}],"up":[{"embeddable":true,"href":"https:\/\/kylat.ekarjala.fi\/kuukanniemi\/wp-json\/wp\/v2\/pages\/24"}],"wp:attachment":[{"href":"https:\/\/kylat.ekarjala.fi\/kuukanniemi\/wp-json\/wp\/v2\/media?parent=26"}],"curies":[{"name":"wp","href":"https:\/\/api.w.org\/{rel}","templated":true}]}}