{"id":282,"date":"2013-01-24T10:56:20","date_gmt":"2013-01-24T09:26:20","guid":{"rendered":"https:\/\/kylat.ekarjala.fi\/kuukanniemi\/?page_id=282"},"modified":"2015-09-03T05:45:52","modified_gmt":"2015-09-03T04:15:52","slug":"kauppa","status":"publish","type":"page","link":"https:\/\/kylat.ekarjala.fi\/kuukanniemi\/palvelut\/kauppa\/","title":{"rendered":"Kauppa"},"content":{"rendered":"<p>Kuukanniemess\u00e4 toimii Sale aivan Mikkelintien ja Raikulitien risteyksess\u00e4. Kaupan yhteydess\u00e4 on my\u00f6s mittarikentt\u00e4, josta k\u00e4tev\u00e4sti tankkaat kulkuv\u00e4lineesi. Parkkipaikan laidalla on ker\u00e4yspiste mm. papereille ja kartongeille.<\/p>\n<p>Sale Kuukanniemi<br \/>\nRaikulitie 1, Kuukanniemi<br \/>\nPuh. 010 762 0926<\/p>\n<p><a href=\"http:\/\/aukioloajat.com\/kuukanniemi\/ruokakaupat\/636753873\">Sale Kuukanniemen aukioloajat<\/a><\/p>\n","protected":false},"excerpt":{"rendered":"<p>Kuukanniemess\u00e4 toimii Sale aivan Mikkelintien ja Raikulitien risteyksess\u00e4. Kaupan yhteydess\u00e4 on my\u00f6s mittarikentt\u00e4, josta k\u00e4tev\u00e4sti tankkaat kulkuv\u00e4lineesi. Parkkipaikan laidalla on ker\u00e4yspiste mm. papereille ja kartongeille. Sale Kuukanniemi Raikulitie 1, Kuukanniemi Puh. 010 762 0926 Sale Kuukanniemen aukioloajat<\/p>\n","protected":false},"author":44,"featured_media":0,"parent":24,"menu_order":0,"comment_status":"closed","ping_status":"open","template":"","meta":{"footnotes":""},"class_list":["post-282","page","type-page","status-publish","hentry"],"_links":{"self":[{"href":"https:\/\/kylat.ekarjala.fi\/kuukanniemi\/wp-json\/wp\/v2\/pages\/282","targetHints":{"allow":["GET"]}}],"collection":[{"href":"https:\/\/kylat.ekarjala.fi\/kuukanniemi\/wp-json\/wp\/v2\/pages"}],"about":[{"href":"https:\/\/kylat.ekarjala.fi\/kuukanniemi\/wp-json\/wp\/v2\/types\/page"}],"author":[{"embeddable":true,"href":"https:\/\/kylat.ekarjala.fi\/kuukanniemi\/wp-json\/wp\/v2\/users\/44"}],"replies":[{"embeddable":true,"href":"https:\/\/kylat.ekarjala.fi\/kuukanniemi\/wp-json\/wp\/v2\/comments?post=282"}],"version-history":[{"count":6,"href":"https:\/\/kylat.ekarjala.fi\/kuukanniemi\/wp-json\/wp\/v2\/pages\/282\/revisions"}],"predecessor-version":[{"id":395,"href":"https:\/\/kylat.ekarjala.fi\/kuukanniemi\/wp-json\/wp\/v2\/pages\/282\/revisions\/395"}],"up":[{"embeddable":true,"href":"https:\/\/kylat.ekarjala.fi\/kuukanniemi\/wp-json\/wp\/v2\/pages\/24"}],"wp:attachment":[{"href":"https:\/\/kylat.ekarjala.fi\/kuukanniemi\/wp-json\/wp\/v2\/media?parent=282"}],"curies":[{"name":"wp","href":"https:\/\/api.w.org\/{rel}","templated":true}]}}