{"id":30,"date":"2011-09-19T13:45:12","date_gmt":"2011-09-19T13:45:12","guid":{"rendered":"https:\/\/kylat.ekarjala.fi\/kuukanniemi\/?page_id=30"},"modified":"2013-11-22T12:22:40","modified_gmt":"2013-11-22T10:52:40","slug":"kuukanniemen-paivakoti","status":"publish","type":"page","link":"https:\/\/kylat.ekarjala.fi\/kuukanniemi\/palvelut\/kuukanniemen-paivakoti\/","title":{"rendered":"Kuukanniemen p\u00e4iv\u00e4koti"},"content":{"rendered":"<p><strong>P\u00e4iv\u00e4kodin esittely<\/strong><br \/>\nOravanpes\u00e4n p\u00e4iv\u00e4koti on aloittanut toimintansa kev\u00e4\u00e4ll\u00e4 2007. P\u00e4iv\u00e4kodissa toimii kolme ryhm\u00e4\u00e4:<\/p>\n<ul>\n<li>Kissank\u00e4p\u00e4l\u00e4ss\u00e4 on p\u00e4iv\u00e4hoidossa alle 4 vuotiaat lapset<\/li>\n<li>Mets\u00e4t\u00e4hdess\u00e4 on 4-5 vuotiaat lapset (sek\u00e4 6-vuotiaat eskarin toiminta-aikojen ulkopuolella)<\/li>\n<li>Aapiskukko on 6-vuotiaiden esiopetusryhm\u00e4<\/li>\n<\/ul>\n<p>Kuukanniemen l\u00e4heisyydess\u00e4 toimii my\u00f6s 2013 valmistunut Iiti\u00e4n p\u00e4iv\u00e4koti. P\u00e4iv\u00e4kotien yhteystiedot ja aukioloajat l\u00f6yd\u00e4t Lemin kunnan sivuilta, Varhaiskasvatus alasivun alta<br \/>\n<strong><\/strong><\/p>\n<p><strong>Kuukanniemen p\u00e4iv\u00e4kodin yhteystiedot<\/strong><br \/>\nOsoite:<br \/>\nP\u00e4iv\u00e4koti Oravanpes\u00e4<br \/>\nJuvolantie 409<br \/>\n54850 KUUKANNIEMI<\/p>\n<p>Puhelinnumerot Oravanpes\u00e4n lastenhoitoryhmiin<\/p>\n<p>Kissank\u00e4p\u00e4l\u00e4 : puh 040-3524006<br \/>\nMets\u00e4t\u00e4hti : puh 040 3524008<br \/>\nAapiskukon<br \/>\nesikoulu : puh 0400-375498<br \/>\nkeitti\u00f6 \u2013 puh: 0400-374968<\/p>\n<p>Tavoitteet ja toiminta<br \/>\nP\u00e4iv\u00e4kodin tavoitteena on yhteisty\u00f6ss\u00e4 vanhempien kanssa tukea lapsen yksil\u00f6llist\u00e4 kasvua ja kehityst\u00e4. Lapsen kehityksen ja oppimisen tukeminen tapahtuu leikin avulla. Viikoittaiseen ohjelmaan kuuluu mm. satuja, askartelua, laulua, liikuntaa sek\u00e4 erilaisia pelej\u00e4 ja leikkej\u00e4. Ryhmien viikko-ohjelmat ovat n\u00e4ht\u00e4vill\u00e4 ryhm\u00e4n ilmoitustaulula.<\/p>\n<p>Toiminnan pohjana on L\u00e4nsi-Saimaan kuntien yhteinen\u00a0 varhaiskasvatussuunnitelma (VASU). Vasu on laadittu valtakunnallisten perusteiden ja linjausten mukaisesti.<\/p>\n","protected":false},"excerpt":{"rendered":"<p>P\u00e4iv\u00e4kodin esittely Oravanpes\u00e4n p\u00e4iv\u00e4koti on aloittanut toimintansa kev\u00e4\u00e4ll\u00e4 2007. P\u00e4iv\u00e4kodissa toimii kolme ryhm\u00e4\u00e4: Kissank\u00e4p\u00e4l\u00e4ss\u00e4 on p\u00e4iv\u00e4hoidossa alle 4 vuotiaat lapset Mets\u00e4t\u00e4hdess\u00e4 on 4-5 vuotiaat lapset (sek\u00e4 6-vuotiaat eskarin toiminta-aikojen ulkopuolella) Aapiskukko on 6-vuotiaiden esiopetusryhm\u00e4 Kuukanniemen l\u00e4heisyydess\u00e4 toimii my\u00f6s 2013 valmistunut &hellip; <a href=\"https:\/\/kylat.ekarjala.fi\/kuukanniemi\/palvelut\/kuukanniemen-paivakoti\/\">Lue loppuun <span class=\"meta-nav\">&rarr;<\/span><\/a><\/p>\n","protected":false},"author":44,"featured_media":0,"parent":24,"menu_order":0,"comment_status":"closed","ping_status":"open","template":"","meta":{"footnotes":""},"class_list":["post-30","page","type-page","status-publish","hentry"],"_links":{"self":[{"href":"https:\/\/kylat.ekarjala.fi\/kuukanniemi\/wp-json\/wp\/v2\/pages\/30","targetHints":{"allow":["GET"]}}],"collection":[{"href":"https:\/\/kylat.ekarjala.fi\/kuukanniemi\/wp-json\/wp\/v2\/pages"}],"about":[{"href":"https:\/\/kylat.ekarjala.fi\/kuukanniemi\/wp-json\/wp\/v2\/types\/page"}],"author":[{"embeddable":true,"href":"https:\/\/kylat.ekarjala.fi\/kuukanniemi\/wp-json\/wp\/v2\/users\/44"}],"replies":[{"embeddable":true,"href":"https:\/\/kylat.ekarjala.fi\/kuukanniemi\/wp-json\/wp\/v2\/comments?post=30"}],"version-history":[{"count":9,"href":"https:\/\/kylat.ekarjala.fi\/kuukanniemi\/wp-json\/wp\/v2\/pages\/30\/revisions"}],"predecessor-version":[{"id":299,"href":"https:\/\/kylat.ekarjala.fi\/kuukanniemi\/wp-json\/wp\/v2\/pages\/30\/revisions\/299"}],"up":[{"embeddable":true,"href":"https:\/\/kylat.ekarjala.fi\/kuukanniemi\/wp-json\/wp\/v2\/pages\/24"}],"wp:attachment":[{"href":"https:\/\/kylat.ekarjala.fi\/kuukanniemi\/wp-json\/wp\/v2\/media?parent=30"}],"curies":[{"name":"wp","href":"https:\/\/api.w.org\/{rel}","templated":true}]}}