{"id":36,"date":"2011-09-19T13:45:46","date_gmt":"2011-09-19T13:45:46","guid":{"rendered":"https:\/\/kylat.ekarjala.fi\/kuukanniemi\/?page_id=36"},"modified":"2017-08-16T14:26:53","modified_gmt":"2017-08-16T12:56:53","slug":"lamppari","status":"publish","type":"page","link":"https:\/\/kylat.ekarjala.fi\/kuukanniemi\/palvelut\/lamppari\/","title":{"rendered":"L\u00e4mpp\u00e4ri"},"content":{"rendered":"<p>Kuukanniemen nuorisotila L\u00e4mpp\u00e4ri<br \/>\nRaikulitie 35<br \/>\n54850 Kuukanniemi<br \/>\nNuoriso-ohjaaja Ville Rautiainen<\/p>\n<p>Kuukanniemen taajamassa sijaitseva n. 54m\u00b2 nuorisotila.<\/p>\n<p>&nbsp;<\/p>\n","protected":false},"excerpt":{"rendered":"<p>Kuukanniemen nuorisotila L\u00e4mpp\u00e4ri Raikulitie 35 54850 Kuukanniemi Nuoriso-ohjaaja Ville Rautiainen Kuukanniemen taajamassa sijaitseva n. 54m\u00b2 nuorisotila. &nbsp;<\/p>\n","protected":false},"author":44,"featured_media":0,"parent":24,"menu_order":0,"comment_status":"closed","ping_status":"open","template":"","meta":{"footnotes":""},"class_list":["post-36","page","type-page","status-publish","hentry"],"_links":{"self":[{"href":"https:\/\/kylat.ekarjala.fi\/kuukanniemi\/wp-json\/wp\/v2\/pages\/36","targetHints":{"allow":["GET"]}}],"collection":[{"href":"https:\/\/kylat.ekarjala.fi\/kuukanniemi\/wp-json\/wp\/v2\/pages"}],"about":[{"href":"https:\/\/kylat.ekarjala.fi\/kuukanniemi\/wp-json\/wp\/v2\/types\/page"}],"author":[{"embeddable":true,"href":"https:\/\/kylat.ekarjala.fi\/kuukanniemi\/wp-json\/wp\/v2\/users\/44"}],"replies":[{"embeddable":true,"href":"https:\/\/kylat.ekarjala.fi\/kuukanniemi\/wp-json\/wp\/v2\/comments?post=36"}],"version-history":[{"count":8,"href":"https:\/\/kylat.ekarjala.fi\/kuukanniemi\/wp-json\/wp\/v2\/pages\/36\/revisions"}],"predecessor-version":[{"id":428,"href":"https:\/\/kylat.ekarjala.fi\/kuukanniemi\/wp-json\/wp\/v2\/pages\/36\/revisions\/428"}],"up":[{"embeddable":true,"href":"https:\/\/kylat.ekarjala.fi\/kuukanniemi\/wp-json\/wp\/v2\/pages\/24"}],"wp:attachment":[{"href":"https:\/\/kylat.ekarjala.fi\/kuukanniemi\/wp-json\/wp\/v2\/media?parent=36"}],"curies":[{"name":"wp","href":"https:\/\/api.w.org\/{rel}","templated":true}]}}