{"id":42,"date":"2011-09-19T13:46:28","date_gmt":"2011-09-19T13:46:28","guid":{"rendered":"https:\/\/kylat.ekarjala.fi\/kuukanniemi\/?page_id=42"},"modified":"2011-09-19T13:58:22","modified_gmt":"2011-09-19T13:58:22","slug":"matonpesupaikka","status":"publish","type":"page","link":"https:\/\/kylat.ekarjala.fi\/kuukanniemi\/palvelut\/matonpesupaikka\/","title":{"rendered":"Matonpesupaikka"},"content":{"rendered":"<p><strong>Mattojen pesupaikka, siirtynyt kaukalon viereen<\/strong><\/p>\n<p>J\u00e4\u00e4kiekkokaukalon vieress\u00e4 sijaitsee kunnan rakentama mattojen pesupaikka. Paikka on tarkoitettu kaikille kuntalaisille. Nelj\u00e4n pienemm\u00e4n ja yhden isomman maton pesupaikalla on runsaasti mattojen valutustelineit\u00e4.<\/p>\n","protected":false},"excerpt":{"rendered":"<p>Mattojen pesupaikka, siirtynyt kaukalon viereen J\u00e4\u00e4kiekkokaukalon vieress\u00e4 sijaitsee kunnan rakentama mattojen pesupaikka. Paikka on tarkoitettu kaikille kuntalaisille. Nelj\u00e4n pienemm\u00e4n ja yhden isomman maton pesupaikalla on runsaasti mattojen valutustelineit\u00e4.<\/p>\n","protected":false},"author":44,"featured_media":0,"parent":24,"menu_order":0,"comment_status":"closed","ping_status":"open","template":"","meta":{"footnotes":""},"class_list":["post-42","page","type-page","status-publish","hentry"],"_links":{"self":[{"href":"https:\/\/kylat.ekarjala.fi\/kuukanniemi\/wp-json\/wp\/v2\/pages\/42","targetHints":{"allow":["GET"]}}],"collection":[{"href":"https:\/\/kylat.ekarjala.fi\/kuukanniemi\/wp-json\/wp\/v2\/pages"}],"about":[{"href":"https:\/\/kylat.ekarjala.fi\/kuukanniemi\/wp-json\/wp\/v2\/types\/page"}],"author":[{"embeddable":true,"href":"https:\/\/kylat.ekarjala.fi\/kuukanniemi\/wp-json\/wp\/v2\/users\/44"}],"replies":[{"embeddable":true,"href":"https:\/\/kylat.ekarjala.fi\/kuukanniemi\/wp-json\/wp\/v2\/comments?post=42"}],"version-history":[{"count":2,"href":"https:\/\/kylat.ekarjala.fi\/kuukanniemi\/wp-json\/wp\/v2\/pages\/42\/revisions"}],"predecessor-version":[{"id":54,"href":"https:\/\/kylat.ekarjala.fi\/kuukanniemi\/wp-json\/wp\/v2\/pages\/42\/revisions\/54"}],"up":[{"embeddable":true,"href":"https:\/\/kylat.ekarjala.fi\/kuukanniemi\/wp-json\/wp\/v2\/pages\/24"}],"wp:attachment":[{"href":"https:\/\/kylat.ekarjala.fi\/kuukanniemi\/wp-json\/wp\/v2\/media?parent=42"}],"curies":[{"name":"wp","href":"https:\/\/api.w.org\/{rel}","templated":true}]}}