{"id":6,"date":"2011-09-19T13:35:21","date_gmt":"2011-09-19T13:35:21","guid":{"rendered":"https:\/\/kylat.ekarjala.fi\/kuukanniemi\/?page_id=6"},"modified":"2022-06-17T14:02:34","modified_gmt":"2022-06-17T12:32:34","slug":"etusivu","status":"publish","type":"page","link":"https:\/\/kylat.ekarjala.fi\/kuukanniemi\/","title":{"rendered":".Kuukanniemi."},"content":{"rendered":"<p><strong>Kuukanniemi on viihtyis\u00e4 maalaistaajama<\/strong><\/p>\n<p>Kuukanniemess\u00e4 on upeat ulkoilumaastot harjujen ja vesist\u00f6jen \u00e4\u00e4rell\u00e4. Kotaj\u00e4rvi ylettyy aivan Kuukanniemen taajamaan, jossa sijaitsee my\u00f6s kunnan yleinen uimaranta sek\u00e4 veneranta. Tallisenlampi on taajaman pohjoispuolella, harjujen juurella. Kuukanniemess\u00e4 yhdistyv\u00e4t luonto ja palvelut. Lapsille turvallinen ymp\u00e4rist\u00f6 tarjoaa mm. p\u00e4iv\u00e4kodin, alakoulun sek\u00e4 nuorisotila L\u00e4mpp\u00e4rin.<\/p>\n<div id='gallery-1' class='gallery galleryid-6 gallery-columns-3 gallery-size-thumbnail'><dl class='gallery-item'>\n\t\t\t<dt class='gallery-icon landscape'>\n\t\t\t\t<a href='https:\/\/kylat.ekarjala.fi\/kuukanniemi\/wp-content\/uploads\/sites\/25\/2011\/09\/etusivun-kuva.jpg'><img loading=\"lazy\" decoding=\"async\" width=\"150\" height=\"113\" src=\"https:\/\/kylat.ekarjala.fi\/kuukanniemi\/wp-content\/uploads\/sites\/25\/2011\/09\/etusivun-kuva.jpg\" class=\"attachment-thumbnail size-thumbnail\" alt=\"\" aria-describedby=\"gallery-1-7\" \/><\/a>\n\t\t\t<\/dt>\n\t\t\t\t<dd class='wp-caption-text gallery-caption' id='gallery-1-7'>\n\t\t\t\tKotaj\u00e4rvi syksyll\u00e4\n\t\t\t\t<\/dd><\/dl><dl class='gallery-item'>\n\t\t\t<dt class='gallery-icon landscape'>\n\t\t\t\t<a href='https:\/\/kylat.ekarjala.fi\/kuukanniemi\/wp-content\/uploads\/sites\/25\/2011\/09\/etusivun-kuva2.jpg'><img loading=\"lazy\" decoding=\"async\" width=\"150\" height=\"100\" src=\"https:\/\/kylat.ekarjala.fi\/kuukanniemi\/wp-content\/uploads\/sites\/25\/2011\/09\/etusivun-kuva2.jpg\" class=\"attachment-thumbnail size-thumbnail\" alt=\"\" aria-describedby=\"gallery-1-8\" \/><\/a>\n\t\t\t<\/dt>\n\t\t\t\t<dd class='wp-caption-text gallery-caption' id='gallery-1-8'>\n\t\t\t\tKotaj\u00e4rvi syksyll\u00e4\n\t\t\t\t<\/dd><\/dl><dl class='gallery-item'>\n\t\t\t<dt class='gallery-icon landscape'>\n\t\t\t\t<a href='https:\/\/kylat.ekarjala.fi\/kuukanniemi\/wp-content\/uploads\/sites\/25\/2011\/09\/etusivun-kuva3.jpg'><img loading=\"lazy\" decoding=\"async\" width=\"150\" height=\"72\" src=\"https:\/\/kylat.ekarjala.fi\/kuukanniemi\/wp-content\/uploads\/sites\/25\/2011\/09\/etusivun-kuva3.jpg\" class=\"attachment-thumbnail size-thumbnail\" alt=\"\" aria-describedby=\"gallery-1-9\" \/><\/a>\n\t\t\t<\/dt>\n\t\t\t\t<dd class='wp-caption-text gallery-caption' id='gallery-1-9'>\n\t\t\t\tKuva Riihipellon alueelta\n\t\t\t\t<\/dd><\/dl><br style=\"clear: both\" \/>\n\t\t<\/div>\n\n","protected":false},"excerpt":{"rendered":"<p>Kuukanniemi on viihtyis\u00e4 maalaistaajama Kuukanniemess\u00e4 on upeat ulkoilumaastot harjujen ja vesist\u00f6jen \u00e4\u00e4rell\u00e4. Kotaj\u00e4rvi ylettyy aivan Kuukanniemen taajamaan, jossa sijaitsee my\u00f6s kunnan yleinen uimaranta sek\u00e4 veneranta. Tallisenlampi on taajaman pohjoispuolella, harjujen juurella. Kuukanniemess\u00e4 yhdistyv\u00e4t luonto ja palvelut. Lapsille turvallinen ymp\u00e4rist\u00f6 tarjoaa &hellip; <a href=\"https:\/\/kylat.ekarjala.fi\/kuukanniemi\/\">Lue loppuun <span class=\"meta-nav\">&rarr;<\/span><\/a><\/p>\n","protected":false},"author":44,"featured_media":0,"parent":0,"menu_order":0,"comment_status":"closed","ping_status":"closed","template":"","meta":{"footnotes":""},"class_list":["post-6","page","type-page","status-publish","hentry"],"_links":{"self":[{"href":"https:\/\/kylat.ekarjala.fi\/kuukanniemi\/wp-json\/wp\/v2\/pages\/6","targetHints":{"allow":["GET"]}}],"collection":[{"href":"https:\/\/kylat.ekarjala.fi\/kuukanniemi\/wp-json\/wp\/v2\/pages"}],"about":[{"href":"https:\/\/kylat.ekarjala.fi\/kuukanniemi\/wp-json\/wp\/v2\/types\/page"}],"author":[{"embeddable":true,"href":"https:\/\/kylat.ekarjala.fi\/kuukanniemi\/wp-json\/wp\/v2\/users\/44"}],"replies":[{"embeddable":true,"href":"https:\/\/kylat.ekarjala.fi\/kuukanniemi\/wp-json\/wp\/v2\/comments?post=6"}],"version-history":[{"count":19,"href":"https:\/\/kylat.ekarjala.fi\/kuukanniemi\/wp-json\/wp\/v2\/pages\/6\/revisions"}],"predecessor-version":[{"id":451,"href":"https:\/\/kylat.ekarjala.fi\/kuukanniemi\/wp-json\/wp\/v2\/pages\/6\/revisions\/451"}],"wp:attachment":[{"href":"https:\/\/kylat.ekarjala.fi\/kuukanniemi\/wp-json\/wp\/v2\/media?parent=6"}],"curies":[{"name":"wp","href":"https:\/\/api.w.org\/{rel}","templated":true}]}}