{"id":542,"date":"2018-11-27T09:17:28","date_gmt":"2018-11-27T07:17:28","guid":{"rendered":"https:\/\/kylat.ekarjala.fi\/kuusimaki-kourula-lavola\/services\/"},"modified":"2025-12-16T11:31:56","modified_gmt":"2025-12-16T09:31:56","slug":"tapahtumat","status":"publish","type":"page","link":"https:\/\/kylat.ekarjala.fi\/kuusimaki-kourula-lavola\/tapahtumat\/","title":{"rendered":"Tapahtumat"},"content":{"rendered":"\t\t<div data-elementor-type=\"wp-post\" data-elementor-id=\"542\" class=\"elementor elementor-542\" data-elementor-post-type=\"page\">\n\t\t\t\t\t\t<section class=\"elementor-section elementor-top-section elementor-element elementor-element-61032d7 elementor-section-boxed elementor-section-height-default elementor-section-height-default\" data-id=\"61032d7\" data-element_type=\"section\" data-e-type=\"section\">\n\t\t\t\t\t\t<div class=\"elementor-container elementor-column-gap-default\">\n\t\t\t\t\t<div class=\"elementor-column elementor-col-100 elementor-top-column elementor-element elementor-element-69436aff\" data-id=\"69436aff\" data-element_type=\"column\" data-e-type=\"column\">\n\t\t\t<div class=\"elementor-widget-wrap elementor-element-populated\">\n\t\t\t\t\t\t<div class=\"elementor-element elementor-element-b875b34 elementor-widget elementor-widget-text-editor\" data-id=\"b875b34\" data-element_type=\"widget\" data-e-type=\"widget\" data-widget_type=\"text-editor.default\">\n\t\t\t\t<div class=\"elementor-widget-container\">\n\t\t\t\t\t\t\t\t\t<h2>Tulevat tapahtumat<\/h2>\n<p><strong>Tapaamisiin:\u00a0\u00a0<\/strong>Seniori-ik\u00e4isten vapaamuotoinen keskustelutilaisuus joka keskiviikko klo 14:30-15:30, Kes\u00e4m\u00e4en Leipomon kahvio, Karankokatu 3, Lappeenranta.\u00a0\u00a0Tilaisuudessa jutellaan niit\u00e4 n\u00e4it\u00e4 omakustanteisen kahvi- tai teekupin \u00e4\u00e4ress\u00e4 Kes\u00e4m\u00e4en leipomon kahvilassa. Hiljaakin saa olla ja vain kuunnella, mit\u00e4 muilla on sanottavaa.<br class=\"html-br\" \/>Kes\u00e4isin tehd\u00e4\u00e4n kimppakyydeill\u00e4 retki\u00e4 l\u00e4hialueille.<br class=\"html-br\" \/>Tervetuloa mukaan!\u00a0<\/p>\n<p><img fetchpriority=\"high\" decoding=\"async\" src=\"https:\/\/kylat.ekarjala.fi\/kuusimaki-kourula-lavola\/wp-content\/uploads\/sites\/89\/2023\/03\/20230125_150018.jpg\" alt=\"\" width=\"1024\" height=\"395\" \/><\/p>\n\n<div class=\"wp-block-uagb-info-box uagb-block-6b216653 uagb-infobox__content-wrap  uagb-infobox-icon-above-title uagb-infobox-image-valign-top\">\n<div class=\"uagb-ifb-content\">\n<div class=\"uagb-ifb-icon-wrap\">\u00a0<\/div>\n<div class=\"uagb-ifb-title-wrap\">\n<h3 class=\"uagb-ifb-title\"><span style=\"font-size: 16px\">VOIMA- JA TASAPAINOHARJOITTELU JATKUU torstaisin klo 14 9.10.2025 alkaen.<\/span><\/h3>\n<\/div>\n<p class=\"uagb-ifb-desc\">Ritva Taskula vet\u00e4\u00e4 senioreiden liikuntatuokion Kourulan palloiluhallin yl\u00e4tasolla torstaisin.\u00a0 Joulutauko 18.12. j\u00e4lkeen, jumppa jatkuu taas 8.1. &#8211; 2.4.2026.<br \/>Ota mukaan sis\u00e4liikuntakeng\u00e4t tai muut napakasti istuvat sis\u00e4jalkineet, sek\u00e4 jumppamatto, jos sellaisen omistat.<br \/>Huom. Huolehdimme turvav\u00e4leist\u00e4 &#8211; eth\u00e4n tule flunssaoireisena paikalle.<br \/>Sis\u00e4\u00e4nk\u00e4ynti palloiluhallin alaovesta, Kuusim\u00e4en koulua vastap\u00e4\u00e4t\u00e4.<br \/><br \/>KIMPPAK\u00c4VELYT jatkuvat maanantaisin klo 10 12.1.2026 alkaen.<br \/>Kokoontuminen Kourulan palloiluhallin sis\u00e4\u00e4nk\u00e4ynnille; Kuusim\u00e4en koulun puolelle.<\/p>\n<\/div>\n<\/div>\n\n<div class=\"wp-block-uagb-image uagb-block-3fc2e418 wp-block-uagb-image--layout-default wp-block-uagb-image--effect-static wp-block-uagb-image--align-none\">\n<figure class=\"wp-block-uagb-image__figure\"><img decoding=\"async\" class=\"uag-image-924\" title=\"\" role=\"img\" src=\"https:\/\/kylat.ekarjala.fi\/kuusimaki-kourula-lavola\/wp-content\/uploads\/sites\/89\/2023\/03\/20230330-Seniorijumppaajat-II-Ritva-Taskula-1024x768.jpg\" alt=\"\" width=\"1024\" height=\"768\" \/><\/figure>\n<\/div>\n\t\t\t\t\t\t\t\t<\/div>\n\t\t\t\t<\/div>\n\t\t\t\t\t<\/div>\n\t\t<\/div>\n\t\t\t\t\t<\/div>\n\t\t<\/section>\n\t\t\t\t<\/div>\n\t\t","protected":false},"excerpt":{"rendered":"<p>Tulevat tapahtumat Tapaamisiin:\u00a0\u00a0Seniori-ik\u00e4isten vapaamuotoinen keskustelutilaisuus joka keskiviikko klo 14:30-15:30, Kes\u00e4m\u00e4en Leipomon kahvio, Karankokatu 3, Lappeenranta.\u00a0\u00a0Tilaisuudessa jutellaan niit\u00e4 n\u00e4it\u00e4 omakustanteisen kahvi- tai teekupin \u00e4\u00e4ress\u00e4 Kes\u00e4m\u00e4en leipomon kahvilassa. Hiljaakin saa olla ja vain kuunnella, mit\u00e4 muilla on sanottavaa.Kes\u00e4isin tehd\u00e4\u00e4n kimppakyydeill\u00e4 retki\u00e4 l\u00e4hialueille.Tervetuloa mukaan!\u00a0<\/p>\n","protected":false},"author":175,"featured_media":0,"parent":0,"menu_order":0,"comment_status":"closed","ping_status":"closed","template":"","meta":{"_uag_custom_page_level_css":"","site-sidebar-layout":"no-sidebar","site-content-layout":"page-builder","ast-site-content-layout":"full-width-container","site-content-style":"unboxed","site-sidebar-style":"unboxed","ast-global-header-display":"","ast-banner-title-visibility":"","ast-main-header-display":"","ast-hfb-above-header-display":"","ast-hfb-below-header-display":"","ast-hfb-mobile-header-display":"","site-post-title":"disabled","ast-breadcrumbs-content":"","ast-featured-img":"disabled","footer-sml-layout":"","ast-disable-related-posts":"","theme-transparent-header-meta":"enabled","adv-header-id-meta":"","stick-header-meta":"","header-above-stick-meta":"","header-main-stick-meta":"","header-below-stick-meta":"","astra-migrate-meta-layouts":"set","ast-page-background-enabled":"default","ast-page-background-meta":{"desktop":{"background-color":"","background-image":"","background-repeat":"repeat","background-position":"center center","background-size":"auto","background-attachment":"scroll","background-type":"","background-media":"","overlay-type":"","overlay-color":"","overlay-opacity":"","overlay-gradient":""},"tablet":{"background-color":"","background-image":"","background-repeat":"repeat","background-position":"center center","background-size":"auto","background-attachment":"scroll","background-type":"","background-media":"","overlay-type":"","overlay-color":"","overlay-opacity":"","overlay-gradient":""},"mobile":{"background-color":"","background-image":"","background-repeat":"repeat","background-position":"center center","background-size":"auto","background-attachment":"scroll","background-type":"","background-media":"","overlay-type":"","overlay-color":"","overlay-opacity":"","overlay-gradient":""}},"ast-content-background-meta":{"desktop":{"background-color":"var(--ast-global-color-5)","background-image":"","background-repeat":"repeat","background-position":"center center","background-size":"auto","background-attachment":"scroll","background-type":"","background-media":"","overlay-type":"","overlay-color":"","overlay-opacity":"","overlay-gradient":""},"tablet":{"background-color":"var(--ast-global-color-5)","background-image":"","background-repeat":"repeat","background-position":"center center","background-size":"auto","background-attachment":"scroll","background-type":"","background-media":"","overlay-type":"","overlay-color":"","overlay-opacity":"","overlay-gradient":""},"mobile":{"background-color":"var(--ast-global-color-5)","background-image":"","background-repeat":"repeat","background-position":"center center","background-size":"auto","background-attachment":"scroll","background-type":"","background-media":"","overlay-type":"","overlay-color":"","overlay-opacity":"","overlay-gradient":""}},"footnotes":""},"class_list":["post-542","page","type-page","status-publish","hentry"],"uagb_featured_image_src":{"full":false,"thumbnail":false,"medium":false,"medium_large":false,"large":false,"1536x1536":false,"2048x2048":false},"uagb_author_info":{"display_name":"ekkylat","author_link":"https:\/\/kylat.ekarjala.fi\/kuusimaki-kourula-lavola\/author\/ekkylat\/"},"uagb_comment_info":0,"uagb_excerpt":"Tulevat tapahtumat Tapaamisiin:\u00a0\u00a0Seniori-ik\u00e4isten vapaamuotoinen keskustelutilaisuus joka keskiviikko klo 14:30-15:30, Kes\u00e4m\u00e4en Leipomon kahvio, Karankokatu 3, Lappeenranta.\u00a0\u00a0Tilaisuudessa jutellaan niit\u00e4 n\u00e4it\u00e4 omakustanteisen kahvi- tai teekupin \u00e4\u00e4ress\u00e4 Kes\u00e4m\u00e4en leipomon kahvilassa. Hiljaakin saa olla ja vain kuunnella, mit\u00e4 muilla on sanottavaa.Kes\u00e4isin tehd\u00e4\u00e4n kimppakyydeill\u00e4 retki\u00e4 l\u00e4hialueille.Tervetuloa mukaan!\u00a0","_links":{"self":[{"href":"https:\/\/kylat.ekarjala.fi\/kuusimaki-kourula-lavola\/wp-json\/wp\/v2\/pages\/542","targetHints":{"allow":["GET"]}}],"collection":[{"href":"https:\/\/kylat.ekarjala.fi\/kuusimaki-kourula-lavola\/wp-json\/wp\/v2\/pages"}],"about":[{"href":"https:\/\/kylat.ekarjala.fi\/kuusimaki-kourula-lavola\/wp-json\/wp\/v2\/types\/page"}],"author":[{"embeddable":true,"href":"https:\/\/kylat.ekarjala.fi\/kuusimaki-kourula-lavola\/wp-json\/wp\/v2\/users\/175"}],"replies":[{"embeddable":true,"href":"https:\/\/kylat.ekarjala.fi\/kuusimaki-kourula-lavola\/wp-json\/wp\/v2\/comments?post=542"}],"version-history":[{"count":20,"href":"https:\/\/kylat.ekarjala.fi\/kuusimaki-kourula-lavola\/wp-json\/wp\/v2\/pages\/542\/revisions"}],"predecessor-version":[{"id":1095,"href":"https:\/\/kylat.ekarjala.fi\/kuusimaki-kourula-lavola\/wp-json\/wp\/v2\/pages\/542\/revisions\/1095"}],"wp:attachment":[{"href":"https:\/\/kylat.ekarjala.fi\/kuusimaki-kourula-lavola\/wp-json\/wp\/v2\/media?parent=542"}],"curies":[{"name":"wp","href":"https:\/\/api.w.org\/{rel}","templated":true}]}}