{"id":543,"date":"2018-11-27T09:17:42","date_gmt":"2018-11-27T07:17:42","guid":{"rendered":"https:\/\/kylat.ekarjala.fi\/kuusimaki-kourula-lavola\/projects\/"},"modified":"2023-03-08T08:53:50","modified_gmt":"2023-03-08T06:53:50","slug":"alue","status":"publish","type":"page","link":"https:\/\/kylat.ekarjala.fi\/kuusimaki-kourula-lavola\/alue\/","title":{"rendered":"Alue"},"content":{"rendered":"\t\t<div data-elementor-type=\"wp-post\" data-elementor-id=\"543\" class=\"elementor elementor-543\" data-elementor-post-type=\"page\">\n\t\t\t\t\t\t<section class=\"elementor-section elementor-top-section elementor-element elementor-element-7ac9ca5 elementor-section-boxed elementor-section-height-default elementor-section-height-default\" data-id=\"7ac9ca5\" data-element_type=\"section\" data-e-type=\"section\" data-settings=\"{&quot;background_background&quot;:&quot;classic&quot;}\">\n\t\t\t\t\t\t\t<div class=\"elementor-background-overlay\"><\/div>\n\t\t\t\t\t\t\t<div class=\"elementor-container elementor-column-gap-default\">\n\t\t\t\t\t<div class=\"elementor-column elementor-col-100 elementor-top-column elementor-element elementor-element-90988fe\" data-id=\"90988fe\" data-element_type=\"column\" data-e-type=\"column\">\n\t\t\t<div class=\"elementor-widget-wrap elementor-element-populated\">\n\t\t\t\t\t\t<div class=\"elementor-element elementor-element-4a1c612 elementor-widget elementor-widget-heading\" data-id=\"4a1c612\" data-element_type=\"widget\" data-e-type=\"widget\" data-widget_type=\"heading.default\">\n\t\t\t\t<div class=\"elementor-widget-container\">\n\t\t\t\t\t<h1 class=\"elementor-heading-title elementor-size-default\">Alue<\/h1>\t\t\t\t<\/div>\n\t\t\t\t<\/div>\n\t\t\t\t\t<\/div>\n\t\t<\/div>\n\t\t\t\t\t<\/div>\n\t\t<\/section>\n\t\t\t\t<section class=\"elementor-section elementor-top-section elementor-element elementor-element-61379da elementor-section-boxed elementor-section-height-default elementor-section-height-default\" data-id=\"61379da\" data-element_type=\"section\" data-e-type=\"section\">\n\t\t\t\t\t\t<div class=\"elementor-container elementor-column-gap-default\">\n\t\t\t\t\t<div class=\"elementor-column elementor-col-100 elementor-top-column elementor-element elementor-element-66c3840\" data-id=\"66c3840\" data-element_type=\"column\" data-e-type=\"column\">\n\t\t\t<div class=\"elementor-widget-wrap elementor-element-populated\">\n\t\t\t\t\t\t<div class=\"elementor-element elementor-element-a69840d elementor-widget elementor-widget-spacer\" data-id=\"a69840d\" data-element_type=\"widget\" data-e-type=\"widget\" data-widget_type=\"spacer.default\">\n\t\t\t\t<div class=\"elementor-widget-container\">\n\t\t\t\t\t\t\t<div class=\"elementor-spacer\">\n\t\t\t<div class=\"elementor-spacer-inner\"><\/div>\n\t\t<\/div>\n\t\t\t\t\t\t<\/div>\n\t\t\t\t<\/div>\n\t\t\t\t<div class=\"elementor-element elementor-element-b289c6f elementor-widget elementor-widget-heading\" data-id=\"b289c6f\" data-element_type=\"widget\" data-e-type=\"widget\" data-widget_type=\"heading.default\">\n\t\t\t\t<div class=\"elementor-widget-container\">\n\t\t\t\t\t<h2 class=\"elementor-heading-title elementor-size-default\">Yhdistyksen toiminta-alue<\/h2>\t\t\t\t<\/div>\n\t\t\t\t<\/div>\n\t\t\t\t<div class=\"elementor-element elementor-element-39d3ed0 elementor-widget elementor-widget-spacer\" data-id=\"39d3ed0\" data-element_type=\"widget\" data-e-type=\"widget\" data-widget_type=\"spacer.default\">\n\t\t\t\t<div class=\"elementor-widget-container\">\n\t\t\t\t\t\t\t<div class=\"elementor-spacer\">\n\t\t\t<div class=\"elementor-spacer-inner\"><\/div>\n\t\t<\/div>\n\t\t\t\t\t\t<\/div>\n\t\t\t\t<\/div>\n\t\t\t\t\t<\/div>\n\t\t<\/div>\n\t\t\t\t\t<\/div>\n\t\t<\/section>\n\t\t\t\t<section class=\"elementor-section elementor-top-section elementor-element elementor-element-f50bd0e elementor-section-boxed elementor-section-height-default elementor-section-height-default\" data-id=\"f50bd0e\" data-element_type=\"section\" data-e-type=\"section\">\n\t\t\t\t\t\t<div class=\"elementor-container elementor-column-gap-default\">\n\t\t\t\t\t<div class=\"elementor-column elementor-col-100 elementor-top-column elementor-element elementor-element-d6f5822\" data-id=\"d6f5822\" data-element_type=\"column\" data-e-type=\"column\">\n\t\t\t<div class=\"elementor-widget-wrap elementor-element-populated\">\n\t\t\t\t\t\t<section class=\"elementor-section elementor-inner-section elementor-element elementor-element-7e0c608 elementor-section-boxed elementor-section-height-default elementor-section-height-default\" data-id=\"7e0c608\" data-element_type=\"section\" data-e-type=\"section\">\n\t\t\t\t\t\t<div class=\"elementor-container elementor-column-gap-default\">\n\t\t\t\t\t<div class=\"elementor-column elementor-col-50 elementor-inner-column elementor-element elementor-element-573285b\" data-id=\"573285b\" data-element_type=\"column\" data-e-type=\"column\">\n\t\t\t<div class=\"elementor-widget-wrap elementor-element-populated\">\n\t\t\t\t\t\t<div class=\"elementor-element elementor-element-a09178d elementor-widget elementor-widget-text-editor\" data-id=\"a09178d\" data-element_type=\"widget\" data-e-type=\"widget\" data-widget_type=\"text-editor.default\">\n\t\t\t\t<div class=\"elementor-widget-container\">\n\t\t\t\t\t\t\t\t\t<p>Nimens\u00e4 mukaisesti asukasyhdistyksen toiminta-alueeseen kuuluvat Kuusim\u00e4en, Kourulan ja Lavolan kaupunginosat sek\u00e4 lentokent\u00e4n alue. Lavolan kaupunginosaan kuuluu my\u00f6s raviradan alue. Huhtiniemi on osa Kuusim\u00e4en kaupunginosaa. Yhdistyksen j\u00e4senet voivat asua tai toimia muillakin alueilla.<\/p>\t\t\t\t\t\t\t\t<\/div>\n\t\t\t\t<\/div>\n\t\t\t\t\t<\/div>\n\t\t<\/div>\n\t\t\t\t<div class=\"elementor-column elementor-col-50 elementor-inner-column elementor-element elementor-element-b9ad5d0\" data-id=\"b9ad5d0\" data-element_type=\"column\" data-e-type=\"column\">\n\t\t\t<div class=\"elementor-widget-wrap elementor-element-populated\">\n\t\t\t\t\t\t<div class=\"elementor-element elementor-element-1265ff8 elementor-widget elementor-widget-image\" data-id=\"1265ff8\" data-element_type=\"widget\" data-e-type=\"widget\" data-widget_type=\"image.default\">\n\t\t\t\t<div class=\"elementor-widget-container\">\n\t\t\t\t\t\t\t\t\t\t\t\t\t\t\t<img fetchpriority=\"high\" decoding=\"async\" width=\"1024\" height=\"676\" src=\"https:\/\/kylat.ekarjala.fi\/kuusimaki-kourula-lavola\/wp-content\/uploads\/sites\/89\/2023\/02\/Asukasyhdistyksen-aluekartta-1024x676.jpg\" class=\"attachment-large size-large wp-image-652\" alt=\"\" srcset=\"https:\/\/kylat.ekarjala.fi\/kuusimaki-kourula-lavola\/wp-content\/uploads\/sites\/89\/2023\/02\/Asukasyhdistyksen-aluekartta-1024x676.jpg 1024w, https:\/\/kylat.ekarjala.fi\/kuusimaki-kourula-lavola\/wp-content\/uploads\/sites\/89\/2023\/02\/Asukasyhdistyksen-aluekartta-300x198.jpg 300w, https:\/\/kylat.ekarjala.fi\/kuusimaki-kourula-lavola\/wp-content\/uploads\/sites\/89\/2023\/02\/Asukasyhdistyksen-aluekartta-768x507.jpg 768w, https:\/\/kylat.ekarjala.fi\/kuusimaki-kourula-lavola\/wp-content\/uploads\/sites\/89\/2023\/02\/Asukasyhdistyksen-aluekartta-1536x1014.jpg 1536w, https:\/\/kylat.ekarjala.fi\/kuusimaki-kourula-lavola\/wp-content\/uploads\/sites\/89\/2023\/02\/Asukasyhdistyksen-aluekartta.jpg 1711w\" sizes=\"(max-width: 1024px) 100vw, 1024px\" \/>\t\t\t\t\t\t\t\t\t\t\t\t\t\t\t<\/div>\n\t\t\t\t<\/div>\n\t\t\t\t\t<\/div>\n\t\t<\/div>\n\t\t\t\t\t<\/div>\n\t\t<\/section>\n\t\t\t\t<div class=\"elementor-element elementor-element-ac9c4c7 elementor-widget elementor-widget-spacer\" data-id=\"ac9c4c7\" data-element_type=\"widget\" data-e-type=\"widget\" data-widget_type=\"spacer.default\">\n\t\t\t\t<div class=\"elementor-widget-container\">\n\t\t\t\t\t\t\t<div class=\"elementor-spacer\">\n\t\t\t<div class=\"elementor-spacer-inner\"><\/div>\n\t\t<\/div>\n\t\t\t\t\t\t<\/div>\n\t\t\t\t<\/div>\n\t\t\t\t\t<\/div>\n\t\t<\/div>\n\t\t\t\t\t<\/div>\n\t\t<\/section>\n\t\t\t\t<\/div>\n\t\t","protected":false},"excerpt":{"rendered":"<p>Alue Yhdistyksen toiminta-alue Nimens\u00e4 mukaisesti asukasyhdistyksen toiminta-alueeseen kuuluvat Kuusim\u00e4en, Kourulan ja Lavolan kaupunginosat sek\u00e4 lentokent\u00e4n alue. Lavolan kaupunginosaan kuuluu my\u00f6s raviradan alue. Huhtiniemi on osa Kuusim\u00e4en kaupunginosaa. Yhdistyksen j\u00e4senet voivat asua tai toimia muillakin alueilla.<\/p>\n","protected":false},"author":175,"featured_media":0,"parent":0,"menu_order":0,"comment_status":"closed","ping_status":"closed","template":"","meta":{"_uag_custom_page_level_css":"","site-sidebar-layout":"no-sidebar","site-content-layout":"page-builder","ast-site-content-layout":"default","site-content-style":"default","site-sidebar-style":"default","ast-global-header-display":"","ast-banner-title-visibility":"","ast-main-header-display":"","ast-hfb-above-header-display":"","ast-hfb-below-header-display":"","ast-hfb-mobile-header-display":"","site-post-title":"disabled","ast-breadcrumbs-content":"","ast-featured-img":"disabled","footer-sml-layout":"","ast-disable-related-posts":"","theme-transparent-header-meta":"enabled","adv-header-id-meta":"","stick-header-meta":"","header-above-stick-meta":"","header-main-stick-meta":"","header-below-stick-meta":"","astra-migrate-meta-layouts":"default","ast-page-background-enabled":"default","ast-page-background-meta":{"desktop":{"background-color":"","background-image":"","background-repeat":"repeat","background-position":"center center","background-size":"auto","background-attachment":"scroll","background-type":"","background-media":"","overlay-type":"","overlay-color":"","overlay-opacity":"","overlay-gradient":""},"tablet":{"background-color":"","background-image":"","background-repeat":"repeat","background-position":"center center","background-size":"auto","background-attachment":"scroll","background-type":"","background-media":"","overlay-type":"","overlay-color":"","overlay-opacity":"","overlay-gradient":""},"mobile":{"background-color":"","background-image":"","background-repeat":"repeat","background-position":"center center","background-size":"auto","background-attachment":"scroll","background-type":"","background-media":"","overlay-type":"","overlay-color":"","overlay-opacity":"","overlay-gradient":""}},"ast-content-background-meta":{"desktop":{"background-color":"var(--ast-global-color-5)","background-image":"","background-repeat":"repeat","background-position":"center center","background-size":"auto","background-attachment":"scroll","background-type":"","background-media":"","overlay-type":"","overlay-color":"","overlay-opacity":"","overlay-gradient":""},"tablet":{"background-color":"var(--ast-global-color-5)","background-image":"","background-repeat":"repeat","background-position":"center center","background-size":"auto","background-attachment":"scroll","background-type":"","background-media":"","overlay-type":"","overlay-color":"","overlay-opacity":"","overlay-gradient":""},"mobile":{"background-color":"var(--ast-global-color-5)","background-image":"","background-repeat":"repeat","background-position":"center center","background-size":"auto","background-attachment":"scroll","background-type":"","background-media":"","overlay-type":"","overlay-color":"","overlay-opacity":"","overlay-gradient":""}},"footnotes":""},"class_list":["post-543","page","type-page","status-publish","hentry"],"uagb_featured_image_src":{"full":false,"thumbnail":false,"medium":false,"medium_large":false,"large":false,"1536x1536":false,"2048x2048":false},"uagb_author_info":{"display_name":"ekkylat","author_link":"https:\/\/kylat.ekarjala.fi\/kuusimaki-kourula-lavola\/author\/ekkylat\/"},"uagb_comment_info":0,"uagb_excerpt":"Alue Yhdistyksen toiminta-alue Nimens\u00e4 mukaisesti asukasyhdistyksen toiminta-alueeseen kuuluvat Kuusim\u00e4en, Kourulan ja Lavolan kaupunginosat sek\u00e4 lentokent\u00e4n alue. Lavolan kaupunginosaan kuuluu my\u00f6s raviradan alue. Huhtiniemi on osa Kuusim\u00e4en kaupunginosaa. Yhdistyksen j\u00e4senet voivat asua tai toimia muillakin alueilla.","_links":{"self":[{"href":"https:\/\/kylat.ekarjala.fi\/kuusimaki-kourula-lavola\/wp-json\/wp\/v2\/pages\/543","targetHints":{"allow":["GET"]}}],"collection":[{"href":"https:\/\/kylat.ekarjala.fi\/kuusimaki-kourula-lavola\/wp-json\/wp\/v2\/pages"}],"about":[{"href":"https:\/\/kylat.ekarjala.fi\/kuusimaki-kourula-lavola\/wp-json\/wp\/v2\/types\/page"}],"author":[{"embeddable":true,"href":"https:\/\/kylat.ekarjala.fi\/kuusimaki-kourula-lavola\/wp-json\/wp\/v2\/users\/175"}],"replies":[{"embeddable":true,"href":"https:\/\/kylat.ekarjala.fi\/kuusimaki-kourula-lavola\/wp-json\/wp\/v2\/comments?post=543"}],"version-history":[{"count":17,"href":"https:\/\/kylat.ekarjala.fi\/kuusimaki-kourula-lavola\/wp-json\/wp\/v2\/pages\/543\/revisions"}],"predecessor-version":[{"id":831,"href":"https:\/\/kylat.ekarjala.fi\/kuusimaki-kourula-lavola\/wp-json\/wp\/v2\/pages\/543\/revisions\/831"}],"wp:attachment":[{"href":"https:\/\/kylat.ekarjala.fi\/kuusimaki-kourula-lavola\/wp-json\/wp\/v2\/media?parent=543"}],"curies":[{"name":"wp","href":"https:\/\/api.w.org\/{rel}","templated":true}]}}