{"id":637,"date":"2022-02-17T08:04:11","date_gmt":"2022-02-17T08:04:11","guid":{"rendered":"https:\/\/kylat.ekarjala.fi\/lassila-kuokkalampi\/?page_id=637"},"modified":"2023-11-07T10:54:30","modified_gmt":"2023-11-07T10:54:30","slug":"yritykset","status":"publish","type":"page","link":"https:\/\/kylat.ekarjala.fi\/lassila-kuokkalampi\/yritykset\/","title":{"rendered":"Yritykset"},"content":{"rendered":"\t\t<div data-elementor-type=\"wp-page\" data-elementor-id=\"637\" class=\"elementor elementor-637\" data-elementor-post-type=\"page\">\n\t\t\t\t\t\t<section class=\"elementor-section elementor-top-section elementor-element elementor-element-82ee490 elementor-section-boxed elementor-section-height-default elementor-section-height-default\" data-id=\"82ee490\" data-element_type=\"section\" data-e-type=\"section\" data-settings=\"{&quot;background_background&quot;:&quot;classic&quot;}\">\n\t\t\t\t\t\t\t<div class=\"elementor-background-overlay\"><\/div>\n\t\t\t\t\t\t\t<div class=\"elementor-container elementor-column-gap-default\">\n\t\t\t\t\t<div class=\"elementor-column elementor-col-100 elementor-top-column elementor-element elementor-element-eb819c4\" data-id=\"eb819c4\" data-element_type=\"column\" data-e-type=\"column\">\n\t\t\t<div class=\"elementor-widget-wrap elementor-element-populated\">\n\t\t\t\t\t\t<div class=\"elementor-element elementor-element-5408167 elementor-widget elementor-widget-heading\" data-id=\"5408167\" data-element_type=\"widget\" data-e-type=\"widget\" data-widget_type=\"heading.default\">\n\t\t\t\t<div class=\"elementor-widget-container\">\n\t\t\t\t\t<h1 class=\"elementor-heading-title elementor-size-default\">Yritykset<\/h1>\t\t\t\t<\/div>\n\t\t\t\t<\/div>\n\t\t\t\t\t<\/div>\n\t\t<\/div>\n\t\t\t\t\t<\/div>\n\t\t<\/section>\n\t\t\t\t<section class=\"elementor-section elementor-top-section elementor-element elementor-element-40754bc elementor-section-boxed elementor-section-height-default elementor-section-height-default\" data-id=\"40754bc\" data-element_type=\"section\" data-e-type=\"section\">\n\t\t\t\t\t\t<div class=\"elementor-container elementor-column-gap-default\">\n\t\t\t\t\t<div class=\"elementor-column elementor-col-100 elementor-top-column elementor-element elementor-element-da3f4cd\" data-id=\"da3f4cd\" data-element_type=\"column\" data-e-type=\"column\">\n\t\t\t<div class=\"elementor-widget-wrap elementor-element-populated\">\n\t\t\t\t\t\t<div class=\"elementor-element elementor-element-f3c670d elementor-widget elementor-widget-heading\" data-id=\"f3c670d\" data-element_type=\"widget\" data-e-type=\"widget\" data-widget_type=\"heading.default\">\n\t\t\t\t<div class=\"elementor-widget-container\">\n\t\t\t\t\t<h2 class=\"elementor-heading-title elementor-size-default\">hirsirakentamista, marjanviljely\u00e4, traktoriurakointia ja ohjelmapalveluja<\/h2>\t\t\t\t<\/div>\n\t\t\t\t<\/div>\n\t\t\t\t<div class=\"elementor-element elementor-element-0080fa5 elementor-widget-divider--view-line elementor-widget elementor-widget-divider\" data-id=\"0080fa5\" data-element_type=\"widget\" data-e-type=\"widget\" data-widget_type=\"divider.default\">\n\t\t\t\t<div class=\"elementor-widget-container\">\n\t\t\t\t\t\t\t<div class=\"elementor-divider\">\n\t\t\t<span class=\"elementor-divider-separator\">\n\t\t\t\t\t\t<\/span>\n\t\t<\/div>\n\t\t\t\t\t\t<\/div>\n\t\t\t\t<\/div>\n\t\t\t\t\t<\/div>\n\t\t<\/div>\n\t\t\t\t\t<\/div>\n\t\t<\/section>\n\t\t\t\t<section class=\"elementor-section elementor-top-section elementor-element elementor-element-8aca8c7 elementor-section-boxed elementor-section-height-default elementor-section-height-default\" data-id=\"8aca8c7\" data-element_type=\"section\" data-e-type=\"section\">\n\t\t\t\t\t\t<div class=\"elementor-container elementor-column-gap-default\">\n\t\t\t\t\t<div class=\"elementor-column elementor-col-100 elementor-top-column elementor-element elementor-element-1b8a344\" data-id=\"1b8a344\" data-element_type=\"column\" data-e-type=\"column\">\n\t\t\t<div class=\"elementor-widget-wrap elementor-element-populated\">\n\t\t\t\t\t\t<section class=\"elementor-section elementor-inner-section elementor-element elementor-element-6da2fcc elementor-section-boxed elementor-section-height-default elementor-section-height-default\" data-id=\"6da2fcc\" data-element_type=\"section\" data-e-type=\"section\">\n\t\t\t\t\t\t<div class=\"elementor-container elementor-column-gap-default\">\n\t\t\t\t\t<div class=\"elementor-column elementor-col-50 elementor-inner-column elementor-element elementor-element-ea48972\" data-id=\"ea48972\" data-element_type=\"column\" data-e-type=\"column\">\n\t\t\t<div class=\"elementor-widget-wrap elementor-element-populated\">\n\t\t\t\t\t\t<div class=\"elementor-element elementor-element-fcc3428 elementor-widget elementor-widget-image-box\" data-id=\"fcc3428\" data-element_type=\"widget\" data-e-type=\"widget\" data-widget_type=\"image-box.default\">\n\t\t\t\t<div class=\"elementor-widget-container\">\n\t\t\t\t\t<div class=\"elementor-image-box-wrapper\"><div class=\"elementor-image-box-content\"><h5 class=\"elementor-image-box-title\"><a href=\"https:\/\/markkusavolainen.fi\/\" target=\"_blank\">Markku Savolainen Oy<\/a><\/h5><p class=\"elementor-image-box-description\">Markku Savolainen Oy on rakennusliike, joka tekee h\u00f6yl\u00e4hirrest\u00e4 taloja, m\u00f6kkej\u00e4, aittoja ja muita hirsirakennuksia. Yritys tarjoaa palveluna my\u00f6s sirkkelisahausta.\n\n<br>Yhteystiedot: Markku Savolainen p. 050 055 2051 <br>\nSami Savolainen p. 050 325 7731 <br>\nhttps:\/\/markkusavolainen.fi\/\n<\/p><\/div><\/div>\t\t\t\t<\/div>\n\t\t\t\t<\/div>\n\t\t\t\t\t<\/div>\n\t\t<\/div>\n\t\t\t\t<div class=\"elementor-column elementor-col-50 elementor-inner-column elementor-element elementor-element-3da8072\" data-id=\"3da8072\" data-element_type=\"column\" data-e-type=\"column\">\n\t\t\t<div class=\"elementor-widget-wrap elementor-element-populated\">\n\t\t\t\t\t\t<div class=\"elementor-element elementor-element-4fc43cb elementor-position-top elementor-widget elementor-widget-image-box\" data-id=\"4fc43cb\" data-element_type=\"widget\" data-e-type=\"widget\" data-widget_type=\"image-box.default\">\n\t\t\t\t<div class=\"elementor-widget-container\">\n\t\t\t\t\t<div class=\"elementor-image-box-wrapper\"><figure class=\"elementor-image-box-img\"><img fetchpriority=\"high\" decoding=\"async\" width=\"2032\" height=\"1520\" src=\"https:\/\/kylat.ekarjala.fi\/lassila-kuokkalampi\/wp-content\/uploads\/sites\/34\/2022\/06\/IMG_2496.jpg\" class=\"attachment-full size-full wp-image-1564\" alt=\"\" srcset=\"https:\/\/kylat.ekarjala.fi\/lassila-kuokkalampi\/wp-content\/uploads\/sites\/34\/2022\/06\/IMG_2496.jpg 2032w, https:\/\/kylat.ekarjala.fi\/lassila-kuokkalampi\/wp-content\/uploads\/sites\/34\/2022\/06\/IMG_2496-300x224.jpg 300w, https:\/\/kylat.ekarjala.fi\/lassila-kuokkalampi\/wp-content\/uploads\/sites\/34\/2022\/06\/IMG_2496-1024x766.jpg 1024w, https:\/\/kylat.ekarjala.fi\/lassila-kuokkalampi\/wp-content\/uploads\/sites\/34\/2022\/06\/IMG_2496-768x574.jpg 768w, https:\/\/kylat.ekarjala.fi\/lassila-kuokkalampi\/wp-content\/uploads\/sites\/34\/2022\/06\/IMG_2496-1536x1149.jpg 1536w\" sizes=\"(max-width: 2032px) 100vw, 2032px\" \/><\/figure><div class=\"elementor-image-box-content\"><h5 class=\"elementor-image-box-title\">Mansikkatila Aila ja Teuvo N\u00e4rv\u00e4nen<\/h5><p class=\"elementor-image-box-description\">Marjanviljelyyn erikoistunut maatila, jonka valikoimassa ovat: mansikka, mustaherukka ja peruna. <br>\nLis\u00e4ksi yritys tarjoaa ohjelmapalveluna taikatemppuja nimell\u00e4: Taikuripari Teuvo ja Aila N\u00e4rv\u00e4nen.\n<br>Yhteystiedot: Teuvo N\u00e4rv\u00e4nen p. 050 320 8816 <br>s\u00e4hk\u00f6posti: teuvo.narvanen@outlook.com  <br>https:\/\/fi-fi.facebook.com\/groups\/253179171833622\/ <br>https:\/\/taikuriteuvonarvanen.weebly.com\/\n<\/p><\/div><\/div>\t\t\t\t<\/div>\n\t\t\t\t<\/div>\n\t\t\t\t\t<\/div>\n\t\t<\/div>\n\t\t\t\t\t<\/div>\n\t\t<\/section>\n\t\t\t\t\t<\/div>\n\t\t<\/div>\n\t\t\t\t\t<\/div>\n\t\t<\/section>\n\t\t\t\t<section class=\"elementor-section elementor-top-section elementor-element elementor-element-bf97b79 elementor-section-boxed elementor-section-height-default elementor-section-height-default\" data-id=\"bf97b79\" data-element_type=\"section\" data-e-type=\"section\">\n\t\t\t\t\t\t<div class=\"elementor-container elementor-column-gap-default\">\n\t\t\t\t\t<div class=\"elementor-column elementor-col-100 elementor-top-column elementor-element elementor-element-219ddd7\" data-id=\"219ddd7\" data-element_type=\"column\" data-e-type=\"column\">\n\t\t\t<div class=\"elementor-widget-wrap elementor-element-populated\">\n\t\t\t\t\t\t<section class=\"elementor-section elementor-inner-section elementor-element elementor-element-4eff5da elementor-section-boxed elementor-section-height-default elementor-section-height-default\" data-id=\"4eff5da\" data-element_type=\"section\" data-e-type=\"section\">\n\t\t\t\t\t\t<div class=\"elementor-container elementor-column-gap-default\">\n\t\t\t\t\t<div class=\"elementor-column elementor-col-50 elementor-inner-column elementor-element elementor-element-919a27f\" data-id=\"919a27f\" data-element_type=\"column\" data-e-type=\"column\">\n\t\t\t<div class=\"elementor-widget-wrap elementor-element-populated\">\n\t\t\t\t\t\t<div class=\"elementor-element elementor-element-7e69cb4 elementor-widget elementor-widget-image\" data-id=\"7e69cb4\" data-element_type=\"widget\" data-e-type=\"widget\" data-widget_type=\"image.default\">\n\t\t\t\t<div class=\"elementor-widget-container\">\n\t\t\t\t\t\t\t\t\t\t\t\t\t\t\t<img decoding=\"async\" width=\"1024\" height=\"768\" src=\"https:\/\/kylat.ekarjala.fi\/lassila-kuokkalampi\/wp-content\/uploads\/sites\/34\/2022\/05\/IMG_4456-1024x768.jpeg\" class=\"attachment-large size-large wp-image-1289\" alt=\"\" srcset=\"https:\/\/kylat.ekarjala.fi\/lassila-kuokkalampi\/wp-content\/uploads\/sites\/34\/2022\/05\/IMG_4456-1024x768.jpeg 1024w, https:\/\/kylat.ekarjala.fi\/lassila-kuokkalampi\/wp-content\/uploads\/sites\/34\/2022\/05\/IMG_4456-300x225.jpeg 300w, https:\/\/kylat.ekarjala.fi\/lassila-kuokkalampi\/wp-content\/uploads\/sites\/34\/2022\/05\/IMG_4456-768x576.jpeg 768w, https:\/\/kylat.ekarjala.fi\/lassila-kuokkalampi\/wp-content\/uploads\/sites\/34\/2022\/05\/IMG_4456-1536x1152.jpeg 1536w, https:\/\/kylat.ekarjala.fi\/lassila-kuokkalampi\/wp-content\/uploads\/sites\/34\/2022\/05\/IMG_4456.jpeg 2048w\" sizes=\"(max-width: 1024px) 100vw, 1024px\" \/>\t\t\t\t\t\t\t\t\t\t\t\t\t\t\t<\/div>\n\t\t\t\t<\/div>\n\t\t\t\t<div class=\"elementor-element elementor-element-c79d7a5 elementor-widget elementor-widget-image-box\" data-id=\"c79d7a5\" data-element_type=\"widget\" data-e-type=\"widget\" data-widget_type=\"image-box.default\">\n\t\t\t\t<div class=\"elementor-widget-container\">\n\t\t\t\t\t<div class=\"elementor-image-box-wrapper\"><div class=\"elementor-image-box-content\"><h5 class=\"elementor-image-box-title\">Hannu Veps\u00e4<\/h5><p class=\"elementor-image-box-description\">Yritys tarjoaa erilaista traktoriurakointia <br>mm. talviaurausta. <br>Yhteystiedot: p. 050 568 0694 <br>s\u00e4hk\u00f6posti: hannuvepsa64@gmail.com\n\n<\/p><\/div><\/div>\t\t\t\t<\/div>\n\t\t\t\t<\/div>\n\t\t\t\t\t<\/div>\n\t\t<\/div>\n\t\t\t\t<div class=\"elementor-column elementor-col-50 elementor-inner-column elementor-element elementor-element-1a2c0b4\" data-id=\"1a2c0b4\" data-element_type=\"column\" data-e-type=\"column\">\n\t\t\t<div class=\"elementor-widget-wrap elementor-element-populated\">\n\t\t\t\t\t\t<div class=\"elementor-element elementor-element-4fd8327 elementor-widget elementor-widget-image-box\" data-id=\"4fd8327\" data-element_type=\"widget\" data-e-type=\"widget\" data-widget_type=\"image-box.default\">\n\t\t\t\t<div class=\"elementor-widget-container\">\n\t\t\t\t\t<div class=\"elementor-image-box-wrapper\"><div class=\"elementor-image-box-content\"><h5 class=\"elementor-image-box-title\">Juha Lifl\u00e4nder<\/h5><p class=\"elementor-image-box-description\">Yritys tarjoaa erilaista traktoriurakointia mm. puutavaran ajoa ja talviaurausta. <br>Yhteystiedot: p. 050 018 3681 <br>s\u00e4hk\u00f6posti: juha.liflander@pp2.inet.fi<\/p><\/div><\/div>\t\t\t\t<\/div>\n\t\t\t\t<\/div>\n\t\t\t\t\t<\/div>\n\t\t<\/div>\n\t\t\t\t\t<\/div>\n\t\t<\/section>\n\t\t\t\t\t<\/div>\n\t\t<\/div>\n\t\t\t\t\t<\/div>\n\t\t<\/section>\n\t\t\t\t<section class=\"elementor-section elementor-top-section elementor-element elementor-element-fbf458f elementor-section-boxed elementor-section-height-default elementor-section-height-default\" data-id=\"fbf458f\" data-element_type=\"section\" data-e-type=\"section\">\n\t\t\t\t\t\t<div class=\"elementor-container elementor-column-gap-default\">\n\t\t\t\t\t<div class=\"elementor-column elementor-col-100 elementor-top-column elementor-element elementor-element-8bfa226\" data-id=\"8bfa226\" data-element_type=\"column\" data-e-type=\"column\">\n\t\t\t<div class=\"elementor-widget-wrap elementor-element-populated\">\n\t\t\t\t\t\t<section class=\"elementor-section elementor-inner-section elementor-element elementor-element-7d5f7c1 elementor-section-boxed elementor-section-height-default elementor-section-height-default\" data-id=\"7d5f7c1\" data-element_type=\"section\" data-e-type=\"section\">\n\t\t\t\t\t\t<div class=\"elementor-container elementor-column-gap-default\">\n\t\t\t\t\t<div class=\"elementor-column elementor-col-50 elementor-inner-column elementor-element elementor-element-5c77855\" data-id=\"5c77855\" data-element_type=\"column\" data-e-type=\"column\">\n\t\t\t<div class=\"elementor-widget-wrap elementor-element-populated\">\n\t\t\t\t\t\t<div class=\"elementor-element elementor-element-fa6631b elementor-widget elementor-widget-image-box\" data-id=\"fa6631b\" data-element_type=\"widget\" data-e-type=\"widget\" data-widget_type=\"image-box.default\">\n\t\t\t\t<div class=\"elementor-widget-container\">\n\t\t\t\t\t<div class=\"elementor-image-box-wrapper\"><div class=\"elementor-image-box-content\"><h5 class=\"elementor-image-box-title\">Tmi Pertsa Kosonen<\/h5><p class=\"elementor-image-box-description\">Yrityksen toimialana on dj-, karaoke- ja ohjelmapalvelut. <br>\nYhteystiedot: Pertti Kosonen p. 050 303 6645 <br>s\u00e4hk\u00f6posti: pertsakosonen@gmail.com <br>\n\n                                    https:\/\/www.instagram.com\/djpertsa_pertsakosonen\/\n<\/p><\/div><\/div>\t\t\t\t<\/div>\n\t\t\t\t<\/div>\n\t\t\t\t\t<\/div>\n\t\t<\/div>\n\t\t\t\t<div class=\"elementor-column elementor-col-50 elementor-inner-column elementor-element elementor-element-c96c449\" data-id=\"c96c449\" data-element_type=\"column\" data-e-type=\"column\">\n\t\t\t<div class=\"elementor-widget-wrap elementor-element-populated\">\n\t\t\t\t\t\t\t<\/div>\n\t\t<\/div>\n\t\t\t\t\t<\/div>\n\t\t<\/section>\n\t\t\t\t\t<\/div>\n\t\t<\/div>\n\t\t\t\t\t<\/div>\n\t\t<\/section>\n\t\t\t\t<\/div>\n\t\t","protected":false},"excerpt":{"rendered":"<p>Yritykset hirsirakentamista, marjanviljely\u00e4, traktoriurakointia ja ohjelmapalveluja Markku Savolainen Oy Markku Savolainen Oy on rakennusliike, joka tekee h\u00f6yl\u00e4hirrest\u00e4 taloja, m\u00f6kkej\u00e4, aittoja ja muita hirsirakennuksia. Yritys tarjoaa palveluna my\u00f6s sirkkelisahausta. Yhteystiedot: Markku Savolainen p. 050 055 2051 Sami Savolainen p. 050 325 7731 Etusivu Mansikkatila Aila ja Teuvo N\u00e4rv\u00e4nen Marjanviljelyyn erikoistunut maatila, jonka valikoimassa ovat: mansikka, mustaherukka [&hellip;]<\/p>\n","protected":false},"author":175,"featured_media":0,"parent":0,"menu_order":0,"comment_status":"closed","ping_status":"closed","template":"","meta":{"site-sidebar-layout":"no-sidebar","site-content-layout":"page-builder","ast-site-content-layout":"default","site-content-style":"default","site-sidebar-style":"default","ast-global-header-display":"","ast-banner-title-visibility":"","ast-main-header-display":"","ast-hfb-above-header-display":"","ast-hfb-below-header-display":"","ast-hfb-mobile-header-display":"","site-post-title":"disabled","ast-breadcrumbs-content":"","ast-featured-img":"disabled","footer-sml-layout":"","ast-disable-related-posts":"","theme-transparent-header-meta":"","adv-header-id-meta":"","stick-header-meta":"","header-above-stick-meta":"","header-main-stick-meta":"","header-below-stick-meta":"","astra-migrate-meta-layouts":"default","ast-page-background-enabled":"default","ast-page-background-meta":{"desktop":{"background-color":"","background-image":"","background-repeat":"repeat","background-position":"center center","background-size":"auto","background-attachment":"scroll","background-type":"","background-media":"","overlay-type":"","overlay-color":"","overlay-opacity":"","overlay-gradient":""},"tablet":{"background-color":"","background-image":"","background-repeat":"repeat","background-position":"center center","background-size":"auto","background-attachment":"scroll","background-type":"","background-media":"","overlay-type":"","overlay-color":"","overlay-opacity":"","overlay-gradient":""},"mobile":{"background-color":"","background-image":"","background-repeat":"repeat","background-position":"center center","background-size":"auto","background-attachment":"scroll","background-type":"","background-media":"","overlay-type":"","overlay-color":"","overlay-opacity":"","overlay-gradient":""}},"ast-content-background-meta":{"desktop":{"background-color":"var(--ast-global-color-5)","background-image":"","background-repeat":"repeat","background-position":"center center","background-size":"auto","background-attachment":"scroll","background-type":"","background-media":"","overlay-type":"","overlay-color":"","overlay-opacity":"","overlay-gradient":""},"tablet":{"background-color":"var(--ast-global-color-5)","background-image":"","background-repeat":"repeat","background-position":"center center","background-size":"auto","background-attachment":"scroll","background-type":"","background-media":"","overlay-type":"","overlay-color":"","overlay-opacity":"","overlay-gradient":""},"mobile":{"background-color":"var(--ast-global-color-5)","background-image":"","background-repeat":"repeat","background-position":"center center","background-size":"auto","background-attachment":"scroll","background-type":"","background-media":"","overlay-type":"","overlay-color":"","overlay-opacity":"","overlay-gradient":""}},"footnotes":""},"class_list":["post-637","page","type-page","status-publish","hentry"],"_links":{"self":[{"href":"https:\/\/kylat.ekarjala.fi\/lassila-kuokkalampi\/wp-json\/wp\/v2\/pages\/637","targetHints":{"allow":["GET"]}}],"collection":[{"href":"https:\/\/kylat.ekarjala.fi\/lassila-kuokkalampi\/wp-json\/wp\/v2\/pages"}],"about":[{"href":"https:\/\/kylat.ekarjala.fi\/lassila-kuokkalampi\/wp-json\/wp\/v2\/types\/page"}],"author":[{"embeddable":true,"href":"https:\/\/kylat.ekarjala.fi\/lassila-kuokkalampi\/wp-json\/wp\/v2\/users\/175"}],"replies":[{"embeddable":true,"href":"https:\/\/kylat.ekarjala.fi\/lassila-kuokkalampi\/wp-json\/wp\/v2\/comments?post=637"}],"version-history":[{"count":20,"href":"https:\/\/kylat.ekarjala.fi\/lassila-kuokkalampi\/wp-json\/wp\/v2\/pages\/637\/revisions"}],"predecessor-version":[{"id":1698,"href":"https:\/\/kylat.ekarjala.fi\/lassila-kuokkalampi\/wp-json\/wp\/v2\/pages\/637\/revisions\/1698"}],"wp:attachment":[{"href":"https:\/\/kylat.ekarjala.fi\/lassila-kuokkalampi\/wp-json\/wp\/v2\/media?parent=637"}],"curies":[{"name":"wp","href":"https:\/\/api.w.org\/{rel}","templated":true}]}}