{"id":640,"date":"2022-02-17T09:09:37","date_gmt":"2022-02-17T09:09:37","guid":{"rendered":"https:\/\/kylat.ekarjala.fi\/lassila-kuokkalampi\/?page_id=640"},"modified":"2023-11-07T10:49:50","modified_gmt":"2023-11-07T10:49:50","slug":"yhdistykset","status":"publish","type":"page","link":"https:\/\/kylat.ekarjala.fi\/lassila-kuokkalampi\/yhdistykset\/","title":{"rendered":"Yhdistykset"},"content":{"rendered":"\t\t<div data-elementor-type=\"wp-page\" data-elementor-id=\"640\" class=\"elementor elementor-640\" data-elementor-post-type=\"page\">\n\t\t\t\t\t\t<section class=\"elementor-section elementor-top-section elementor-element elementor-element-116f88b elementor-section-boxed elementor-section-height-default elementor-section-height-default\" data-id=\"116f88b\" data-element_type=\"section\" data-e-type=\"section\" data-settings=\"{&quot;background_background&quot;:&quot;classic&quot;}\">\n\t\t\t\t\t\t\t<div class=\"elementor-background-overlay\"><\/div>\n\t\t\t\t\t\t\t<div class=\"elementor-container elementor-column-gap-default\">\n\t\t\t\t\t<div class=\"elementor-column elementor-col-100 elementor-top-column elementor-element elementor-element-3c4c0b9\" data-id=\"3c4c0b9\" data-element_type=\"column\" data-e-type=\"column\">\n\t\t\t<div class=\"elementor-widget-wrap elementor-element-populated\">\n\t\t\t\t\t\t<div class=\"elementor-element elementor-element-3a72242 elementor-widget elementor-widget-heading\" data-id=\"3a72242\" data-element_type=\"widget\" data-e-type=\"widget\" data-widget_type=\"heading.default\">\n\t\t\t\t<div class=\"elementor-widget-container\">\n\t\t\t\t\t<h1 class=\"elementor-heading-title elementor-size-default\">Yhdistykset<\/h1>\t\t\t\t<\/div>\n\t\t\t\t<\/div>\n\t\t\t\t\t<\/div>\n\t\t<\/div>\n\t\t\t\t\t<\/div>\n\t\t<\/section>\n\t\t\t\t<section class=\"elementor-section elementor-top-section elementor-element elementor-element-3199605 elementor-section-boxed elementor-section-height-default elementor-section-height-default\" data-id=\"3199605\" data-element_type=\"section\" data-e-type=\"section\">\n\t\t\t\t\t\t<div class=\"elementor-container elementor-column-gap-default\">\n\t\t\t\t\t<div class=\"elementor-column elementor-col-100 elementor-top-column elementor-element elementor-element-1f42c81\" data-id=\"1f42c81\" data-element_type=\"column\" data-e-type=\"column\">\n\t\t\t<div class=\"elementor-widget-wrap elementor-element-populated\">\n\t\t\t\t\t\t<div class=\"elementor-element elementor-element-d02f47f elementor-widget elementor-widget-heading\" data-id=\"d02f47f\" data-element_type=\"widget\" data-e-type=\"widget\" data-widget_type=\"heading.default\">\n\t\t\t\t<div class=\"elementor-widget-container\">\n\t\t\t\t\t<h2 class=\"elementor-heading-title elementor-size-default\">kyliss\u00e4 toimivia yhdistyksi\u00e4<\/h2>\t\t\t\t<\/div>\n\t\t\t\t<\/div>\n\t\t\t\t<div class=\"elementor-element elementor-element-d86dea2 elementor-widget-divider--view-line elementor-widget elementor-widget-divider\" data-id=\"d86dea2\" data-element_type=\"widget\" data-e-type=\"widget\" data-widget_type=\"divider.default\">\n\t\t\t\t<div class=\"elementor-widget-container\">\n\t\t\t\t\t\t\t<div class=\"elementor-divider\">\n\t\t\t<span class=\"elementor-divider-separator\">\n\t\t\t\t\t\t<\/span>\n\t\t<\/div>\n\t\t\t\t\t\t<\/div>\n\t\t\t\t<\/div>\n\t\t\t\t\t<\/div>\n\t\t<\/div>\n\t\t\t\t\t<\/div>\n\t\t<\/section>\n\t\t\t\t<section class=\"elementor-section elementor-top-section elementor-element elementor-element-d83c552 elementor-section-boxed elementor-section-height-default elementor-section-height-default\" data-id=\"d83c552\" data-element_type=\"section\" data-e-type=\"section\">\n\t\t\t\t\t\t<div class=\"elementor-container elementor-column-gap-default\">\n\t\t\t\t\t<div class=\"elementor-column elementor-col-100 elementor-top-column elementor-element elementor-element-61baf85\" data-id=\"61baf85\" data-element_type=\"column\" data-e-type=\"column\">\n\t\t\t<div class=\"elementor-widget-wrap elementor-element-populated\">\n\t\t\t\t\t\t<section class=\"elementor-section elementor-inner-section elementor-element elementor-element-c0378ef elementor-section-boxed elementor-section-height-default elementor-section-height-default\" data-id=\"c0378ef\" data-element_type=\"section\" data-e-type=\"section\">\n\t\t\t\t\t\t<div class=\"elementor-container elementor-column-gap-default\">\n\t\t\t\t\t<div class=\"elementor-column elementor-col-50 elementor-inner-column elementor-element elementor-element-ae06996\" data-id=\"ae06996\" data-element_type=\"column\" data-e-type=\"column\">\n\t\t\t<div class=\"elementor-widget-wrap elementor-element-populated\">\n\t\t\t\t\t\t<div class=\"elementor-element elementor-element-d804696 elementor-widget elementor-widget-image\" data-id=\"d804696\" data-element_type=\"widget\" data-e-type=\"widget\" data-widget_type=\"image.default\">\n\t\t\t\t<div class=\"elementor-widget-container\">\n\t\t\t\t\t\t\t\t\t\t\t\t\t\t\t<img fetchpriority=\"high\" decoding=\"async\" width=\"1024\" height=\"768\" src=\"https:\/\/kylat.ekarjala.fi\/lassila-kuokkalampi\/wp-content\/uploads\/sites\/34\/2022\/05\/IMG_5171-1024x768.jpeg\" class=\"attachment-large size-large wp-image-1116\" alt=\"\" srcset=\"https:\/\/kylat.ekarjala.fi\/lassila-kuokkalampi\/wp-content\/uploads\/sites\/34\/2022\/05\/IMG_5171-1024x768.jpeg 1024w, https:\/\/kylat.ekarjala.fi\/lassila-kuokkalampi\/wp-content\/uploads\/sites\/34\/2022\/05\/IMG_5171-300x225.jpeg 300w, https:\/\/kylat.ekarjala.fi\/lassila-kuokkalampi\/wp-content\/uploads\/sites\/34\/2022\/05\/IMG_5171-768x576.jpeg 768w, https:\/\/kylat.ekarjala.fi\/lassila-kuokkalampi\/wp-content\/uploads\/sites\/34\/2022\/05\/IMG_5171-1536x1152.jpeg 1536w, https:\/\/kylat.ekarjala.fi\/lassila-kuokkalampi\/wp-content\/uploads\/sites\/34\/2022\/05\/IMG_5171.jpeg 2048w\" sizes=\"(max-width: 1024px) 100vw, 1024px\" \/>\t\t\t\t\t\t\t\t\t\t\t\t\t\t\t<\/div>\n\t\t\t\t<\/div>\n\t\t\t\t<div class=\"elementor-element elementor-element-cd2b8f7 elementor-widget elementor-widget-image-box\" data-id=\"cd2b8f7\" data-element_type=\"widget\" data-e-type=\"widget\" data-widget_type=\"image-box.default\">\n\t\t\t\t<div class=\"elementor-widget-container\">\n\t\t\t\t\t<div class=\"elementor-image-box-wrapper\"><div class=\"elementor-image-box-content\"><h5 class=\"elementor-image-box-title\">Kuokkalammin seudun kyl\u00e4talo ry<\/h5><p class=\"elementor-image-box-description\">Kuokkalammin seudun kyl\u00e4talo ry:n perustava kokous pidettiin 10.10.2022.  Uuden yhdistyksen perustajaj\u00e4senin\u00e4 ovat Kuokkalammin Jahti, Kuokkalammin Martat ja Lassila-Kuokkalammin kyl\u00e4toimikunta. 4.12.2022 tehdyll\u00e4 kaupalla Kyl\u00e4talo ry:n omistukseen siirtyi Kuokkalammin nuorisoseuralta talo tontteineen. Yhdistyksen tarkoituksena on hallita, yll\u00e4pit\u00e4\u00e4, kunnostaa ja kehitt\u00e4\u00e4 kyl\u00e4taloa kyl\u00e4n asukkaiden viihtyvyyden ja hyvinvoinnin parantamiseksi. Kyl\u00e4talon tiloja vuokrataan sek\u00e4 j\u00e4senten ett\u00e4 ulkopuolisten toimijoiden k\u00e4ytt\u00f6\u00f6n. <br>Yhteystiedot:<br>puheenjohtaja Jarno Liukka p. 040 242 0334<br>sihteeri Sonja Tynkkynen p. 040 681 7163<br>rahastonhoitaja Tomi Raitoniemi<br>yhteyshenkil\u00f6 talon vuokraamisessa Mirja Henttonen p. 050 307 9494 <\/p><\/div><\/div>\t\t\t\t<\/div>\n\t\t\t\t<\/div>\n\t\t\t\t\t<\/div>\n\t\t<\/div>\n\t\t\t\t<div class=\"elementor-column elementor-col-50 elementor-inner-column elementor-element elementor-element-ae0f3f7\" data-id=\"ae0f3f7\" data-element_type=\"column\" data-e-type=\"column\">\n\t\t\t<div class=\"elementor-widget-wrap elementor-element-populated\">\n\t\t\t\t\t\t<div class=\"elementor-element elementor-element-b55f5fa elementor-widget elementor-widget-image\" data-id=\"b55f5fa\" data-element_type=\"widget\" data-e-type=\"widget\" data-widget_type=\"image.default\">\n\t\t\t\t<div class=\"elementor-widget-container\">\n\t\t\t\t\t\t\t\t\t\t\t\t\t\t\t<img decoding=\"async\" width=\"1024\" height=\"768\" src=\"https:\/\/kylat.ekarjala.fi\/lassila-kuokkalampi\/wp-content\/uploads\/sites\/34\/2022\/05\/IMG_5175-1024x768.jpeg\" class=\"attachment-large size-large wp-image-1129\" alt=\"\" srcset=\"https:\/\/kylat.ekarjala.fi\/lassila-kuokkalampi\/wp-content\/uploads\/sites\/34\/2022\/05\/IMG_5175-1024x768.jpeg 1024w, https:\/\/kylat.ekarjala.fi\/lassila-kuokkalampi\/wp-content\/uploads\/sites\/34\/2022\/05\/IMG_5175-300x225.jpeg 300w, https:\/\/kylat.ekarjala.fi\/lassila-kuokkalampi\/wp-content\/uploads\/sites\/34\/2022\/05\/IMG_5175-768x576.jpeg 768w, https:\/\/kylat.ekarjala.fi\/lassila-kuokkalampi\/wp-content\/uploads\/sites\/34\/2022\/05\/IMG_5175-1536x1152.jpeg 1536w, https:\/\/kylat.ekarjala.fi\/lassila-kuokkalampi\/wp-content\/uploads\/sites\/34\/2022\/05\/IMG_5175.jpeg 2048w\" sizes=\"(max-width: 1024px) 100vw, 1024px\" \/>\t\t\t\t\t\t\t\t\t\t\t\t\t\t\t<\/div>\n\t\t\t\t<\/div>\n\t\t\t\t<div class=\"elementor-element elementor-element-5a699c8 elementor-widget elementor-widget-image-box\" data-id=\"5a699c8\" data-element_type=\"widget\" data-e-type=\"widget\" data-widget_type=\"image-box.default\">\n\t\t\t\t<div class=\"elementor-widget-container\">\n\t\t\t\t\t<div class=\"elementor-image-box-wrapper\"><div class=\"elementor-image-box-content\"><h5 class=\"elementor-image-box-title\">Lassilan seuratalo ry<\/h5><p class=\"elementor-image-box-description\">Lassilan Seuratalo ry yll\u00e4pit\u00e4\u00e4 Lassilan kyl\u00e4n seurataloa. Yhdistys j\u00e4rjest\u00e4\u00e4 my\u00f6s tapahtumia talolla ja vuokraa tiloja yhdistyksen j\u00e4senten k\u00e4ytt\u00f6\u00f6n. <br>Yhteystiedot: <br>puheenjohtaja Pirjo Peltonen p. 050 530 0013 <br>sihteeri Tea Usvasuo p. 050 075 7647\n<\/p><\/div><\/div>\t\t\t\t<\/div>\n\t\t\t\t<\/div>\n\t\t\t\t\t<\/div>\n\t\t<\/div>\n\t\t\t\t\t<\/div>\n\t\t<\/section>\n\t\t\t\t\t<\/div>\n\t\t<\/div>\n\t\t\t\t\t<\/div>\n\t\t<\/section>\n\t\t\t\t<section class=\"elementor-section elementor-top-section elementor-element elementor-element-0dc8ec3 elementor-section-boxed elementor-section-height-default elementor-section-height-default\" data-id=\"0dc8ec3\" data-element_type=\"section\" data-e-type=\"section\">\n\t\t\t\t\t\t<div class=\"elementor-container elementor-column-gap-default\">\n\t\t\t\t\t<div class=\"elementor-column elementor-col-100 elementor-top-column elementor-element elementor-element-9201b7a\" data-id=\"9201b7a\" data-element_type=\"column\" data-e-type=\"column\">\n\t\t\t<div class=\"elementor-widget-wrap elementor-element-populated\">\n\t\t\t\t\t\t<section class=\"elementor-section elementor-inner-section elementor-element elementor-element-3832554 elementor-section-boxed elementor-section-height-default elementor-section-height-default\" data-id=\"3832554\" data-element_type=\"section\" data-e-type=\"section\">\n\t\t\t\t\t\t<div class=\"elementor-container elementor-column-gap-default\">\n\t\t\t\t\t<div class=\"elementor-column elementor-col-50 elementor-inner-column elementor-element elementor-element-fca69ea\" data-id=\"fca69ea\" data-element_type=\"column\" data-e-type=\"column\">\n\t\t\t<div class=\"elementor-widget-wrap elementor-element-populated\">\n\t\t\t\t\t\t<div class=\"elementor-element elementor-element-3385f7e elementor-widget elementor-widget-image\" data-id=\"3385f7e\" data-element_type=\"widget\" data-e-type=\"widget\" data-widget_type=\"image.default\">\n\t\t\t\t<div class=\"elementor-widget-container\">\n\t\t\t\t\t\t\t\t\t\t\t\t\t\t\t<img decoding=\"async\" src=\"https:\/\/kylat.ekarjala.fi\/lassila-kuokkalampi\/wp-content\/uploads\/sites\/34\/2012\/01\/Kota-pieniKlampi1.jpg\" title=\"\" alt=\"\" loading=\"lazy\" \/>\t\t\t\t\t\t\t\t\t\t\t\t\t\t\t<\/div>\n\t\t\t\t<\/div>\n\t\t\t\t<div class=\"elementor-element elementor-element-8157f09 elementor-position-top elementor-widget elementor-widget-image-box\" data-id=\"8157f09\" data-element_type=\"widget\" data-e-type=\"widget\" data-widget_type=\"image-box.default\">\n\t\t\t\t<div class=\"elementor-widget-container\">\n\t\t\t\t\t<div class=\"elementor-image-box-wrapper\"><figure class=\"elementor-image-box-img\"><img decoding=\"async\" width=\"1000\" height=\"750\" src=\"https:\/\/kylat.ekarjala.fi\/lassila-kuokkalampi\/wp-content\/uploads\/sites\/34\/2012\/01\/Kota-pieniKlampi.jpg\" class=\"attachment-full size-full wp-image-241\" alt=\"\" \/><\/figure><div class=\"elementor-image-box-content\"><h5 class=\"elementor-image-box-title\">Kuokkalammin Jahti<\/h5><p class=\"elementor-image-box-description\">Kuokkalammin Jahti harjoittaa kaikenlaista mets\u00e4styst\u00e4 ja riistakantojen hoitoa ja yll\u00e4pitoa. Seuralla on kota mets\u00e4st\u00e4jien taukopaikaksi sek\u00e4 rekkakylmi\u00f6 saaliin j\u00e4\u00e4hdytykseen. <br>Yhteystiedot: <br>puheenjohtaja Juha Lifl\u00e4nder p. 050 018 3681 <br>sihteeri Veli-Pekka Smura p. 045 804 1080<\/p><\/div><\/div>\t\t\t\t<\/div>\n\t\t\t\t<\/div>\n\t\t\t\t\t<\/div>\n\t\t<\/div>\n\t\t\t\t<div class=\"elementor-column elementor-col-50 elementor-inner-column elementor-element elementor-element-cd720ef\" data-id=\"cd720ef\" data-element_type=\"column\" data-e-type=\"column\">\n\t\t\t<div class=\"elementor-widget-wrap elementor-element-populated\">\n\t\t\t\t\t\t<div class=\"elementor-element elementor-element-82d9e79 elementor-widget elementor-widget-image\" data-id=\"82d9e79\" data-element_type=\"widget\" data-e-type=\"widget\" data-widget_type=\"image.default\">\n\t\t\t\t<div class=\"elementor-widget-container\">\n\t\t\t\t\t\t\t\t\t\t\t\t\t\t\t<img loading=\"lazy\" decoding=\"async\" width=\"1024\" height=\"768\" src=\"https:\/\/kylat.ekarjala.fi\/lassila-kuokkalampi\/wp-content\/uploads\/sites\/34\/2022\/04\/IMG_4760-1024x768.jpg\" class=\"attachment-large size-large wp-image-757\" alt=\"\" srcset=\"https:\/\/kylat.ekarjala.fi\/lassila-kuokkalampi\/wp-content\/uploads\/sites\/34\/2022\/04\/IMG_4760-1024x768.jpg 1024w, https:\/\/kylat.ekarjala.fi\/lassila-kuokkalampi\/wp-content\/uploads\/sites\/34\/2022\/04\/IMG_4760-300x225.jpg 300w, https:\/\/kylat.ekarjala.fi\/lassila-kuokkalampi\/wp-content\/uploads\/sites\/34\/2022\/04\/IMG_4760-768x576.jpg 768w, https:\/\/kylat.ekarjala.fi\/lassila-kuokkalampi\/wp-content\/uploads\/sites\/34\/2022\/04\/IMG_4760-1536x1152.jpg 1536w, https:\/\/kylat.ekarjala.fi\/lassila-kuokkalampi\/wp-content\/uploads\/sites\/34\/2022\/04\/IMG_4760-2048x1536.jpg 2048w\" sizes=\"(max-width: 1024px) 100vw, 1024px\" \/>\t\t\t\t\t\t\t\t\t\t\t\t\t\t\t<\/div>\n\t\t\t\t<\/div>\n\t\t\t\t<div class=\"elementor-element elementor-element-0d35788 elementor-widget elementor-widget-image-box\" data-id=\"0d35788\" data-element_type=\"widget\" data-e-type=\"widget\" data-widget_type=\"image-box.default\">\n\t\t\t\t<div class=\"elementor-widget-container\">\n\t\t\t\t\t<div class=\"elementor-image-box-wrapper\"><div class=\"elementor-image-box-content\"><h5 class=\"elementor-image-box-title\">Lassilan Er\u00e4<\/h5><p class=\"elementor-image-box-description\">Mets\u00e4stysseura Lassilan Er\u00e4 harrastaa suur- ja pienriistan mets\u00e4styst\u00e4, riistanhoitoa ja riistakantojen yll\u00e4pitoa. Mets\u00e4stysseuralla on Mets\u00e4tupa- niminen kokoontumispaikka, jossa on saaliin k\u00e4sittelyyn rakennetut tilat ja noin kymmenen hengen kokoustila. Pihassa on kota mets\u00e4st\u00e4jien taukopaikaksi. Kota ja mets\u00e4tupa ovat my\u00f6s kyl\u00e4l\u00e4isten k\u00e4ytett\u00e4viss\u00e4. <br>Yhteystiedot: <br>puheenjohtaja Atte Lempi\u00e4inen p. 045 207 0013 <br>sihteeri Tea Usvasuo p. 050 075 7647<br>s\u00e4hk\u00f6posti: tea.usvasuo@gmail.com<\/p><\/div><\/div>\t\t\t\t<\/div>\n\t\t\t\t<\/div>\n\t\t\t\t\t<\/div>\n\t\t<\/div>\n\t\t\t\t\t<\/div>\n\t\t<\/section>\n\t\t\t\t\t<\/div>\n\t\t<\/div>\n\t\t\t\t\t<\/div>\n\t\t<\/section>\n\t\t\t\t<section class=\"elementor-section elementor-top-section elementor-element elementor-element-358d021 elementor-section-boxed elementor-section-height-default elementor-section-height-default\" data-id=\"358d021\" data-element_type=\"section\" data-e-type=\"section\">\n\t\t\t\t\t\t<div class=\"elementor-container elementor-column-gap-default\">\n\t\t\t\t\t<div class=\"elementor-column elementor-col-100 elementor-top-column elementor-element elementor-element-3ac521f\" data-id=\"3ac521f\" data-element_type=\"column\" data-e-type=\"column\">\n\t\t\t<div class=\"elementor-widget-wrap elementor-element-populated\">\n\t\t\t\t\t\t<section class=\"elementor-section elementor-inner-section elementor-element elementor-element-ca49f58 elementor-section-boxed elementor-section-height-default elementor-section-height-default\" data-id=\"ca49f58\" data-element_type=\"section\" data-e-type=\"section\">\n\t\t\t\t\t\t<div class=\"elementor-container elementor-column-gap-default\">\n\t\t\t\t\t<div class=\"elementor-column elementor-col-50 elementor-inner-column elementor-element elementor-element-8978f8f\" data-id=\"8978f8f\" data-element_type=\"column\" data-e-type=\"column\">\n\t\t\t<div class=\"elementor-widget-wrap elementor-element-populated\">\n\t\t\t\t\t\t<div class=\"elementor-element elementor-element-5245c62 elementor-widget elementor-widget-image\" data-id=\"5245c62\" data-element_type=\"widget\" data-e-type=\"widget\" data-widget_type=\"image.default\">\n\t\t\t\t<div class=\"elementor-widget-container\">\n\t\t\t\t\t\t\t\t\t\t\t\t\t\t\t<img loading=\"lazy\" decoding=\"async\" width=\"769\" height=\"1024\" src=\"https:\/\/kylat.ekarjala.fi\/lassila-kuokkalampi\/wp-content\/uploads\/sites\/34\/2022\/06\/3232f7d4-2e96-47f8-bcd9-06885228492f-769x1024.jpg\" class=\"attachment-large size-large wp-image-1528\" alt=\"\" srcset=\"https:\/\/kylat.ekarjala.fi\/lassila-kuokkalampi\/wp-content\/uploads\/sites\/34\/2022\/06\/3232f7d4-2e96-47f8-bcd9-06885228492f-769x1024.jpg 769w, https:\/\/kylat.ekarjala.fi\/lassila-kuokkalampi\/wp-content\/uploads\/sites\/34\/2022\/06\/3232f7d4-2e96-47f8-bcd9-06885228492f-225x300.jpg 225w, https:\/\/kylat.ekarjala.fi\/lassila-kuokkalampi\/wp-content\/uploads\/sites\/34\/2022\/06\/3232f7d4-2e96-47f8-bcd9-06885228492f-768x1023.jpg 768w, https:\/\/kylat.ekarjala.fi\/lassila-kuokkalampi\/wp-content\/uploads\/sites\/34\/2022\/06\/3232f7d4-2e96-47f8-bcd9-06885228492f-1153x1536.jpg 1153w, https:\/\/kylat.ekarjala.fi\/lassila-kuokkalampi\/wp-content\/uploads\/sites\/34\/2022\/06\/3232f7d4-2e96-47f8-bcd9-06885228492f.jpg 1201w\" sizes=\"(max-width: 769px) 100vw, 769px\" \/>\t\t\t\t\t\t\t\t\t\t\t\t\t\t\t<\/div>\n\t\t\t\t<\/div>\n\t\t\t\t<div class=\"elementor-element elementor-element-7c2cc34 elementor-widget elementor-widget-image-box\" data-id=\"7c2cc34\" data-element_type=\"widget\" data-e-type=\"widget\" data-widget_type=\"image-box.default\">\n\t\t\t\t<div class=\"elementor-widget-container\">\n\t\t\t\t\t<div class=\"elementor-image-box-wrapper\"><div class=\"elementor-image-box-content\"><h5 class=\"elementor-image-box-title\">Kuokkalammin Martat<\/h5><p class=\"elementor-image-box-description\">Kuokkalammin Martat on perustettu 23.9.1945 marttakerhoksi ja 1.1.1947 marttayhdistykseksi. Martat ovat toimineet pitk\u00e4j\u00e4nteisesti erilaisten opinto- ja harrastuspiirien kautta. Nykyisin martat j\u00e4rjest\u00e4v\u00e4t virkistystoimintaa mm. teatterimatkojen ja jouluaterioiden muodossa. Kuokkalammin Martat ovat olleet mukana my\u00f6s P\u00e4iv\u00e4 Museotiell\u00e4 -tapahtuman j\u00e4rjest\u00e4misess\u00e4. <br>Yhteystiedot:<br>puheenjohtaja Mirja Henttonen p. 050 307 9494  <br>sihteeri Jaana Kokkonen<\/p><\/div><\/div>\t\t\t\t<\/div>\n\t\t\t\t<\/div>\n\t\t\t\t\t<\/div>\n\t\t<\/div>\n\t\t\t\t<div class=\"elementor-column elementor-col-50 elementor-inner-column elementor-element elementor-element-aa5ba10\" data-id=\"aa5ba10\" data-element_type=\"column\" data-e-type=\"column\">\n\t\t\t<div class=\"elementor-widget-wrap elementor-element-populated\">\n\t\t\t\t\t\t<div class=\"elementor-element elementor-element-2ac04bf elementor-widget elementor-widget-image\" data-id=\"2ac04bf\" data-element_type=\"widget\" data-e-type=\"widget\" data-widget_type=\"image.default\">\n\t\t\t\t<div class=\"elementor-widget-container\">\n\t\t\t\t\t\t\t\t\t\t\t\t\t\t\t<img loading=\"lazy\" decoding=\"async\" width=\"1024\" height=\"768\" src=\"https:\/\/kylat.ekarjala.fi\/lassila-kuokkalampi\/wp-content\/uploads\/sites\/34\/2022\/05\/IMG_1267-1024x768.jpg\" class=\"attachment-large size-large wp-image-1214\" alt=\"\" srcset=\"https:\/\/kylat.ekarjala.fi\/lassila-kuokkalampi\/wp-content\/uploads\/sites\/34\/2022\/05\/IMG_1267-1024x768.jpg 1024w, https:\/\/kylat.ekarjala.fi\/lassila-kuokkalampi\/wp-content\/uploads\/sites\/34\/2022\/05\/IMG_1267-300x225.jpg 300w, https:\/\/kylat.ekarjala.fi\/lassila-kuokkalampi\/wp-content\/uploads\/sites\/34\/2022\/05\/IMG_1267-768x576.jpg 768w, https:\/\/kylat.ekarjala.fi\/lassila-kuokkalampi\/wp-content\/uploads\/sites\/34\/2022\/05\/IMG_1267-1536x1152.jpg 1536w, https:\/\/kylat.ekarjala.fi\/lassila-kuokkalampi\/wp-content\/uploads\/sites\/34\/2022\/05\/IMG_1267-2048x1536.jpg 2048w\" sizes=\"(max-width: 1024px) 100vw, 1024px\" \/>\t\t\t\t\t\t\t\t\t\t\t\t\t\t\t<\/div>\n\t\t\t\t<\/div>\n\t\t\t\t<div class=\"elementor-element elementor-element-5964ffb elementor-widget elementor-widget-image-box\" data-id=\"5964ffb\" data-element_type=\"widget\" data-e-type=\"widget\" data-widget_type=\"image-box.default\">\n\t\t\t\t<div class=\"elementor-widget-container\">\n\t\t\t\t\t<div class=\"elementor-image-box-wrapper\"><div class=\"elementor-image-box-content\"><h5 class=\"elementor-image-box-title\">Ruokolahden Raju KPL-osasto<\/h5><p class=\"elementor-image-box-description\">Urheiluseura Ruokolahden Rajun toimintaa on j\u00e4rjestetty kylill\u00e4 kyl\u00e4osastojen organisoimana. Ruokolahden Raju perustettiin vuonna 1933 ja Kuokkalampi-Puntala-Lassila -kyl\u00e4osaston (eli KPL-osaston) toiminta alkoi jo seuraavana vuonna. Yleisurheilu, hiihto ja voimistelu olivat lajeja, joita kylill\u00e4 harrastettiin. Nykyisin kylill\u00e4 ei en\u00e4\u00e4 j\u00e4rjest\u00e4 varsinaista urheilutoimintaa. <br>KPL-osasto tukee alueen kuntoliikuntaa yll\u00e4pit\u00e4m\u00e4ll\u00e4 Lassilassa Latumajaa, kyl\u00e4latua ja valaistua latua. Talvisin merkint\u00f6j\u00e4 hiihtosuorituksista kertyy muutamia satoja. Latumaja on talvisin l\u00e4mmin ja viereisess\u00e4 grillikatoksessa voi vapaasti pit\u00e4\u00e4 tulta ja sy\u00f6d\u00e4 ev\u00e4it\u00e4. <br>Yhteystiedot: <br>puheenjohtaja Heikki Matikainen p. 050 324 9463<br>sihteeri Irja Savolainen p. 050 536 7831<\/p><\/div><\/div>\t\t\t\t<\/div>\n\t\t\t\t<\/div>\n\t\t\t\t\t<\/div>\n\t\t<\/div>\n\t\t\t\t\t<\/div>\n\t\t<\/section>\n\t\t\t\t\t<\/div>\n\t\t<\/div>\n\t\t\t\t\t<\/div>\n\t\t<\/section>\n\t\t\t\t<\/div>\n\t\t","protected":false},"excerpt":{"rendered":"<p>Yhdistykset kyliss\u00e4 toimivia yhdistyksi\u00e4 Kuokkalammin seudun kyl\u00e4talo ry Kuokkalammin seudun kyl\u00e4talo ry:n perustava kokous pidettiin 10.10.2022. Uuden yhdistyksen perustajaj\u00e4senin\u00e4 ovat Kuokkalammin Jahti, Kuokkalammin Martat ja Lassila-Kuokkalammin kyl\u00e4toimikunta. 4.12.2022 tehdyll\u00e4 kaupalla Kyl\u00e4talo ry:n omistukseen siirtyi Kuokkalammin nuorisoseuralta talo tontteineen. Yhdistyksen tarkoituksena on hallita, yll\u00e4pit\u00e4\u00e4, kunnostaa ja kehitt\u00e4\u00e4 kyl\u00e4taloa kyl\u00e4n asukkaiden viihtyvyyden ja hyvinvoinnin parantamiseksi. Kyl\u00e4talon tiloja [&hellip;]<\/p>\n","protected":false},"author":175,"featured_media":0,"parent":0,"menu_order":0,"comment_status":"closed","ping_status":"closed","template":"","meta":{"site-sidebar-layout":"no-sidebar","site-content-layout":"page-builder","ast-site-content-layout":"default","site-content-style":"default","site-sidebar-style":"default","ast-global-header-display":"","ast-banner-title-visibility":"","ast-main-header-display":"","ast-hfb-above-header-display":"","ast-hfb-below-header-display":"","ast-hfb-mobile-header-display":"","site-post-title":"disabled","ast-breadcrumbs-content":"","ast-featured-img":"disabled","footer-sml-layout":"","ast-disable-related-posts":"","theme-transparent-header-meta":"","adv-header-id-meta":"","stick-header-meta":"","header-above-stick-meta":"","header-main-stick-meta":"","header-below-stick-meta":"","astra-migrate-meta-layouts":"default","ast-page-background-enabled":"default","ast-page-background-meta":{"desktop":{"background-color":"","background-image":"","background-repeat":"repeat","background-position":"center center","background-size":"auto","background-attachment":"scroll","background-type":"","background-media":"","overlay-type":"","overlay-color":"","overlay-opacity":"","overlay-gradient":""},"tablet":{"background-color":"","background-image":"","background-repeat":"repeat","background-position":"center center","background-size":"auto","background-attachment":"scroll","background-type":"","background-media":"","overlay-type":"","overlay-color":"","overlay-opacity":"","overlay-gradient":""},"mobile":{"background-color":"","background-image":"","background-repeat":"repeat","background-position":"center center","background-size":"auto","background-attachment":"scroll","background-type":"","background-media":"","overlay-type":"","overlay-color":"","overlay-opacity":"","overlay-gradient":""}},"ast-content-background-meta":{"desktop":{"background-color":"var(--ast-global-color-5)","background-image":"","background-repeat":"repeat","background-position":"center center","background-size":"auto","background-attachment":"scroll","background-type":"","background-media":"","overlay-type":"","overlay-color":"","overlay-opacity":"","overlay-gradient":""},"tablet":{"background-color":"var(--ast-global-color-5)","background-image":"","background-repeat":"repeat","background-position":"center center","background-size":"auto","background-attachment":"scroll","background-type":"","background-media":"","overlay-type":"","overlay-color":"","overlay-opacity":"","overlay-gradient":""},"mobile":{"background-color":"var(--ast-global-color-5)","background-image":"","background-repeat":"repeat","background-position":"center center","background-size":"auto","background-attachment":"scroll","background-type":"","background-media":"","overlay-type":"","overlay-color":"","overlay-opacity":"","overlay-gradient":""}},"footnotes":""},"class_list":["post-640","page","type-page","status-publish","hentry"],"_links":{"self":[{"href":"https:\/\/kylat.ekarjala.fi\/lassila-kuokkalampi\/wp-json\/wp\/v2\/pages\/640","targetHints":{"allow":["GET"]}}],"collection":[{"href":"https:\/\/kylat.ekarjala.fi\/lassila-kuokkalampi\/wp-json\/wp\/v2\/pages"}],"about":[{"href":"https:\/\/kylat.ekarjala.fi\/lassila-kuokkalampi\/wp-json\/wp\/v2\/types\/page"}],"author":[{"embeddable":true,"href":"https:\/\/kylat.ekarjala.fi\/lassila-kuokkalampi\/wp-json\/wp\/v2\/users\/175"}],"replies":[{"embeddable":true,"href":"https:\/\/kylat.ekarjala.fi\/lassila-kuokkalampi\/wp-json\/wp\/v2\/comments?post=640"}],"version-history":[{"count":20,"href":"https:\/\/kylat.ekarjala.fi\/lassila-kuokkalampi\/wp-json\/wp\/v2\/pages\/640\/revisions"}],"predecessor-version":[{"id":1695,"href":"https:\/\/kylat.ekarjala.fi\/lassila-kuokkalampi\/wp-json\/wp\/v2\/pages\/640\/revisions\/1695"}],"wp:attachment":[{"href":"https:\/\/kylat.ekarjala.fi\/lassila-kuokkalampi\/wp-json\/wp\/v2\/media?parent=640"}],"curies":[{"name":"wp","href":"https:\/\/api.w.org\/{rel}","templated":true}]}}