{"id":8,"date":"2018-11-27T09:17:56","date_gmt":"2018-11-27T09:17:56","guid":{"rendered":"https:\/\/kylat.ekarjala.fi\/lassila-kuokkalampi\/contact\/"},"modified":"2022-05-30T07:07:23","modified_gmt":"2022-05-30T07:07:23","slug":"kylatoimikunta","status":"publish","type":"page","link":"https:\/\/kylat.ekarjala.fi\/lassila-kuokkalampi\/kylatoimikunta\/","title":{"rendered":"Kyl\u00e4toimikunta"},"content":{"rendered":"\t\t<div data-elementor-type=\"wp-post\" data-elementor-id=\"8\" class=\"elementor elementor-8\" data-elementor-post-type=\"page\">\n\t\t\t\t\t\t<section class=\"elementor-section elementor-top-section elementor-element elementor-element-3906703 elementor-section-boxed elementor-section-height-default elementor-section-height-default\" data-id=\"3906703\" data-element_type=\"section\" data-e-type=\"section\" data-settings=\"{&quot;background_background&quot;:&quot;classic&quot;}\">\n\t\t\t\t\t\t\t<div class=\"elementor-background-overlay\"><\/div>\n\t\t\t\t\t\t\t<div class=\"elementor-container elementor-column-gap-default\">\n\t\t\t\t\t<div class=\"elementor-column elementor-col-100 elementor-top-column elementor-element elementor-element-24c9f1f\" data-id=\"24c9f1f\" data-element_type=\"column\" data-e-type=\"column\">\n\t\t\t<div class=\"elementor-widget-wrap elementor-element-populated\">\n\t\t\t\t\t\t<div class=\"elementor-element elementor-element-a5e247a elementor-widget elementor-widget-heading\" data-id=\"a5e247a\" data-element_type=\"widget\" data-e-type=\"widget\" data-widget_type=\"heading.default\">\n\t\t\t\t<div class=\"elementor-widget-container\">\n\t\t\t\t\t<h1 class=\"elementor-heading-title elementor-size-default\">kyl\u00e4toimikunta<\/h1>\t\t\t\t<\/div>\n\t\t\t\t<\/div>\n\t\t\t\t\t<\/div>\n\t\t<\/div>\n\t\t\t\t\t<\/div>\n\t\t<\/section>\n\t\t\t\t<section class=\"elementor-section elementor-top-section elementor-element elementor-element-00df5ed elementor-section-boxed elementor-section-height-default elementor-section-height-default\" data-id=\"00df5ed\" data-element_type=\"section\" data-e-type=\"section\">\n\t\t\t\t\t\t<div class=\"elementor-container elementor-column-gap-default\">\n\t\t\t\t\t<div class=\"elementor-column elementor-col-100 elementor-top-column elementor-element elementor-element-b11316a\" data-id=\"b11316a\" data-element_type=\"column\" data-e-type=\"column\">\n\t\t\t<div class=\"elementor-widget-wrap elementor-element-populated\">\n\t\t\t\t\t\t<div class=\"elementor-element elementor-element-9befe44 elementor-widget elementor-widget-spacer\" data-id=\"9befe44\" data-element_type=\"widget\" data-e-type=\"widget\" data-widget_type=\"spacer.default\">\n\t\t\t\t<div class=\"elementor-widget-container\">\n\t\t\t\t\t\t\t<div class=\"elementor-spacer\">\n\t\t\t<div class=\"elementor-spacer-inner\"><\/div>\n\t\t<\/div>\n\t\t\t\t\t\t<\/div>\n\t\t\t\t<\/div>\n\t\t\t\t\t<\/div>\n\t\t<\/div>\n\t\t\t\t\t<\/div>\n\t\t<\/section>\n\t\t\t\t<section class=\"elementor-section elementor-top-section elementor-element elementor-element-65921e1 elementor-section-boxed elementor-section-height-default elementor-section-height-default\" data-id=\"65921e1\" data-element_type=\"section\" data-e-type=\"section\">\n\t\t\t\t\t\t<div class=\"elementor-container elementor-column-gap-default\">\n\t\t\t\t\t<div class=\"elementor-column elementor-col-100 elementor-top-column elementor-element elementor-element-9a32d73\" data-id=\"9a32d73\" data-element_type=\"column\" data-e-type=\"column\">\n\t\t\t<div class=\"elementor-widget-wrap elementor-element-populated\">\n\t\t\t\t\t\t<div class=\"elementor-element elementor-element-006a232 elementor-widget elementor-widget-heading\" data-id=\"006a232\" data-element_type=\"widget\" data-e-type=\"widget\" data-widget_type=\"heading.default\">\n\t\t\t\t<div class=\"elementor-widget-container\">\n\t\t\t\t\t<h2 class=\"elementor-heading-title elementor-size-default\">Lassila-Kuokkalammin kyl\u00e4toimikunta<\/h2>\t\t\t\t<\/div>\n\t\t\t\t<\/div>\n\t\t\t\t\t<\/div>\n\t\t<\/div>\n\t\t\t\t\t<\/div>\n\t\t<\/section>\n\t\t\t\t<section class=\"elementor-section elementor-top-section elementor-element elementor-element-3e6eb55 elementor-section-boxed elementor-section-height-default elementor-section-height-default\" data-id=\"3e6eb55\" data-element_type=\"section\" data-e-type=\"section\">\n\t\t\t\t\t\t<div class=\"elementor-container elementor-column-gap-default\">\n\t\t\t\t\t<div class=\"elementor-column elementor-col-100 elementor-top-column elementor-element elementor-element-8a63c41\" data-id=\"8a63c41\" data-element_type=\"column\" data-e-type=\"column\">\n\t\t\t<div class=\"elementor-widget-wrap elementor-element-populated\">\n\t\t\t\t\t\t<div class=\"elementor-element elementor-element-b738278 elementor-widget elementor-widget-text-editor\" data-id=\"b738278\" data-element_type=\"widget\" data-e-type=\"widget\" data-widget_type=\"text-editor.default\">\n\t\t\t\t<div class=\"elementor-widget-container\">\n\t\t\t\t\t\t\t\t\t<p>Vuonna 1984 perustettiin Lassilan kyl\u00e4toimikunta. Kyl\u00e4toimikunnan teht\u00e4v\u00e4n\u00e4 oli kyl\u00e4n yhteisten asioiden hoitaminen. Kyl\u00e4toimikunnan ensimm\u00e4isen\u00e4 puheenjohtajana toimi Rauno Savolainen ja sihteerin\u00e4 Mirja Henttonen.<\/p><p>Vuonna 1997 Kuokkalammin kyl\u00e4 halusi liitty\u00e4 Lassilan kanssa yhteiseen kyl\u00e4toimikuntaan ja s\u00e4\u00e4nt\u00f6muutoksella toiminta-alueeksi tulikin Lassilan ja Kuokkalammin kyl\u00e4t sek\u00e4 nimeksi nykyinen Lassila-Kuokkalampi kyl\u00e4toimikunta.<\/p><p>Kyl\u00e4toimikunta on aktivoinut kyl\u00e4l\u00e4isi\u00e4 monenlaisten talkoiden avulla kunnostamaan ja yll\u00e4pit\u00e4m\u00e4\u00e4n kyl\u00e4n yhteisi\u00e4 liikunta- ja kokoontumispaikkoja. Toiminnan alkuvuosina oli iso ponnistus rakentaa valaistulatu ja Latumaja Lassilaan. 2000-luvun alkupuolella vastaavanlainen iso urakka oli lintutornin ja pitkospuiden rakentaminen Kuokkalammille. Vuosittain toistuvat tapahtumat kuten kuutamohiihto ja pilkkikilpailut ovat ker\u00e4nneet uskolliset k\u00e4vij\u00e4ns\u00e4 koolle. P\u00e4iv\u00e4 museotiell\u00e4-tapahtuma on ollut merkitt\u00e4v\u00e4 yhteinen tapahtuma Museotien varren kylille ja siin\u00e4 kyl\u00e4toimikuntamme on ollut aktiivisesti mukana.<\/p><p>Kyl\u00e4toimikunta on laatinut ensimm\u00e4isen kyl\u00e4suunnitelman 2004. Kyl\u00e4suunnitelmaa on p\u00e4ivitetty kaksi kertaa ja viimeisin p\u00e4ivitys on vuodelta 2019.\u00a0<\/p>\t\t\t\t\t\t\t\t<\/div>\n\t\t\t\t<\/div>\n\t\t\t\t<div class=\"elementor-element elementor-element-0592aa9 elementor-align-center elementor-widget elementor-widget-button\" data-id=\"0592aa9\" data-element_type=\"widget\" data-e-type=\"widget\" data-widget_type=\"button.default\">\n\t\t\t\t<div class=\"elementor-widget-container\">\n\t\t\t\t\t\t\t\t\t<div class=\"elementor-button-wrapper\">\n\t\t\t\t\t<a class=\"elementor-button elementor-button-link elementor-size-sm\" href=\"https:\/\/kylat.ekarjala.fi\/lassila-kuokkalampi\/jasenet\/\">\n\t\t\t\t\t\t<span class=\"elementor-button-content-wrapper\">\n\t\t\t\t\t\t\t\t\t<span class=\"elementor-button-text\">j\u00e4senet<\/span>\n\t\t\t\t\t<\/span>\n\t\t\t\t\t<\/a>\n\t\t\t\t<\/div>\n\t\t\t\t\t\t\t\t<\/div>\n\t\t\t\t<\/div>\n\t\t\t\t<div class=\"elementor-element elementor-element-0bc8fac elementor-widget elementor-widget-spacer\" data-id=\"0bc8fac\" data-element_type=\"widget\" data-e-type=\"widget\" data-widget_type=\"spacer.default\">\n\t\t\t\t<div class=\"elementor-widget-container\">\n\t\t\t\t\t\t\t<div class=\"elementor-spacer\">\n\t\t\t<div class=\"elementor-spacer-inner\"><\/div>\n\t\t<\/div>\n\t\t\t\t\t\t<\/div>\n\t\t\t\t<\/div>\n\t\t\t\t\t<\/div>\n\t\t<\/div>\n\t\t\t\t\t<\/div>\n\t\t<\/section>\n\t\t\t\t<\/div>\n\t\t","protected":false},"excerpt":{"rendered":"<p>kyl\u00e4toimikunta Lassila-Kuokkalammin kyl\u00e4toimikunta Vuonna 1984 perustettiin Lassilan kyl\u00e4toimikunta. Kyl\u00e4toimikunnan teht\u00e4v\u00e4n\u00e4 oli kyl\u00e4n yhteisten asioiden hoitaminen. Kyl\u00e4toimikunnan ensimm\u00e4isen\u00e4 puheenjohtajana toimi Rauno Savolainen ja sihteerin\u00e4 Mirja Henttonen. Vuonna 1997 Kuokkalammin kyl\u00e4 halusi liitty\u00e4 Lassilan kanssa yhteiseen kyl\u00e4toimikuntaan ja s\u00e4\u00e4nt\u00f6muutoksella toiminta-alueeksi tulikin Lassilan ja Kuokkalammin kyl\u00e4t sek\u00e4 nimeksi nykyinen Lassila-Kuokkalampi kyl\u00e4toimikunta. Kyl\u00e4toimikunta on aktivoinut kyl\u00e4l\u00e4isi\u00e4 monenlaisten talkoiden avulla [&hellip;]<\/p>\n","protected":false},"author":175,"featured_media":0,"parent":0,"menu_order":0,"comment_status":"closed","ping_status":"closed","template":"","meta":{"site-sidebar-layout":"no-sidebar","site-content-layout":"page-builder","ast-site-content-layout":"default","site-content-style":"default","site-sidebar-style":"default","ast-global-header-display":"","ast-banner-title-visibility":"","ast-main-header-display":"","ast-hfb-above-header-display":"","ast-hfb-below-header-display":"","ast-hfb-mobile-header-display":"","site-post-title":"disabled","ast-breadcrumbs-content":"","ast-featured-img":"disabled","footer-sml-layout":"","ast-disable-related-posts":"","theme-transparent-header-meta":"enabled","adv-header-id-meta":"","stick-header-meta":"","header-above-stick-meta":"","header-main-stick-meta":"","header-below-stick-meta":"","astra-migrate-meta-layouts":"default","ast-page-background-enabled":"default","ast-page-background-meta":{"desktop":{"background-color":"","background-image":"","background-repeat":"repeat","background-position":"center center","background-size":"auto","background-attachment":"scroll","background-type":"","background-media":"","overlay-type":"","overlay-color":"","overlay-opacity":"","overlay-gradient":""},"tablet":{"background-color":"","background-image":"","background-repeat":"repeat","background-position":"center center","background-size":"auto","background-attachment":"scroll","background-type":"","background-media":"","overlay-type":"","overlay-color":"","overlay-opacity":"","overlay-gradient":""},"mobile":{"background-color":"","background-image":"","background-repeat":"repeat","background-position":"center center","background-size":"auto","background-attachment":"scroll","background-type":"","background-media":"","overlay-type":"","overlay-color":"","overlay-opacity":"","overlay-gradient":""}},"ast-content-background-meta":{"desktop":{"background-color":"var(--ast-global-color-5)","background-image":"","background-repeat":"repeat","background-position":"center center","background-size":"auto","background-attachment":"scroll","background-type":"","background-media":"","overlay-type":"","overlay-color":"","overlay-opacity":"","overlay-gradient":""},"tablet":{"background-color":"var(--ast-global-color-5)","background-image":"","background-repeat":"repeat","background-position":"center center","background-size":"auto","background-attachment":"scroll","background-type":"","background-media":"","overlay-type":"","overlay-color":"","overlay-opacity":"","overlay-gradient":""},"mobile":{"background-color":"var(--ast-global-color-5)","background-image":"","background-repeat":"repeat","background-position":"center center","background-size":"auto","background-attachment":"scroll","background-type":"","background-media":"","overlay-type":"","overlay-color":"","overlay-opacity":"","overlay-gradient":""}},"footnotes":""},"class_list":["post-8","page","type-page","status-publish","hentry"],"_links":{"self":[{"href":"https:\/\/kylat.ekarjala.fi\/lassila-kuokkalampi\/wp-json\/wp\/v2\/pages\/8","targetHints":{"allow":["GET"]}}],"collection":[{"href":"https:\/\/kylat.ekarjala.fi\/lassila-kuokkalampi\/wp-json\/wp\/v2\/pages"}],"about":[{"href":"https:\/\/kylat.ekarjala.fi\/lassila-kuokkalampi\/wp-json\/wp\/v2\/types\/page"}],"author":[{"embeddable":true,"href":"https:\/\/kylat.ekarjala.fi\/lassila-kuokkalampi\/wp-json\/wp\/v2\/users\/175"}],"replies":[{"embeddable":true,"href":"https:\/\/kylat.ekarjala.fi\/lassila-kuokkalampi\/wp-json\/wp\/v2\/comments?post=8"}],"version-history":[{"count":20,"href":"https:\/\/kylat.ekarjala.fi\/lassila-kuokkalampi\/wp-json\/wp\/v2\/pages\/8\/revisions"}],"predecessor-version":[{"id":1521,"href":"https:\/\/kylat.ekarjala.fi\/lassila-kuokkalampi\/wp-json\/wp\/v2\/pages\/8\/revisions\/1521"}],"wp:attachment":[{"href":"https:\/\/kylat.ekarjala.fi\/lassila-kuokkalampi\/wp-json\/wp\/v2\/media?parent=8"}],"curies":[{"name":"wp","href":"https:\/\/api.w.org\/{rel}","templated":true}]}}