{"id":17,"date":"2014-12-09T10:04:16","date_gmt":"2014-12-09T08:04:16","guid":{"rendered":"https:\/\/kylat.ekarjala.fi\/leminkylat\/?page_id=17"},"modified":"2014-12-09T10:04:16","modified_gmt":"2014-12-09T08:04:16","slug":"kuukanniemi","status":"publish","type":"page","link":"https:\/\/kylat.ekarjala.fi\/leminkylat\/kuukanniemi\/","title":{"rendered":"Kuukanniemi"},"content":{"rendered":"<p><a href=\"https:\/\/kylat.ekarjala.fi\/leminkylat\/wp-content\/uploads\/sites\/80\/2014\/12\/kuukanniemi3.jpg\"><img loading=\"lazy\" decoding=\"async\" class=\"size-thumbnail wp-image-18 alignright\" src=\"https:\/\/kylat.ekarjala.fi\/leminkylat\/wp-content\/uploads\/sites\/80\/2014\/12\/kuukanniemi3-150x150.jpg\" alt=\"kuukanniemi3\" width=\"150\" height=\"150\" \/><\/a> \u00a0Kuukanniemi on rauhallinen ja turvallinen taajama, jossa viihtyv\u00e4t sek\u00e4 lapsiperheet ett\u00e4 varttuneempi v\u00e4ki. 750 asukkaan taajamassa t\u00e4rkeimm\u00e4t palvelut ovat l\u00e4hell\u00e4. 1.-6 -luokkalaiset k\u00e4yv\u00e4t omassa koulussa, jonka tiloissa ovat kirjasto, neuvola ja liikuntasali. Taajamassa my\u00f6s p\u00e4iv\u00e4koti ja seurakuntakoti. Liikekeskuksessa toimii viel\u00e4 baari-kahvila ja parturi-kampaamo. Uusi p\u00e4ivitt\u00e4istavarakauppa Sale, sek\u00e4 ABC-polttoaineen jakeluautomaatti ovat aloittaneet toimintansa v. 2012.<\/p>\n<p><strong>Taajama maaseutumaisemassa<\/strong><\/p>\n<p><img loading=\"lazy\" decoding=\"async\" class=\"size-thumbnail wp-image-19 alignright\" src=\"https:\/\/kylat.ekarjala.fi\/leminkylat\/wp-content\/uploads\/sites\/80\/2014\/12\/kuukanniemi2-150x150.jpg\" alt=\"kuukanniemi2\" width=\"150\" height=\"150\" \/>Taajama sijaitsee Kotaj\u00e4rven rannalla Lemin koillisosassa. Pientaloalueelta on hyv\u00e4t yhteydet Lappeenrantaan, sill\u00e4 taajama sijaitsee valtatie 13 tuntumassa. Arkip\u00e4ivin\u00e4 kaupunkiin p\u00e4\u00e4see linja-autolla noin tunnin v\u00e4lein. Matkaa Lappeenrantaan on 17 km ja Lemin kirkonkyl\u00e4lle 13 km.<br \/>\nKuukanniemen rakentaminen alkoi 1970 muutaman maatilan ymp\u00e4rille. Edelleen 750 asukkaan taajaman kaduilta voi ihailla j\u00e4rvimaisemaa, viljeltyj\u00e4 peltoja ja m\u00e4ntymets\u00e4isi\u00e4 harjuja. Rakennetut talot sopivat kauniisti maisemaan. Mukavaa asuinaluetta rakennetaan edelleen. Vapaista tonteista, l\u00f6ytyy tietoja www.lemi.fi sivuilla. Alueella on runsaasti kes\u00e4m\u00f6kkej\u00e4.<\/p>\n<p>Juvolan pienteollisuusalueella on pienyritt\u00e4ji\u00e4. Suurin osa asukkaista k\u00e4y t\u00f6iss\u00e4 Lappeenrannassa tai muissa naapurikunnissa. Toimivia maatiloja on muutama.<\/p>\n<p><strong>Hyv\u00e4t harrastusmahdollisuudet<\/strong><\/p>\n<p><img loading=\"lazy\" decoding=\"async\" class=\"size-thumbnail wp-image-20 alignright\" src=\"https:\/\/kylat.ekarjala.fi\/leminkylat\/wp-content\/uploads\/sites\/80\/2014\/12\/kuukanniemi-150x150.jpg\" alt=\"kuukanniemi\" width=\"150\" height=\"150\" \/>Maitolaituri<br \/>\nLiikuntaa voi harrastaa mm. kiekkokaukalossa tai valaistulla ladulla. Kes\u00e4ll\u00e4 uinti, tennis ja jalkapallo ovat suosittuja harrastuksia. Kotaj\u00e4rven Pallo ry toimii jalkapallon parissa ja seura omistaa oman kent\u00e4n ja seurojentalon. My\u00f6s vanhemmille harrastajille on oma sarjansa. KoPa Juniorit ry taas j\u00e4rjest\u00e4\u00e4 junioritoimintaa jalkapallon parissa. Nuorison viihtyvyytt\u00e4 edist\u00e4v\u00e4t vuonna 2006 perustettu vanhempainyhdistys ja nuorisotila L\u00e4mpp\u00e4ri.<\/p>\n<p>Kuukanniemen maamerkki on nykyaikainen Maitolaituri, joka rakennettiin 1995-96 arkkitehtiopiskelijoille j\u00e4rjestetyn ideakilpailun p\u00e4\u00e4tteeksi. Voittaneessa ehdotuksessa on mm. pys\u00e4kkikatos, puhujap\u00f6ntt\u00f6, lastenkauppa, roskis ja nojailutasot.<\/p>\n","protected":false},"excerpt":{"rendered":"<p>\u00a0Kuukanniemi on rauhallinen ja turvallinen taajama, jossa viihtyv\u00e4t sek\u00e4 lapsiperheet ett\u00e4 varttuneempi v\u00e4ki. 750 asukkaan taajamassa t\u00e4rkeimm\u00e4t palvelut ovat l\u00e4hell\u00e4. 1.-6 -luokkalaiset k\u00e4yv\u00e4t omassa koulussa, jonka tiloissa ovat kirjasto, neuvola ja liikuntasali. Taajamassa my\u00f6s p\u00e4iv\u00e4koti ja seurakuntakoti. Liikekeskuksessa toimii viel\u00e4 &hellip; <a href=\"https:\/\/kylat.ekarjala.fi\/leminkylat\/kuukanniemi\/\">Lue loppuun <span class=\"meta-nav\">&rarr;<\/span><\/a><\/p>\n","protected":false},"author":1,"featured_media":0,"parent":0,"menu_order":0,"comment_status":"closed","ping_status":"closed","template":"","meta":{"footnotes":""},"class_list":["post-17","page","type-page","status-publish","hentry"],"_links":{"self":[{"href":"https:\/\/kylat.ekarjala.fi\/leminkylat\/wp-json\/wp\/v2\/pages\/17","targetHints":{"allow":["GET"]}}],"collection":[{"href":"https:\/\/kylat.ekarjala.fi\/leminkylat\/wp-json\/wp\/v2\/pages"}],"about":[{"href":"https:\/\/kylat.ekarjala.fi\/leminkylat\/wp-json\/wp\/v2\/types\/page"}],"author":[{"embeddable":true,"href":"https:\/\/kylat.ekarjala.fi\/leminkylat\/wp-json\/wp\/v2\/users\/1"}],"replies":[{"embeddable":true,"href":"https:\/\/kylat.ekarjala.fi\/leminkylat\/wp-json\/wp\/v2\/comments?post=17"}],"version-history":[{"count":1,"href":"https:\/\/kylat.ekarjala.fi\/leminkylat\/wp-json\/wp\/v2\/pages\/17\/revisions"}],"predecessor-version":[{"id":21,"href":"https:\/\/kylat.ekarjala.fi\/leminkylat\/wp-json\/wp\/v2\/pages\/17\/revisions\/21"}],"wp:attachment":[{"href":"https:\/\/kylat.ekarjala.fi\/leminkylat\/wp-json\/wp\/v2\/media?parent=17"}],"curies":[{"name":"wp","href":"https:\/\/api.w.org\/{rel}","templated":true}]}}