{"id":2,"date":"2014-12-09T07:57:49","date_gmt":"2014-12-09T07:57:49","guid":{"rendered":"https:\/\/kylat.ekarjala.fi\/leminkylat\/?page_id=2"},"modified":"2022-04-27T11:32:34","modified_gmt":"2022-04-27T08:32:34","slug":"esimerkkisivu","status":"publish","type":"page","link":"https:\/\/kylat.ekarjala.fi\/leminkylat\/","title":{"rendered":"Lemill\u00e4 arvostetaan ihmisi\u00e4, perinteit\u00e4, luontoa ja turvallisuutta"},"content":{"rendered":"<p><a href=\"https:\/\/kylat.ekarjala.fi\/leminkylat\/wp-content\/uploads\/sites\/80\/2014\/12\/etusivu.jpg\"><img loading=\"lazy\" decoding=\"async\" class=\"alignright wp-image-6 size-thumbnail\" src=\"https:\/\/kylat.ekarjala.fi\/leminkylat\/wp-content\/uploads\/sites\/80\/2014\/12\/etusivu-150x150.jpg\" alt=\"OLYMPUS DIGITAL CAMERA\" width=\"150\" height=\"150\" \/><\/a>Lemin kyl\u00e4t el\u00e4v\u00e4t varsinkin kes\u00e4aikaan, jolloin lukuisat kes\u00e4asukkaat rikastuttavat ja vireytt\u00e4v\u00e4t kylien toimintaa. Kunnan kyl\u00e4t tarjoavat rauhallisen ymp\u00e4rist\u00f6n ja rauhoittumisen paikan kiireiseen el\u00e4m\u00e4nrytmiin tottuneille ihmisille. Kylill\u00e4 on omat ominaispiirteens\u00e4 ja maisemissakin l\u00f6ytyy eroja.<\/p>\n<p>Lemin murre erikoissanonnoillaan ja Lemin neli\u00e4\u00e4ninen virsilaulu luovat l\u00e4mminhenkisen tunteen niit\u00e4 kuulevalle. Kumpaakin perinnett\u00e4 vaalitaan kunnan eri kylill\u00e4.<\/p>\n<p>\u201dMiu pit\u00e4is makujoa hoastoa siint mite enne elettii, mut eh\u00e4 me\u00e4 sit\u00e4 tiije, ku eh\u00e4 me\u00e4 sillo olt mailhalmeillakoa.\u201d<\/p>\n<p>Lemin s\u00e4r\u00e4\u00e4 tullaan sy\u00f6m\u00e4\u00e4n pitkist\u00e4kin matkoista. S\u00e4r\u00e4n tekoa vaalitaan rakkaudella ja perinteit\u00e4 kunnoittaen.<\/p>\n","protected":false},"excerpt":{"rendered":"<p>Lemin kyl\u00e4t el\u00e4v\u00e4t varsinkin kes\u00e4aikaan, jolloin lukuisat kes\u00e4asukkaat rikastuttavat ja vireytt\u00e4v\u00e4t kylien toimintaa. Kunnan kyl\u00e4t tarjoavat rauhallisen ymp\u00e4rist\u00f6n ja rauhoittumisen paikan kiireiseen el\u00e4m\u00e4nrytmiin tottuneille ihmisille. Kylill\u00e4 on omat ominaispiirteens\u00e4 ja maisemissakin l\u00f6ytyy eroja. Lemin murre erikoissanonnoillaan ja Lemin neli\u00e4\u00e4ninen virsilaulu &hellip; <a href=\"https:\/\/kylat.ekarjala.fi\/leminkylat\/\">Lue loppuun <span class=\"meta-nav\">&rarr;<\/span><\/a><\/p>\n","protected":false},"author":144,"featured_media":0,"parent":0,"menu_order":0,"comment_status":"closed","ping_status":"closed","template":"","meta":{"footnotes":""},"class_list":["post-2","page","type-page","status-publish","hentry"],"_links":{"self":[{"href":"https:\/\/kylat.ekarjala.fi\/leminkylat\/wp-json\/wp\/v2\/pages\/2","targetHints":{"allow":["GET"]}}],"collection":[{"href":"https:\/\/kylat.ekarjala.fi\/leminkylat\/wp-json\/wp\/v2\/pages"}],"about":[{"href":"https:\/\/kylat.ekarjala.fi\/leminkylat\/wp-json\/wp\/v2\/types\/page"}],"author":[{"embeddable":true,"href":"https:\/\/kylat.ekarjala.fi\/leminkylat\/wp-json\/wp\/v2\/users\/144"}],"replies":[{"embeddable":true,"href":"https:\/\/kylat.ekarjala.fi\/leminkylat\/wp-json\/wp\/v2\/comments?post=2"}],"version-history":[{"count":4,"href":"https:\/\/kylat.ekarjala.fi\/leminkylat\/wp-json\/wp\/v2\/pages\/2\/revisions"}],"predecessor-version":[{"id":42,"href":"https:\/\/kylat.ekarjala.fi\/leminkylat\/wp-json\/wp\/v2\/pages\/2\/revisions\/42"}],"wp:attachment":[{"href":"https:\/\/kylat.ekarjala.fi\/leminkylat\/wp-json\/wp\/v2\/media?parent=2"}],"curies":[{"name":"wp","href":"https:\/\/api.w.org\/{rel}","templated":true}]}}