{"id":22,"date":"2014-12-09T10:05:48","date_gmt":"2014-12-09T08:05:48","guid":{"rendered":"https:\/\/kylat.ekarjala.fi\/leminkylat\/?page_id=22"},"modified":"2014-12-09T10:05:48","modified_gmt":"2014-12-09T08:05:48","slug":"kirkonseutu","status":"publish","type":"page","link":"https:\/\/kylat.ekarjala.fi\/leminkylat\/kirkonseutu\/","title":{"rendered":"Kirkonseutu"},"content":{"rendered":"<p><a href=\"https:\/\/kylat.ekarjala.fi\/leminkylat\/wp-content\/uploads\/sites\/80\/2014\/12\/kirkonseutu4.jpg\"><img loading=\"lazy\" decoding=\"async\" class=\"size-thumbnail wp-image-23 alignright\" src=\"https:\/\/kylat.ekarjala.fi\/leminkylat\/wp-content\/uploads\/sites\/80\/2014\/12\/kirkonseutu4-150x150.jpg\" alt=\"kirkonseutu4\" width=\"150\" height=\"150\" \/><\/a> \u00a0\u00a0Lemin kuntakeskuksessa Kirkonkyl\u00e4ss\u00e4 on noin 800 asukasta. Palvelut ovat hyv\u00e4t. Kuntakeskuksessa l\u00f6ytyv\u00e4t kaikki peruspalvelut: kauppa, pankit, posti, apteekki, koulup\u00e4iv\u00e4koti, nuorisotila sek\u00e4 terveyskeskus, kirjasto, kunnanvirasto ja seurakuntakeskus. Liikuntamahdollisuudetkin ovat hyv\u00e4t. Pient\u00e4 luksusta el\u00e4m\u00e4\u00e4ns\u00e4 saa vaikkapa partureista, kukkakaupasta, leipomosta ja kahvioista. Alueella on runsaasti pienyrityksi\u00e4.<\/p>\n<p>Alueella on vapaita tontteja, joiden karttoja voi tutkia Lemin kunnan sivuilla www.lemi.fi<\/p>\n<p><strong>Itsen\u00e4isyyden polulta s\u00e4r\u00e4lle<\/strong><\/p>\n<p><img loading=\"lazy\" decoding=\"async\" class=\"size-thumbnail wp-image-24 alignright\" src=\"https:\/\/kylat.ekarjala.fi\/leminkylat\/wp-content\/uploads\/sites\/80\/2014\/12\/kirkonseutu3-150x150.jpg\" alt=\"OLYMPUS DIGITAL CAMERA\" width=\"150\" height=\"150\" \/>Lemi on kuuluisa perinneruuastaan, s\u00e4r\u00e4st\u00e4, jota tarjotaan kirkonkyl\u00e4ll\u00e4 kahdessa paikassa.<\/p>\n<p>Kirkonseudulla on mahdollisuus harrastaa monipuolisesti. Urheilukentt\u00e4, kiekkokaukalo, tenniskentt\u00e4 ja kuntosali sijaitsevat l\u00e4hell\u00e4 koulua. Alueella on monipuoliset ulkoilureitit. Lahnaj\u00e4rven ymp\u00e4ri kulkee suosittu k\u00e4velyreitti. 8 km:n mittaisella reitill\u00e4 voi ihailla Lahna- ja Kivij\u00e4rvien maisemia. Reittiin liittyy Itsen\u00e4isyyden polku, joka on opastettu tutustumismatka Lemin historiaan, paikallisiin tapahtumiin ja merkkikohteisiin.<\/p>\n<p><strong>Monipuoliset harrastusmahdollisuudet<\/strong><\/p>\n<p><img loading=\"lazy\" decoding=\"async\" class=\"size-thumbnail wp-image-25 alignright\" src=\"https:\/\/kylat.ekarjala.fi\/leminkylat\/wp-content\/uploads\/sites\/80\/2014\/12\/kirkonseutu2-150x150.jpg\" alt=\"kirkonseutu2\" width=\"150\" height=\"150\" \/>Lemil\u00e4iset j\u00e4rjest\u00f6t tarjoavat monipuolista harrastustoimintaa kaikenik\u00e4isille.<\/p>\n<p>Kokoontumistiloina k\u00e4ytet\u00e4\u00e4n koulun tiloja, nuorisoseurataloa ja nuorisotila Tapiolaa, paloasemaa sek\u00e4 seurakuntataloa. Kes\u00e4isin kokoonnutaan kauniille uimarannalle, jonka tuntumassa on beachvolley -kentt\u00e4 ja matonpesupaikka. Ulkoliikuntapaikat muodostavat hyv\u00e4t puitteet liikunnanharrastajille.<\/p>\n<p>Lemilt\u00e4 l\u00e4htev\u00e4t s\u00e4teitt\u00e4iset yhteystiet Lappeenrannan, Savitaipaleen ja Luum\u00e4en suuntaan. Lappeenrantaan ja Savitaipaleelle on matkaa 23 km, Luum\u00e4elle 34 km.<\/p>\n<p><strong>N\u00e4ht\u00e4vyydet: Kirkko, kotiseutumuseo ja Taikalyhty<\/strong><\/p>\n<p><img loading=\"lazy\" decoding=\"async\" class=\"size-thumbnail wp-image-26 alignright\" src=\"https:\/\/kylat.ekarjala.fi\/leminkylat\/wp-content\/uploads\/sites\/80\/2014\/12\/kirkonseutu-150x150.jpg\" alt=\"OLYMPUS DIGITAL CAMERA\" width=\"150\" height=\"150\" \/>Kotiseutumuseo<br \/>\nKirkonkyl\u00e4n n\u00e4ht\u00e4vyyksi\u00e4 ovat paanukattoinen ristikirkko vuodelta 1786 ja Lemin kotiseutumuseo. Lemill\u00e4 sijaitsee my\u00f6s Suomen vanhin maakauppa vuodelta 1870, joka nykyisin toimii kes\u00e4isin antikvariaattina (Taikalyhty).<\/p>\n<p>Itsen\u00e4isyyden polku<br \/>\nLemin s\u00e4r\u00e4<\/p>\n","protected":false},"excerpt":{"rendered":"<p>\u00a0\u00a0Lemin kuntakeskuksessa Kirkonkyl\u00e4ss\u00e4 on noin 800 asukasta. Palvelut ovat hyv\u00e4t. Kuntakeskuksessa l\u00f6ytyv\u00e4t kaikki peruspalvelut: kauppa, pankit, posti, apteekki, koulup\u00e4iv\u00e4koti, nuorisotila sek\u00e4 terveyskeskus, kirjasto, kunnanvirasto ja seurakuntakeskus. Liikuntamahdollisuudetkin ovat hyv\u00e4t. Pient\u00e4 luksusta el\u00e4m\u00e4\u00e4ns\u00e4 saa vaikkapa partureista, kukkakaupasta, leipomosta ja kahvioista. Alueella &hellip; <a href=\"https:\/\/kylat.ekarjala.fi\/leminkylat\/kirkonseutu\/\">Lue loppuun <span class=\"meta-nav\">&rarr;<\/span><\/a><\/p>\n","protected":false},"author":1,"featured_media":0,"parent":0,"menu_order":0,"comment_status":"closed","ping_status":"closed","template":"","meta":{"footnotes":""},"class_list":["post-22","page","type-page","status-publish","hentry"],"_links":{"self":[{"href":"https:\/\/kylat.ekarjala.fi\/leminkylat\/wp-json\/wp\/v2\/pages\/22","targetHints":{"allow":["GET"]}}],"collection":[{"href":"https:\/\/kylat.ekarjala.fi\/leminkylat\/wp-json\/wp\/v2\/pages"}],"about":[{"href":"https:\/\/kylat.ekarjala.fi\/leminkylat\/wp-json\/wp\/v2\/types\/page"}],"author":[{"embeddable":true,"href":"https:\/\/kylat.ekarjala.fi\/leminkylat\/wp-json\/wp\/v2\/users\/1"}],"replies":[{"embeddable":true,"href":"https:\/\/kylat.ekarjala.fi\/leminkylat\/wp-json\/wp\/v2\/comments?post=22"}],"version-history":[{"count":1,"href":"https:\/\/kylat.ekarjala.fi\/leminkylat\/wp-json\/wp\/v2\/pages\/22\/revisions"}],"predecessor-version":[{"id":27,"href":"https:\/\/kylat.ekarjala.fi\/leminkylat\/wp-json\/wp\/v2\/pages\/22\/revisions\/27"}],"wp:attachment":[{"href":"https:\/\/kylat.ekarjala.fi\/leminkylat\/wp-json\/wp\/v2\/media?parent=22"}],"curies":[{"name":"wp","href":"https:\/\/api.w.org\/{rel}","templated":true}]}}