{"id":28,"date":"2014-12-09T10:06:34","date_gmt":"2014-12-09T08:06:34","guid":{"rendered":"https:\/\/kylat.ekarjala.fi\/leminkylat\/?page_id=28"},"modified":"2014-12-09T10:06:34","modified_gmt":"2014-12-09T08:06:34","slug":"kytola-sairala","status":"publish","type":"page","link":"https:\/\/kylat.ekarjala.fi\/leminkylat\/kytola-sairala\/","title":{"rendered":"Kyt\u00f6l\u00e4-Sairala"},"content":{"rendered":"<p><a href=\"https:\/\/kylat.ekarjala.fi\/leminkylat\/wp-content\/uploads\/sites\/80\/2014\/12\/kytola2.jpg\"><img loading=\"lazy\" decoding=\"async\" class=\"size-thumbnail wp-image-29 alignright\" src=\"https:\/\/kylat.ekarjala.fi\/leminkylat\/wp-content\/uploads\/sites\/80\/2014\/12\/kytola2-150x150.jpg\" alt=\"kytola2\" width=\"150\" height=\"150\" srcset=\"https:\/\/kylat.ekarjala.fi\/leminkylat\/wp-content\/uploads\/sites\/80\/2014\/12\/kytola2-150x150.jpg 150w, https:\/\/kylat.ekarjala.fi\/leminkylat\/wp-content\/uploads\/sites\/80\/2014\/12\/kytola2-300x300.jpg 300w, https:\/\/kylat.ekarjala.fi\/leminkylat\/wp-content\/uploads\/sites\/80\/2014\/12\/kytola2.jpg 350w\" sizes=\"auto, (max-width: 150px) 100vw, 150px\" \/><\/a> Kyt\u00f6l\u00e4n ja Sairalan rauhalliset maaseutukyl\u00e4t sijaitsevat Lemin luoteisosissa. Maatalousvaltaisella alueella asuu 65 ihmist\u00e4. Kaita- ja Kirventeenj\u00e4rvien rannoilla on runsaasti vapaa-ajan asutusta.<\/p>\n<p>L\u00e4himm\u00e4t palvelut sijaitsevat 8 km:n p\u00e4\u00e4ss\u00e4 Lemin kirkolla, jonne on hyv\u00e4t yhteydet. Kerran viikossa kirkolle p\u00e4\u00e4see joukkotaksilla. Savitaipaleelle on matkaa 16 km ja Lappeenrantaan 30 km. Tiet aurataan aikaisin, joten talviaamuisinkin t\u00f6ihin p\u00e4\u00e4see hyvin. Kyl\u00e4ss\u00e4 toimii mm. hirsisorvaamo.<\/p>\n<p><img loading=\"lazy\" decoding=\"async\" class=\"size-thumbnail wp-image-30 alignright\" src=\"https:\/\/kylat.ekarjala.fi\/leminkylat\/wp-content\/uploads\/sites\/80\/2014\/12\/kytola-150x150.jpg\" alt=\"kytola\" width=\"150\" height=\"150\" \/>Lemi ete\u00e4lt, iso kive takoa.<br \/>\nAsukkaat arvostavat luonnonl\u00e4heist\u00e4 kyl\u00e4\u00e4ns\u00e4. Halutessaan jokainen voi nauttia omasta rauhastaan, mutta tarvittaessa naapurit auttavat mielell\u00e4\u00e4n.<\/p>\n<p>Vaihteleva maasto ja rauhalliset kyl\u00e4tiet soveltuvat hyvin ulkoiluun ja lenkkeilyyn. Ymp\u00e4rist\u00f6n j\u00e4rvill\u00e4 ja metsiss\u00e4 on hyv\u00e4t kalastus- ja mets\u00e4stysmahdollisuudet.<\/p>\n<p>Alueen n\u00e4ht\u00e4vyyksi\u00e4 ovat isot kivet. Yhden p\u00e4\u00e4lle on laitettu 1-siipinen hevosvetoinen kynt\u00f6aura. Heiluva kivi sijaitsee Mansikkam\u00e4entien varrella ja sit\u00e4 voi kiikuttaa v\u00e4h\u00e4isill\u00e4kin voimilla. Sairalan 7,2 m korkeaan siirtolohkareeseen liitet\u00e4\u00e4n puolestaan sanonta &#8221;Lemi ete\u00e4lt, iso kive takoa&#8221;.<\/p>\n","protected":false},"excerpt":{"rendered":"<p>Kyt\u00f6l\u00e4n ja Sairalan rauhalliset maaseutukyl\u00e4t sijaitsevat Lemin luoteisosissa. Maatalousvaltaisella alueella asuu 65 ihmist\u00e4. Kaita- ja Kirventeenj\u00e4rvien rannoilla on runsaasti vapaa-ajan asutusta. L\u00e4himm\u00e4t palvelut sijaitsevat 8 km:n p\u00e4\u00e4ss\u00e4 Lemin kirkolla, jonne on hyv\u00e4t yhteydet. Kerran viikossa kirkolle p\u00e4\u00e4see joukkotaksilla. Savitaipaleelle on &hellip; <a href=\"https:\/\/kylat.ekarjala.fi\/leminkylat\/kytola-sairala\/\">Lue loppuun <span class=\"meta-nav\">&rarr;<\/span><\/a><\/p>\n","protected":false},"author":1,"featured_media":0,"parent":0,"menu_order":0,"comment_status":"closed","ping_status":"closed","template":"","meta":{"footnotes":""},"class_list":["post-28","page","type-page","status-publish","hentry"],"_links":{"self":[{"href":"https:\/\/kylat.ekarjala.fi\/leminkylat\/wp-json\/wp\/v2\/pages\/28","targetHints":{"allow":["GET"]}}],"collection":[{"href":"https:\/\/kylat.ekarjala.fi\/leminkylat\/wp-json\/wp\/v2\/pages"}],"about":[{"href":"https:\/\/kylat.ekarjala.fi\/leminkylat\/wp-json\/wp\/v2\/types\/page"}],"author":[{"embeddable":true,"href":"https:\/\/kylat.ekarjala.fi\/leminkylat\/wp-json\/wp\/v2\/users\/1"}],"replies":[{"embeddable":true,"href":"https:\/\/kylat.ekarjala.fi\/leminkylat\/wp-json\/wp\/v2\/comments?post=28"}],"version-history":[{"count":1,"href":"https:\/\/kylat.ekarjala.fi\/leminkylat\/wp-json\/wp\/v2\/pages\/28\/revisions"}],"predecessor-version":[{"id":31,"href":"https:\/\/kylat.ekarjala.fi\/leminkylat\/wp-json\/wp\/v2\/pages\/28\/revisions\/31"}],"wp:attachment":[{"href":"https:\/\/kylat.ekarjala.fi\/leminkylat\/wp-json\/wp\/v2\/media?parent=28"}],"curies":[{"name":"wp","href":"https:\/\/api.w.org\/{rel}","templated":true}]}}