{"id":32,"date":"2014-12-09T10:14:55","date_gmt":"2014-12-09T08:14:55","guid":{"rendered":"https:\/\/kylat.ekarjala.fi\/leminkylat\/?page_id=32"},"modified":"2014-12-09T10:14:55","modified_gmt":"2014-12-09T08:14:55","slug":"uiminniemi","status":"publish","type":"page","link":"https:\/\/kylat.ekarjala.fi\/leminkylat\/uiminniemi\/","title":{"rendered":"Uiminniemi"},"content":{"rendered":"<p><a href=\"https:\/\/kylat.ekarjala.fi\/leminkylat\/wp-content\/uploads\/sites\/80\/2014\/12\/uimi3.jpg\"><img loading=\"lazy\" decoding=\"async\" class=\"size-thumbnail wp-image-33 alignright\" src=\"https:\/\/kylat.ekarjala.fi\/leminkylat\/wp-content\/uploads\/sites\/80\/2014\/12\/uimi3-150x150.jpg\" alt=\"uimi3\" width=\"150\" height=\"150\" \/><\/a> \u00a0Uiminniemi sijaitsee Lemin lounais-osassa Kivij\u00e4rven rannalla. Lemilt\u00e4 Uimille ja Kotalahteen kulkeva tie on maisematie, jota kulkiessaan voi ihailla upeita j\u00e4rvi- ja maalaismaisemia. Uiminnieme\u00e4 ymp\u00e4r\u00f6i Kivij\u00e4rvi lukuisine saarineen ja lahtineen.<\/p>\n<p>Uiminniemeen kuuluvat Uimi ja Kotalahti. Alueella on noin 60 taloutta ja satoja kes\u00e4asuntoja. Kyl\u00e4ss\u00e4 on maatalousyritt\u00e4ji\u00e4 ja jonkin verran pienyritystoimintaa, mm. suoramyynti\u00e4.<\/p>\n<p>Lemin Kirkolle on Uimilta matkaa noin 6 km ja Kotalahdesta noin 13 km. Lappeenrantaan,Taavettiin ja Savitaipaleelle matkaa on 30-40 km.<\/p>\n<p>Uimilla on kyl\u00e4kauppa, jonka yhteydess\u00e4 on kahvila, jossa on mahdollisuus k\u00e4ytt\u00e4\u00e4 internetti\u00e4 WLAN-yhteyden v\u00e4lityksell\u00e4. Kirkonkyl\u00e4n palveluihin p\u00e4\u00e4see koulup\u00e4ivisin linja-autolla, kerran viikossa linjataksilla ja kaksi kertaa kuukaudessa pankkiautolla.<\/p>\n<p><strong>Lenkille juosten, soutaen tai hiiht\u00e4en<\/strong><\/p>\n<p><img loading=\"lazy\" decoding=\"async\" class=\"size-thumbnail wp-image-34 alignright\" src=\"https:\/\/kylat.ekarjala.fi\/leminkylat\/wp-content\/uploads\/sites\/80\/2014\/12\/uimi2-150x150.jpg\" alt=\"OLYMPUS DIGITAL CAMERA\" width=\"150\" height=\"150\" \/>Kyl\u00e4tiet ja ymp\u00e4r\u00f6iv\u00e4 luonto tarjoavat hyv\u00e4t mahdollisuudet liikkumiseen. V\u00e4liv\u00e4yl\u00e4n melontareitti kulkee alueen l\u00e4pi. Hyvi\u00e4 liikuntamahdollisuuksia t\u00e4ydent\u00e4\u00e4 Kotalahden ampumahiihtoalue.<\/p>\n<p>Kotalahden martat, Uimin Er\u00e4, Uiminniemen osakaskunta ja Lemin Eskojen Uimin osasto j\u00e4rjest\u00e4v\u00e4t yhteist\u00e4 toimintaa. Joka vuosi j\u00e4rjestet\u00e4\u00e4n Tuohtj\u00e4rven ymp\u00e4rijuoksu (8 km), Korkiasaaren ymp\u00e4risoutu sek\u00e4 Lemin lenkki -laturetki. Kes\u00e4ll\u00e4 Uiminkoulun kent\u00e4ll\u00e4 j\u00e4rjestet\u00e4\u00e4n kes\u00e4kisat, joiden tunnelmasta kertoo vanha balladi.<\/p>\n<p><img loading=\"lazy\" decoding=\"async\" class=\"size-thumbnail wp-image-35 alignright\" src=\"https:\/\/kylat.ekarjala.fi\/leminkylat\/wp-content\/uploads\/sites\/80\/2014\/12\/uimi-150x150.jpg\" alt=\"uimi\" width=\"150\" height=\"150\" \/>Kotalahti<br \/>\nLemin kunnan omistamassa Kotalahden leirikeskuksessa on hyv\u00e4t mahdollisuudet viett\u00e4\u00e4 vapaa-aikaa ja majoittua.<\/p>\n<p>Alueen n\u00e4ht\u00e4vyyksi\u00e4 ovat Ilmuksenvuori ja sota-aikana Punkaseen rakennetun tykkipatterin j\u00e4\u00e4nteet.<\/p>\n<p>Leirikeskus on nykyisin Uimin seudun kyl\u00e4yhdistyksen yll\u00e4pit\u00e4m\u00e4.<\/p>\n<p>Lis\u00e4tietoja Kotalahdesta<\/p>\n<p><strong>Uimin laulu<\/strong><br \/>\nTe\u00e4l ne on, te\u00e4l ne on, siltoi takan, te\u00e4l ne on.<br \/>\nKotalahti oikei soma, per\u00e4kyl\u00e4 mone oma.<br \/>\nLahentaus, Uiminiem, Uiminiem, Uiminiem.<br \/>\nTuohtj\u00e4rv, tuohtj\u00e4rv sek\u00e4 suuremp Kivij\u00e4rv.<\/p>\n<p>Uimia ne kierte\u00e4, koartoa soaret sek\u00e4 salmet soartoa.<br \/>\nTukkilaivat huuteluu, verkot pois vaik jo ois.<br \/>\nS\u00e4rk\u00e4salm, Syv\u00e4salm, Ruokosalm ja Jalkosalm.<\/p>\n<p>Meijet muuhu Lemii liitte\u00e4 hyve\u00e4 tiet\u00e4 pitki kiite\u00e4.<br \/>\nKaikelaiset pillarit, linjurit, ratkorit.<br \/>\nMajaraar, Purnusaar, Haukkasaar ja Ojasaar.<br \/>\nRankoa sel\u00e4l Oatusaari, Naskisel\u00e4l Naskisaari.<br \/>\nKuuksenel pien Ellisaar, Ellisaar, Ellisaar.<\/p>\n<p>Te\u00e4l ne on, te\u00e4l ne on, Uiminieme per\u00e4l on.<br \/>\nMonet, monet piim\u00e4tuvat, oikei somat karjamajat.<br \/>\nMuual niit\u00e4 ei olekoa, olekoa, olekoa.<\/p>\n<p>Eleltii, oleiltii te\u00e4l toimii tultii ennekii.<br \/>\nVaik ei hyve\u00e4 tiet\u00e4 oltkoa.<br \/>\nViljat puitii et vartat kalkkoa.<br \/>\nNaimisii m\u00e4niit noapurii, noapurii, noapurii.<\/p>\n<p>Lemil on, Lemil on Kaamaniem ja K\u00e4rmeniem.<br \/>\nLeminiem ja Synnynniemi. Tevaniem ja Torveniemi.<br \/>\nMut paras paikka Uiminiem, Uiminiem, Uiminiem.<\/p>\n<p>S\u00e4vel:\u201dKallaves, Kallaves\u201d<br \/>\nSanat:Helga Pekkanen<\/p>\n","protected":false},"excerpt":{"rendered":"<p>\u00a0Uiminniemi sijaitsee Lemin lounais-osassa Kivij\u00e4rven rannalla. Lemilt\u00e4 Uimille ja Kotalahteen kulkeva tie on maisematie, jota kulkiessaan voi ihailla upeita j\u00e4rvi- ja maalaismaisemia. Uiminnieme\u00e4 ymp\u00e4r\u00f6i Kivij\u00e4rvi lukuisine saarineen ja lahtineen. Uiminniemeen kuuluvat Uimi ja Kotalahti. Alueella on noin 60 taloutta ja &hellip; <a href=\"https:\/\/kylat.ekarjala.fi\/leminkylat\/uiminniemi\/\">Lue loppuun <span class=\"meta-nav\">&rarr;<\/span><\/a><\/p>\n","protected":false},"author":1,"featured_media":0,"parent":0,"menu_order":0,"comment_status":"closed","ping_status":"closed","template":"","meta":{"footnotes":""},"class_list":["post-32","page","type-page","status-publish","hentry"],"_links":{"self":[{"href":"https:\/\/kylat.ekarjala.fi\/leminkylat\/wp-json\/wp\/v2\/pages\/32","targetHints":{"allow":["GET"]}}],"collection":[{"href":"https:\/\/kylat.ekarjala.fi\/leminkylat\/wp-json\/wp\/v2\/pages"}],"about":[{"href":"https:\/\/kylat.ekarjala.fi\/leminkylat\/wp-json\/wp\/v2\/types\/page"}],"author":[{"embeddable":true,"href":"https:\/\/kylat.ekarjala.fi\/leminkylat\/wp-json\/wp\/v2\/users\/1"}],"replies":[{"embeddable":true,"href":"https:\/\/kylat.ekarjala.fi\/leminkylat\/wp-json\/wp\/v2\/comments?post=32"}],"version-history":[{"count":1,"href":"https:\/\/kylat.ekarjala.fi\/leminkylat\/wp-json\/wp\/v2\/pages\/32\/revisions"}],"predecessor-version":[{"id":36,"href":"https:\/\/kylat.ekarjala.fi\/leminkylat\/wp-json\/wp\/v2\/pages\/32\/revisions\/36"}],"wp:attachment":[{"href":"https:\/\/kylat.ekarjala.fi\/leminkylat\/wp-json\/wp\/v2\/media?parent=32"}],"curies":[{"name":"wp","href":"https:\/\/api.w.org\/{rel}","templated":true}]}}