{"id":37,"date":"2014-12-09T10:15:17","date_gmt":"2014-12-09T08:15:17","guid":{"rendered":"https:\/\/kylat.ekarjala.fi\/leminkylat\/?page_id=37"},"modified":"2014-12-09T10:16:13","modified_gmt":"2014-12-09T08:16:13","slug":"vainikkala","status":"publish","type":"page","link":"https:\/\/kylat.ekarjala.fi\/leminkylat\/vainikkala\/","title":{"rendered":"Vainikkala"},"content":{"rendered":"<p>Vainikkala on rauhallinen maalaiskyl\u00e4 hyvien kulkuyhteyksien varrella. Aitoa maalaismaisemaa voi ihailla kyl\u00e4n raitilla ja poiketessaan Pulaharjun kauniille harjulle. Alueen l\u00e4pi kulkee valtatie 13. Lemin kirkonkyl\u00e4\u00e4n on matkaa 9 km, Savitaipaleelle 17 km ja Lappeenrantaan 20 km.<\/p>\n<p>L\u00e4himm\u00e4t kaupat sijaitsevat Huttulassa (5 km) ja Kuukanniemess\u00e4 (7km). Kuukanniemess\u00e4 on l\u00e4hin kirjasto ja koulu.<\/p>\n<p>Maatalousvaltaisessa kyl\u00e4ss\u00e4 on yksi karjatila, mutta laajat perunan, kaalin, vihannesten ja marjojen viljelyalueet. Kes\u00e4isin mansikan, vadelman ja herukan poimijat tuovat kansainv\u00e4lisen tuulahduksen. Mikkelintien varressa on my\u00f6s konekorjaamo.<\/p>\n<p>110 asukkaan kyl\u00e4ss\u00e4 toimivat mets\u00e4stysseura, vire\u00e4 marttakerho ja l\u00e4hetyspiiri. Talvella kyl\u00e4n ymp\u00e4ri kulkee hiihtolenkki. Keskell\u00e4 kyl\u00e4\u00e4 Mikkelintien varressa on urheilukentt\u00e4, jossa voi yleisurheilulajien lis\u00e4ksi harrastaa lento- ja sulkapalloa. Talvella kyl\u00e4lt\u00e4 p\u00e4\u00e4see monipuolisille hiihtoreiteille, joista p\u00e4\u00e4see aina Huttulaan tai Kuukanniemeen asti.<\/p>\n<p>Saimaan ja Kotaj\u00e4rven rannoilla on paljon kes\u00e4m\u00f6kkej\u00e4. Kalastuksen ja veneilyn harrastajat voivat varata Haapalahdesta auto- ja venepaikkoja.<\/p>\n","protected":false},"excerpt":{"rendered":"<p>Vainikkala on rauhallinen maalaiskyl\u00e4 hyvien kulkuyhteyksien varrella. Aitoa maalaismaisemaa voi ihailla kyl\u00e4n raitilla ja poiketessaan Pulaharjun kauniille harjulle. Alueen l\u00e4pi kulkee valtatie 13. Lemin kirkonkyl\u00e4\u00e4n on matkaa 9 km, Savitaipaleelle 17 km ja Lappeenrantaan 20 km. L\u00e4himm\u00e4t kaupat sijaitsevat Huttulassa &hellip; <a href=\"https:\/\/kylat.ekarjala.fi\/leminkylat\/vainikkala\/\">Lue loppuun <span class=\"meta-nav\">&rarr;<\/span><\/a><\/p>\n","protected":false},"author":1,"featured_media":0,"parent":0,"menu_order":0,"comment_status":"closed","ping_status":"closed","template":"","meta":{"footnotes":""},"class_list":["post-37","page","type-page","status-publish","hentry"],"_links":{"self":[{"href":"https:\/\/kylat.ekarjala.fi\/leminkylat\/wp-json\/wp\/v2\/pages\/37","targetHints":{"allow":["GET"]}}],"collection":[{"href":"https:\/\/kylat.ekarjala.fi\/leminkylat\/wp-json\/wp\/v2\/pages"}],"about":[{"href":"https:\/\/kylat.ekarjala.fi\/leminkylat\/wp-json\/wp\/v2\/types\/page"}],"author":[{"embeddable":true,"href":"https:\/\/kylat.ekarjala.fi\/leminkylat\/wp-json\/wp\/v2\/users\/1"}],"replies":[{"embeddable":true,"href":"https:\/\/kylat.ekarjala.fi\/leminkylat\/wp-json\/wp\/v2\/comments?post=37"}],"version-history":[{"count":1,"href":"https:\/\/kylat.ekarjala.fi\/leminkylat\/wp-json\/wp\/v2\/pages\/37\/revisions"}],"predecessor-version":[{"id":38,"href":"https:\/\/kylat.ekarjala.fi\/leminkylat\/wp-json\/wp\/v2\/pages\/37\/revisions\/38"}],"wp:attachment":[{"href":"https:\/\/kylat.ekarjala.fi\/leminkylat\/wp-json\/wp\/v2\/media?parent=37"}],"curies":[{"name":"wp","href":"https:\/\/api.w.org\/{rel}","templated":true}]}}