{"id":9,"date":"2014-12-09T10:00:35","date_gmt":"2014-12-09T08:00:35","guid":{"rendered":"https:\/\/kylat.ekarjala.fi\/leminkylat\/?page_id=9"},"modified":"2014-12-09T10:00:35","modified_gmt":"2014-12-09T08:00:35","slug":"huttula","status":"publish","type":"page","link":"https:\/\/kylat.ekarjala.fi\/leminkylat\/huttula\/","title":{"rendered":"Huttula"},"content":{"rendered":"<p><a href=\"https:\/\/kylat.ekarjala.fi\/leminkylat\/wp-content\/uploads\/sites\/80\/2014\/12\/huttula2.jpg\"><img loading=\"lazy\" decoding=\"async\" class=\"size-thumbnail wp-image-10 alignright\" src=\"https:\/\/kylat.ekarjala.fi\/leminkylat\/wp-content\/uploads\/sites\/80\/2014\/12\/huttula2-150x150.jpg\" alt=\"huttula2\" width=\"150\" height=\"150\" \/><\/a> Huttulan seutu sijaitsee Lemin pohjoisosassa. Kulkuyhteydet Lemin kirkolle (8 km), Savitaipaleelle (13 km) ja Lappeenrantaan (27 km) ovat hyv\u00e4t, sill\u00e4 valtatie 13 kulkee kyl\u00e4n l\u00e4pi.<\/p>\n<p>Huttulassa toimii monipuolinen ja palveleva kyl\u00e4kauppa, jonka yhteydess\u00e4 on asiamiesposti. Kyl\u00e4n muilta yritt\u00e4jilt\u00e4 saa mm. perunoita, betonituotteita ja mikrotukipalveluita.<\/p>\n<p>Kyl\u00e4l\u00e4isten kokoontumispaikkoja ovat Mielakan saari, jonka venerannassa kyl\u00e4yhdistys j\u00e4rjest\u00e4\u00e4 mm. kyl\u00e4l\u00e4isten ja kes\u00e4asukkaiden yhteiset juhannusjuhlat. Mielakassa on asukkaiden k\u00e4yt\u00f6ss\u00e4 uimaranta ja grillikatos. Venepaikkoja kannattaa kysy\u00e4 kyl\u00e4yhdistykselt\u00e4.<\/p>\n<p><strong>Liikkuen Repovuorelle<\/strong><\/p>\n<p><img loading=\"lazy\" decoding=\"async\" class=\"size-thumbnail wp-image-11 alignright\" src=\"https:\/\/kylat.ekarjala.fi\/leminkylat\/wp-content\/uploads\/sites\/80\/2014\/12\/huttula-150x150.jpg\" alt=\"huttula\" width=\"150\" height=\"150\" \/>Luontopolulla n\u00e4hty\u00e4<br \/>\nSalmentien alkup\u00e4\u00e4ss\u00e4 sijaitsevat urheilukentt\u00e4, kiekkokaukalo ja laavu. Niit\u00e4 yll\u00e4pit\u00e4\u00e4 aktiivinen nuorten joukko.<\/p>\n<p>Luonnossa reippailijoiden kohde on Repovuori, jonne johtaa 5 kilometrin mittainen luontopolku. Polku alkaa laavulta. Luontopolku kulkee Nuoram\u00e4en kallioiden kautta Repovuorelle, jonka laelta avautuvat hienot n\u00e4k\u00f6alat. Polku on osittain jyrkk\u00e4\u00e4 ja vaatii retkeilij\u00e4lt\u00e4 kuntoa ja ketteryytt\u00e4.<\/p>\n","protected":false},"excerpt":{"rendered":"<p>Huttulan seutu sijaitsee Lemin pohjoisosassa. Kulkuyhteydet Lemin kirkolle (8 km), Savitaipaleelle (13 km) ja Lappeenrantaan (27 km) ovat hyv\u00e4t, sill\u00e4 valtatie 13 kulkee kyl\u00e4n l\u00e4pi. Huttulassa toimii monipuolinen ja palveleva kyl\u00e4kauppa, jonka yhteydess\u00e4 on asiamiesposti. Kyl\u00e4n muilta yritt\u00e4jilt\u00e4 saa mm. &hellip; <a href=\"https:\/\/kylat.ekarjala.fi\/leminkylat\/huttula\/\">Lue loppuun <span class=\"meta-nav\">&rarr;<\/span><\/a><\/p>\n","protected":false},"author":1,"featured_media":0,"parent":0,"menu_order":0,"comment_status":"closed","ping_status":"closed","template":"","meta":{"footnotes":""},"class_list":["post-9","page","type-page","status-publish","hentry"],"_links":{"self":[{"href":"https:\/\/kylat.ekarjala.fi\/leminkylat\/wp-json\/wp\/v2\/pages\/9","targetHints":{"allow":["GET"]}}],"collection":[{"href":"https:\/\/kylat.ekarjala.fi\/leminkylat\/wp-json\/wp\/v2\/pages"}],"about":[{"href":"https:\/\/kylat.ekarjala.fi\/leminkylat\/wp-json\/wp\/v2\/types\/page"}],"author":[{"embeddable":true,"href":"https:\/\/kylat.ekarjala.fi\/leminkylat\/wp-json\/wp\/v2\/users\/1"}],"replies":[{"embeddable":true,"href":"https:\/\/kylat.ekarjala.fi\/leminkylat\/wp-json\/wp\/v2\/comments?post=9"}],"version-history":[{"count":1,"href":"https:\/\/kylat.ekarjala.fi\/leminkylat\/wp-json\/wp\/v2\/pages\/9\/revisions"}],"predecessor-version":[{"id":12,"href":"https:\/\/kylat.ekarjala.fi\/leminkylat\/wp-json\/wp\/v2\/pages\/9\/revisions\/12"}],"wp:attachment":[{"href":"https:\/\/kylat.ekarjala.fi\/leminkylat\/wp-json\/wp\/v2\/media?parent=9"}],"curies":[{"name":"wp","href":"https:\/\/api.w.org\/{rel}","templated":true}]}}