{"id":3475,"date":"2015-05-11T16:26:37","date_gmt":"2015-05-11T15:56:37","guid":{"rendered":"https:\/\/kylat.ekarjala.fi\/levanen\/?page_id=3475"},"modified":"2024-12-26T09:25:02","modified_gmt":"2024-12-26T08:55:02","slug":"tulossa","status":"publish","type":"page","link":"https:\/\/kylat.ekarjala.fi\/levanen\/tulossa\/","title":{"rendered":"Uudenvuoden vastaanotto 2024"},"content":{"rendered":"\n<p>L\u00e4mpim\u00e4sti tervetuloa, pitk\u00e4st\u00e4 aikaa, vastaanottamaan uutta vuotta 2025 Lev\u00e4sen rantaan tiistaina 31.12.2024 klo 18! Tilaisuus on tarkoitettu kaikenik\u00e4isille. Kyl\u00e4yhdistys tarjoaa ilmaiseksi kuumaa makkaraa, l\u00e4mmint\u00e4 gl\u00f6gi\u00e4 ja mehua. Lapset voivat paistaa vaahtokarkkeja. Lev\u00e4sen kannas ja ranta-alue valaistaan j\u00e4tk\u00e4nkynttil\u00f6in. Samalla otetaan virallisesti k\u00e4ytt\u00f6\u00f6n yhdistyksen kes\u00e4ll\u00e4 rakentama laavu.<\/p>\n\n\n\n<p>\u2013&nbsp;<em>Kyl\u00e4yhdistyksen hallitus<\/em><\/p>\n\n\n\n<p><strong>Vuosikokous ma 25.3.24 klo 18<\/strong><\/p>\n\n\n\n<p>Hei, arvoisa kyl\u00e4yhdistyksen j\u00e4sen! !<\/p>\n\n\n\n<p>Lev\u00e4sen seudun kyl\u00e4yhdistys ry:n vuosikokous j\u00e4rjestet\u00e4\u00e4n maanantaina 25.3.24 klo 18 alkaen Taipalsaaren kunnantalolla kokoushuone Messiss\u00e4.<\/p>\n\n\n\n<p>Vuosikokouksessa k\u00e4sitell\u00e4\u00e4n yhdistyksen s\u00e4\u00e4nt\u00f6jen 11\u00a7:n mukaiset vuosikokousasiat. Kokoustarjoilu.<\/p>\n\n\n\n<p>Tule ideoimaan ja vaikuttamaan! Kaikki j\u00e4senet ja kiinnostuneet ovat l\u00e4mpim\u00e4sti tervetulleita kokoukseen!<\/p>\n\n\n\n<p>Kyl\u00e4yhdistyksen hallitus<\/p>\n\n\n\n<p><strong>Uudenvuoden vastaanotto peruutettu<\/strong>Yhdistyksen hallitus p\u00e4\u00e4tti 17.12.23 pidetyss\u00e4 kokouksessaan olla j\u00e4rjest\u00e4m\u00e4tt\u00e4 uudenvuoden vastaanottajaisia. Sen sijaan p\u00e4\u00e4tettiin lahjoittaa s\u00e4\u00e4styneet varat, edellisvuoden tapaan, paikkakunnan ukrainalaisille lapsille toimitettavaksi.<\/p>\n\n\n\n<p><strong>Hirvisopalle 4.11.23 klo 12-14<\/strong><\/p>\n\n\n\n<p>LEV\u00c4SEN METS\u00c4STYSYHDISTYS RY:n<br>PERINTEINEN HIRVIKEITO<br>lauantaina 11.2023 seuran KODALLA.<br>Keitto kuumana klo 12.00 \u2013 14.00.<br>Tervetuloa.<br>HIRVISEURUE<\/p>\n\n\n\n<p><strong>Kes\u00e4ilta 16.8.23<\/strong><\/p>\n\n\n\n<p>Lev\u00e4sen seudun perinteinen kyl\u00e4ilta yhteisty\u00f6ss\u00e4 Taipaleen srk:n kanssa on keskiviikkona 16.8.2022 klo 17.30-19.30 Lev\u00e4sen uimarannan alueella.<\/p>\n\n\n\n<p>Leppoisaa yhdess\u00e4oloa, seurustelua, kahvittelua ja pient\u00e4 kisaamista. Kahvituksen tuotto menee l\u00e4hetyspiirin hyv\u00e4ksi.<br>Tervetuloa niin kyl\u00e4l\u00e4iset kuin m\u00f6kkil\u00e4isetkin!<\/p>\n\n\n\n<p>Hallitus<\/p>\n\n\n<div dir=\"auto\">\n<div>\n<hr \/>\n<div>\n<div dir=\"ltr\">\n<div>\n<h2>Kyl\u00e4yhdistyksen hallitus p\u00e4\u00e4tti 14.12.22 kokouksessaan peruuttaa uudenvuoden vastaanotto ja sen sijaan lahjoittaa siihen varatut rahat, 250\u20ac, paikkakunnalla asuvien ukrainalaisten sotapakolaisten joulunvieton hyv\u00e4ksi.<\/h2>\n<h2>************<br data-rich-text-line-break=\"true\" \/><strong>Lev\u00e4sen mets\u00e4st\u00e4jien hirvipeijaiset lau 5.11.22 klo 12-14<\/strong><br data-rich-text-line-break=\"true\" \/>Kyl\u00e4yhdistyksen hallitus toivottaa kaikille Hyv\u00e4\u00e4 ja Rauhallista Joulua ja Onnellista Uutta Vuotta 2023!<\/h2>\n<h2 class=\"entry-title\">Lev\u00e4sen Mets\u00e4stysyhdistys ry:n perinteiset hirvipeijaiset j\u00e4rjestet\u00e4\u00e4n lauantaina 5.11.22 mets\u00e4st\u00e4jien majalla klo 12-14. Lev\u00e4sen ja Peltoin kyl\u00e4l\u00e4iset ja maanvuokraajat ovat tervetulleita maistuvalle sopalle.<\/h2>\n<h3>************<\/h3>\n<h3>Lev\u00e4sen onkikisat 21.8.2022 klo 11-14<\/h3>\n<div class=\"entry-meta\"><span class=\"meta-prep meta-prep-author\">Julkaistu:<\/span> <a title=\"19.30\" href=\"https:\/\/kylat.ekarjala.fi\/levanen\/2022\/08\/12\/levasen-onkikisat-21-8-2022-klo-11-14\/\" rel=\"bookmark\"><span class=\"entry-date\">12.8.2022<\/span><\/a> | <span class=\"meta-sep\">Kirjoittanut:<\/span> <span class=\"author vcard\"><a class=\"url fn n\" title=\"N\u00e4yt\u00e4 kaikki artikkelit kirjoittajalta Mauri Mustonen\" href=\"https:\/\/kylat.ekarjala.fi\/levanen\/author\/mauri-mustonen\/\">Mauri Mustonen<\/a><\/span><\/div>\n<div class=\"entry-content\">\n<p>Perinteiset Lev\u00e4sen kyl\u00e4alueen onkikisat j\u00e4rjestet\u00e4\u00e4n sunnuntaina 21.8.22 klo 11-14. Paikka: Lev\u00e4sen laiturialue ja Lev\u00e4sen kannas. Sarjat: Naiset, Miehet ja alle 15-vuotiaat. Jokaisen sarjan kolme parasta palkitaan.<\/p>\n<p>Kaikki vakituiset ja kes\u00e4asukkaat ja kes\u00e4vieraat l\u00e4mpim\u00e4sti tervetuloa kisaamaan!<\/p>\n<p>Kyl\u00e4yhdistys tarjoaa nokipannukahvit, mehun ja pullan. Kuumaa makkaraa pikkurahalla.<\/p>\n<p>*************<\/p>\n<\/div>\n<h1 class=\"wp-block wp-block-post-title block-editor-block-list__block editor-post-title editor-post-title__input rich-text is-selected\" role=\"textbox\" aria-label=\"Lis\u00e4\u00e4 otsikko\">Peltoin pilkki 3.4.22 9-1<\/h1>\n<\/div>\n<div>\n<p><b>Peltoin yhteisten vesialueitten <\/b>pilkkikilpailu pidet\u00e4\u00e4n sunn. 3.4.2022 Maavedell\u00e4 . Kilpailuaika klo 9-13.<\/p>\n<p>Punnitus ja palkintojenjako Piispalanrannassa.<\/p>\n<p>Autoparkkeja mm. Arpiaisen ja Piispalan pihat<\/p>\n<p>Hoitokunta<\/p>\n<\/div>\n<div>****************<\/div>\n<div><\/div>\n<div>Lev\u00e4sen seudun kyl\u00e4yhdistys ry:n vuosikokous j\u00e4rjestet\u00e4\u00e4n tiistaina 29.3.22 klo 18.00 alkaen Lev\u00e4sen mets\u00e4st\u00e4jien kodalla. Kota sijaitsee n. 200 metri\u00e4 entisen Lev\u00e4sen koulun (nykyisin Hotel Lakehouse Saimaa) risteyksest\u00e4 Peltoihin p\u00e4in.<\/div>\n<\/div>\n<\/div>\n<\/div>\n<\/div>\n<div dir=\"auto\">\n<div>\n<div dir=\"auto\">\n<div dir=\"auto\"><\/div>\n<div dir=\"auto\">Vuosikokouksessa k\u00e4sitell\u00e4\u00e4n yhdistyksen s\u00e4\u00e4nt\u00f6jen 11\u00a7:n mukaiset vuosikokousasiat. Kokoustarjvoilu a nokipannukahvit pullan ja grillimakkaran kera.<\/div>\n<div dir=\"auto\"><\/div>\n<div dir=\"auto\">Tule ideoimaan ja vaikuttamaan! Kaikki j\u00e4senet ja kiinnostuneet ovat l\u00e4mpim\u00e4sti tervetulleita kokoukseen!<\/div>\n<div dir=\"auto\">Kyl\u00e4yhdistyksen hallitus<\/div>\n<\/div>\n<\/div>\n<\/div>\n<p>****************<\/p>\n<p>Peltoin OK:n onkikilpailut 17.7.21<\/p>\n<p>Julk. 4.7.21 (MM) <strong data-rich-text-format-boundary=\"true\">Peltoin yhteisten vesialueiden osakaskunnan Suur-Saimaan vesialueeen onkikilpailu<\/strong> pidet\u00e4\u00e4n lauantaina 17.7.2021 . Kilpailuaika klo 10-16. Punnitus ja palkintojen jako S\u00e4k`rannassa.<\/p>\n<p>Psta,<\/p>\n<p>Hoitokunta<\/p>\n<p>****************<\/p>\n<p>Julk. 10.12.20 (MM) Lev\u00e4sen kyl\u00e4yhdistyksen hallitus on puhelinkokouksessaan 8.12.20 p\u00e4\u00e4tt\u00e4nyt, ett\u00e4 perinteist\u00e4 uudenvuodenvastaanottoa ei valitettavasti t\u00e4n\u00e4 vuonna j\u00e4rjestet\u00e4. Syyn\u00e4 on 31.12. asti voimassa oleva suositus olla j\u00e4rjest\u00e4m\u00e4tt\u00e4 yli 20 hengen yleis\u00f6tilaisuuksia ja koronatapausten lis\u00e4\u00e4ntyminen Etel\u00e4-Karjalassakin. Yhdistys toivottaa kaikille tunnelmallista joulua sek\u00e4 hyv\u00e4\u00e4 uutta vuotta 2021!<\/p>\n<p>****************<\/p>\n<p>Kyl\u00e4yhdistyksen vuosikokous 13.8.20 klo 18<\/p>\n<p>Julk. 4.8.20 (MM) <strong>Lev\u00e4sen kyl\u00e4yhdistys ry:n vuosikokous<\/strong> j\u00e4rjestet\u00e4\u00e4n torstaina 13.8.20 klo 18 alkaen Lev\u00e4sen mets\u00e4st\u00e4jien majalla. Maja sijaitsee Suolahdentien varrella n. 200 m entisen Lev\u00e4sen koulun (nyk. Lakeside Hotel Saimaa) risteyksest\u00e4 Peltoihin p\u00e4in.<\/p>\n<p>Vuosikokouksessa k\u00e4sitell\u00e4\u00e4n normaalit vuosikokousasiat, kuten edellisen vuoden toimintakertomus ja tulevan toimintakauden suunnitelma, p\u00e4\u00e4tet\u00e4\u00e4n tili- ja vastuuvapauden my\u00f6nt\u00e4misest\u00e4 hallitukselle, valitaan uudet hallituksen j\u00e4senet erovuoroisten tilalle sek\u00e4 yhdistyksen puheenjohtaja. Tule ideoimaan ja vaikuttamaan!<\/p>\n<p>Kaikki j\u00e4senet ja asiasta kiinnostuneet ovat l\u00e4mpim\u00e4sti tervetulleita kokoukseen!<\/p>\n<p>LSKY ry:n hallitus<\/p>\n<p><strong>Peltoin osakaskunnan perinteiset onkikilpailut<\/strong> j\u00e4rjestettiin kauniissa s\u00e4\u00e4ss\u00e4 1.8.20 klo 11-15 v\u00e4lisen\u00e4 aikana Suur-Saimaalla. Kisoihin osallistui yli 30 henke\u00e4 kolmessa sarjassa: lapset alle 12v, naiset ja miehet. Lastensarjan voitti Eevi Kannelniemi, naistensarjan Sari Haapakorva ja miestensarjan Eero Toivola.<\/p>\n<h2><strong>Peltoin osakaskunnan kokoukset 14.6.20 (pidetty 14.6.20)<\/strong><\/h2>\n<p><strong>Peltoin yhteisen vesialueen osakaskunnan lopettamiskokous<\/strong> 14.06.2020 klo 16 Markku Talkalla Suolahdentie 312 54930 Lev\u00e4nen<\/p>\n<p><span style=\"font-size: large\"><b>Peltoin yhteisten vesialueiden osakaskunnan vuosikokous 2020<\/b><\/span><\/p>\n<p><span style=\"font-size: large\">14.6.2020 klo 17.00 <\/span><span style=\"font-size: large\">Markku Talkalla Suolahdentie 312 54930 Lev\u00e4nen<\/span><\/p>\n<h2>Kyl\u00e4yhdistyksen vuosikokous siirretty<\/h2>\n<h2><span style=\"color: #ff0000\">Sunnuntaiksi 22.3.20 ilmoitettu\u00a0 vuosikokous on t\u00e4n\u00e4\u00e4n 16.3.20 siirretty pidett\u00e4v\u00e4ksi my\u00f6hemmin ilmoitettavana ajankohtana. Kokousilmoitus annetaan t\u00e4ll\u00e4 sivustolla sek\u00e4 j\u00e4senille my\u00f6s spostitse sek\u00e4\/tai tekstiviestill\u00e4. Syyn\u00e4 siirt\u00e4miseen on pyrkimys v\u00e4hent\u00e4\u00e4 epidemian mahdollista levi\u00e4misriski\u00e4.<\/span><\/h2>\n<h3><\/h3>\n<h3><strong><i><span style=\"font-size: medium\">Ylim\u00e4\u00e4r\u00e4inen vuosikokous 13.9.19 klo 18 (Pidetty 13.9.19)<\/span><\/i><\/strong><\/h3>\n<h3>Lev\u00e4sen seudun kyl\u00e4yhdistys ry:n (t\u00e4ss\u00e4: LSK ry) ylim\u00e4\u00e4r\u00e4inen vuosikokous j\u00e4rjestetet\u00e4\u00e4n pe 13.9.2019 klo 18 Pauli ja Soile Mikkolalla, Rinnetie 8, Lev\u00e4nen. Kaikki Lev\u00e4sen alueen asukkaat ja asiasta kiinnostuneet ovat l\u00e4mpim\u00e4sti tervetulleita!<\/h3>\n<h4>Kokouksessa k\u00e4sitell\u00e4\u00e4n vuosikokousasiat eli mm. yhdistyksen\u00a0<strong>puheenjohtajan ja hallituksen valinta<\/strong>\u00a0sek\u00e4\u00a0<strong>toimintasuunnitelman ja talousarvion hyv\u00e4ksyminen<\/strong>. Lis\u00e4ksi p\u00e4\u00e4tet\u00e4\u00e4n\u00a0<strong>Lev\u00e4sen\u00a0 alueen kyl\u00e4toimikunnan toimintojen, varojen ja vastuiden vastaanottaminen<\/strong>.<\/h4>\n<h4>\u201dTalo tarjoaa\u201d pient\u00e4 purtavaa ja juotavaa.<\/h4>\n<p><em>LSK ry:n hallituksen p<\/em><em>uolesta sihteeri (MM)<\/em><\/p>","protected":false},"excerpt":{"rendered":"<p>L\u00e4mpim\u00e4sti tervetuloa, pitk\u00e4st\u00e4 aikaa, vastaanottamaan uutta vuotta 2025 Lev\u00e4sen rantaan tiistaina 31.12.2024 klo 18! Tilaisuus on tarkoitettu kaikenik\u00e4isille. Kyl\u00e4yhdistys tarjoaa ilmaiseksi kuumaa makkaraa, l\u00e4mmint\u00e4 gl\u00f6gi\u00e4 ja mehua. Lapset voivat paistaa vaahtokarkkeja. Lev\u00e4sen kannas ja ranta-alue valaistaan j\u00e4tk\u00e4nkynttil\u00f6in. Samalla otetaan virallisesti &hellip; <a href=\"https:\/\/kylat.ekarjala.fi\/levanen\/tulossa\/\">Lue loppuun <span class=\"meta-nav\">&rarr;<\/span><\/a><\/p>\n","protected":false},"author":38,"featured_media":0,"parent":0,"menu_order":0,"comment_status":"closed","ping_status":"closed","template":"onecolumn-page.php","meta":{"footnotes":""},"class_list":["post-3475","page","type-page","status-publish","hentry"],"_links":{"self":[{"href":"https:\/\/kylat.ekarjala.fi\/levanen\/wp-json\/wp\/v2\/pages\/3475","targetHints":{"allow":["GET"]}}],"collection":[{"href":"https:\/\/kylat.ekarjala.fi\/levanen\/wp-json\/wp\/v2\/pages"}],"about":[{"href":"https:\/\/kylat.ekarjala.fi\/levanen\/wp-json\/wp\/v2\/types\/page"}],"author":[{"embeddable":true,"href":"https:\/\/kylat.ekarjala.fi\/levanen\/wp-json\/wp\/v2\/users\/38"}],"replies":[{"embeddable":true,"href":"https:\/\/kylat.ekarjala.fi\/levanen\/wp-json\/wp\/v2\/comments?post=3475"}],"version-history":[{"count":20,"href":"https:\/\/kylat.ekarjala.fi\/levanen\/wp-json\/wp\/v2\/pages\/3475\/revisions"}],"predecessor-version":[{"id":4323,"href":"https:\/\/kylat.ekarjala.fi\/levanen\/wp-json\/wp\/v2\/pages\/3475\/revisions\/4323"}],"wp:attachment":[{"href":"https:\/\/kylat.ekarjala.fi\/levanen\/wp-json\/wp\/v2\/media?parent=3475"}],"curies":[{"name":"wp","href":"https:\/\/api.w.org\/{rel}","templated":true}]}}