{"id":10,"date":"2014-02-24T11:20:15","date_gmt":"2014-02-24T09:20:15","guid":{"rendered":"https:\/\/kylat.ekarjala.fi\/mattilamantylakuusela\/?page_id=10"},"modified":"2014-10-02T22:33:31","modified_gmt":"2014-10-02T19:33:31","slug":"esittely","status":"publish","type":"page","link":"https:\/\/kylat.ekarjala.fi\/mattilamantylakuusela\/esittely\/","title":{"rendered":"ESITTELY"},"content":{"rendered":"<p>Mattila-M\u00e4ntyl\u00e4-Kuusela -asuinalueemme sijaitsee 6-tien etel\u00e4puolella. Sen it\u00e4puolella on iso kalkkikivilouhos ja sit\u00e4 hy\u00f6dynt\u00e4v\u00e4 tehdasalue. Alueemme l\u00e4nsipuolella on valtion mets\u00e4alue, jota armeija k\u00e4ytt\u00e4\u00e4 harjoituspaikkana. Asukkaille on kuitenkin annettu lupa ulkoilla alueella. Kaikenlainen roskaaminen on tietenkin kielletty.<\/p>\n<p>Kaikki t\u00e4ll\u00e4 alueella asuvat ihmiset ovat automaattisesti asukasyhdistyksemme j\u00e4seni\u00e4. Heihin luetaan my\u00f6s ns. Partekin alueen asukkaat.<\/p>\n<p>&gt;&gt; <a href=\"http:\/\/www.lappeenranta.fi\/Suomeksi\/Palvelut\/Asukas--ja-aluetoiminta\/Kaupunginosat\/Mattila-Mantyla-Kuusela\" target=\"_blank\">Lue lis\u00e4\u00e4 alueestamme Lappeenrannan kaupungin sivuilta&#8230;<\/a><\/p>\n","protected":false},"excerpt":{"rendered":"<p>Mattila-M\u00e4ntyl\u00e4-Kuusela -asuinalueemme sijaitsee 6-tien etel\u00e4puolella. Sen it\u00e4puolella on iso kalkkikivilouhos ja sit\u00e4 hy\u00f6dynt\u00e4v\u00e4 tehdasalue. Alueemme l\u00e4nsipuolella on valtion mets\u00e4alue, jota armeija k\u00e4ytt\u00e4\u00e4 harjoituspaikkana. Asukkaille on kuitenkin annettu lupa ulkoilla alueella. Kaikenlainen roskaaminen on tietenkin kielletty. Kaikki t\u00e4ll\u00e4 alueella asuvat ihmiset ovat automaattisesti asukasyhdistyksemme j\u00e4seni\u00e4. Heihin luetaan my\u00f6s ns. Partekin alueen asukkaat. &gt;&gt; Lue lis\u00e4\u00e4 alueestamme &hellip; <a href=\"https:\/\/kylat.ekarjala.fi\/mattilamantylakuusela\/esittely\/\" class=\"more-link\">Continue reading <span class=\"screen-reader-text\">ESITTELY<\/span><\/a><\/p>\n","protected":false},"author":1,"featured_media":0,"parent":0,"menu_order":0,"comment_status":"closed","ping_status":"closed","template":"","meta":{"footnotes":""},"class_list":["post-10","page","type-page","status-publish","hentry"],"_links":{"self":[{"href":"https:\/\/kylat.ekarjala.fi\/mattilamantylakuusela\/wp-json\/wp\/v2\/pages\/10","targetHints":{"allow":["GET"]}}],"collection":[{"href":"https:\/\/kylat.ekarjala.fi\/mattilamantylakuusela\/wp-json\/wp\/v2\/pages"}],"about":[{"href":"https:\/\/kylat.ekarjala.fi\/mattilamantylakuusela\/wp-json\/wp\/v2\/types\/page"}],"author":[{"embeddable":true,"href":"https:\/\/kylat.ekarjala.fi\/mattilamantylakuusela\/wp-json\/wp\/v2\/users\/1"}],"replies":[{"embeddable":true,"href":"https:\/\/kylat.ekarjala.fi\/mattilamantylakuusela\/wp-json\/wp\/v2\/comments?post=10"}],"version-history":[{"count":12,"href":"https:\/\/kylat.ekarjala.fi\/mattilamantylakuusela\/wp-json\/wp\/v2\/pages\/10\/revisions"}],"predecessor-version":[{"id":247,"href":"https:\/\/kylat.ekarjala.fi\/mattilamantylakuusela\/wp-json\/wp\/v2\/pages\/10\/revisions\/247"}],"wp:attachment":[{"href":"https:\/\/kylat.ekarjala.fi\/mattilamantylakuusela\/wp-json\/wp\/v2\/media?parent=10"}],"curies":[{"name":"wp","href":"https:\/\/api.w.org\/{rel}","templated":true}]}}