{"id":18,"date":"2014-02-24T11:21:55","date_gmt":"2014-02-24T09:21:55","guid":{"rendered":"https:\/\/kylat.ekarjala.fi\/mattilamantylakuusela\/?page_id=18"},"modified":"2022-05-12T14:35:51","modified_gmt":"2022-05-12T11:35:51","slug":"kerhotoimintaa","status":"publish","type":"page","link":"https:\/\/kylat.ekarjala.fi\/mattilamantylakuusela\/kerhotoimintaa\/","title":{"rendered":"KERHOTOIMINTAA"},"content":{"rendered":"<p>Alueellamme toimii erilaisia kerhoja mm.<\/p>\n<p><b>Partiolippukunnat:<\/b><\/p>\n<p>Vuorenveikot (pojat ja tyt\u00f6t). Heill\u00e4 on oma kolo Virel\u00e4ss\u00e4 tehdasalueen vierell\u00e4.<\/p>\n<ul>\n<li><a title=\"\" href=\"https:\/\/www.facebook.com\/Parveilijatry\" target=\"_blank\" rel=\"noopener\">Parveilijat Facebookissa<\/a><br \/>\nTytt\u00f6jen partiolippukunta Parveilijat on vuoden 2021 alussa yhdistynyt partiolippukunta Vuorenveikkojen kanssa. Otathan siis partioasioissa yhteytt\u00e4 Vuorenveikkoihin:<\/li>\n<li><a href=\"https:\/\/www.vuorenveikot.net\/\" target=\"_blank\" rel=\"noopener\">Vuorenveikot<\/a><br \/>\n<a title=\"\" href=\"https:\/\/www.facebook.com\/vuorenveikot?fref=ts\" target=\"_blank\" rel=\"noopener\">Vuorenveikot Facebookissa<\/a><\/li>\n<li><a href=\"https:\/\/www.facebook.com\/Lappeenrannan-Nuoret-Kotkat-128950753927932\/?ref=page_internal\" target=\"_blank\" rel=\"noopener\">Lappeenrannan Nuoret Kotkat Facebookissa<\/a> ja <a href=\"https:\/\/nuoretkotkat.fi\/alueelliset-yhteystiedot\/\" target=\"_blank\" rel=\"noopener\">alueelliset yhteystiedot netiss\u00e4<\/a><\/li>\n<li>Etel\u00e4-Karjalan partiolaiset <a href=\"https:\/\/etelakarjala.partio.fi\/etela-karjalan-partiolaiset\/tutustu-lippukuntiimme\/lappeenrannan-keskustan-alue\/\" target=\"_blank\" rel=\"noopener\">Lappeenrannan keskustan alueella<\/a><\/li>\n<\/ul>\n<p><b>Seurakunnan toiminta:<\/b><\/p>\n<p><a href=\"https:\/\/www.lappeenrannanseurakunnat.fi\/perhekerhot\" target=\"_blank\" rel=\"noopener\">Seurakunnan perhekerhot<\/a><\/p>\n<p><strong>J\u00e4rjest\u00f6t hoi!<\/strong><br \/>\nIlmoittakaa s\u00e4\u00e4nn\u00f6llisest\u00e4 toiminnastanne vastaamalla alla olevalla lomakkeella tai Palautteen alta &#8221;Terveisi\u00e4 yhdistykselle&#8221; -linkin avulla, niin teid\u00e4t mainitaan t\u00e4ss\u00e4.<\/p>\n","protected":false},"excerpt":{"rendered":"<p>Alueellamme toimii erilaisia kerhoja mm. Partiolippukunnat: Vuorenveikot (pojat ja tyt\u00f6t). Heill\u00e4 on oma kolo Virel\u00e4ss\u00e4 tehdasalueen vierell\u00e4. Parveilijat Facebookissa Tytt\u00f6jen partiolippukunta Parveilijat on vuoden 2021 alussa yhdistynyt partiolippukunta Vuorenveikkojen kanssa. Otathan siis partioasioissa yhteytt\u00e4 Vuorenveikkoihin: Vuorenveikot Vuorenveikot Facebookissa Lappeenrannan Nuoret Kotkat Facebookissa ja alueelliset yhteystiedot netiss\u00e4 Etel\u00e4-Karjalan partiolaiset Lappeenrannan keskustan alueella Seurakunnan toiminta: Seurakunnan perhekerhot &hellip; <a href=\"https:\/\/kylat.ekarjala.fi\/mattilamantylakuusela\/kerhotoimintaa\/\" class=\"more-link\">Continue reading <span class=\"screen-reader-text\">KERHOTOIMINTAA<\/span><\/a><\/p>\n","protected":false},"author":1,"featured_media":0,"parent":0,"menu_order":0,"comment_status":"open","ping_status":"closed","template":"","meta":{"footnotes":""},"class_list":["post-18","page","type-page","status-publish","hentry"],"_links":{"self":[{"href":"https:\/\/kylat.ekarjala.fi\/mattilamantylakuusela\/wp-json\/wp\/v2\/pages\/18","targetHints":{"allow":["GET"]}}],"collection":[{"href":"https:\/\/kylat.ekarjala.fi\/mattilamantylakuusela\/wp-json\/wp\/v2\/pages"}],"about":[{"href":"https:\/\/kylat.ekarjala.fi\/mattilamantylakuusela\/wp-json\/wp\/v2\/types\/page"}],"author":[{"embeddable":true,"href":"https:\/\/kylat.ekarjala.fi\/mattilamantylakuusela\/wp-json\/wp\/v2\/users\/1"}],"replies":[{"embeddable":true,"href":"https:\/\/kylat.ekarjala.fi\/mattilamantylakuusela\/wp-json\/wp\/v2\/comments?post=18"}],"version-history":[{"count":11,"href":"https:\/\/kylat.ekarjala.fi\/mattilamantylakuusela\/wp-json\/wp\/v2\/pages\/18\/revisions"}],"predecessor-version":[{"id":412,"href":"https:\/\/kylat.ekarjala.fi\/mattilamantylakuusela\/wp-json\/wp\/v2\/pages\/18\/revisions\/412"}],"wp:attachment":[{"href":"https:\/\/kylat.ekarjala.fi\/mattilamantylakuusela\/wp-json\/wp\/v2\/media?parent=18"}],"curies":[{"name":"wp","href":"https:\/\/api.w.org\/{rel}","templated":true}]}}