{"id":2,"date":"2014-02-24T09:17:35","date_gmt":"2014-02-24T07:17:35","guid":{"rendered":"https:\/\/kylat.ekarjala.fi\/mattilamantylakuusela\/?page_id=2"},"modified":"2014-09-26T21:36:25","modified_gmt":"2014-09-26T18:36:25","slug":"esimerkkisivu","status":"publish","type":"page","link":"https:\/\/kylat.ekarjala.fi\/mattilamantylakuusela\/","title":{"rendered":"ETUSIVU"},"content":{"rendered":"<p>Tervetuloa Mattila-M\u00e4ntyl\u00e4-Kuusela -alueen sivuille. Otamme mielell\u00e4mme vastaan palautetta uusista sivuistamme sek\u00e4 kehitysehdotuksia kyl\u00e4n asioihin. Tehd\u00e4\u00e4n yhdess\u00e4 alueestamme mukava kotipaikka!<\/p>\n<p>Tarvitsemme tuoreita kuvia kyl\u00e4n\u00a0tapahtumista ja ymp\u00e4rist\u00f6st\u00e4 &#8211; sellaisia, joita voisi t\u00e4\u00e4ll\u00e4 sivustolla julkaista. Voit l\u00e4hett\u00e4\u00e4 niit\u00e4 asukasyhdistyksemme s\u00e4hk\u00f6postiin: mmk.asukasyhdistys (at)\u00a0gmail.com.<\/p>\n<p>Kyl\u00e4mme on my\u00f6s <a href=\"https:\/\/www.facebook.com\/groups\/112593078798951\/\" target=\"_blank\">Facebookissa&#8230;<\/a>\u00a0Lue ajankohtaiset keskustelut asukasyhdistyksen facebook-sivulta. Liity halutessasi ryhm\u00e4\u00e4n osallistuaksesi keskusteluun.<\/p>\n<p>Tutustu:\u00a0<a href=\"https:\/\/kylat.ekarjala.fi\/\">Etel\u00e4-Karjalan kyl\u00e4sivustot<\/a><\/p>\n<p>Katso my\u00f6s Lappeenrannan kaupungin <a href=\"http:\/\/www.lappeenranta.fi\/Suomeksi\/Kaupunki-info\/Kaupunki-tiedottaa\" target=\"_blank\">ajankohtaiset uutiset&#8230;<\/a><\/p>\n","protected":false},"excerpt":{"rendered":"<p>Tervetuloa Mattila-M\u00e4ntyl\u00e4-Kuusela -alueen sivuille. Otamme mielell\u00e4mme vastaan palautetta uusista sivuistamme sek\u00e4 kehitysehdotuksia kyl\u00e4n asioihin. Tehd\u00e4\u00e4n yhdess\u00e4 alueestamme mukava kotipaikka! Tarvitsemme tuoreita kuvia kyl\u00e4n\u00a0tapahtumista ja ymp\u00e4rist\u00f6st\u00e4 &#8211; sellaisia, joita voisi t\u00e4\u00e4ll\u00e4 sivustolla julkaista. Voit l\u00e4hett\u00e4\u00e4 niit\u00e4 asukasyhdistyksemme s\u00e4hk\u00f6postiin: mmk.asukasyhdistys (at)\u00a0gmail.com. Kyl\u00e4mme on my\u00f6s Facebookissa&#8230;\u00a0Lue ajankohtaiset keskustelut asukasyhdistyksen facebook-sivulta. Liity halutessasi ryhm\u00e4\u00e4n osallistuaksesi keskusteluun. Tutustu:\u00a0Etel\u00e4-Karjalan kyl\u00e4sivustot Katso &hellip; <a href=\"https:\/\/kylat.ekarjala.fi\/mattilamantylakuusela\/\" class=\"more-link\">Continue reading <span class=\"screen-reader-text\">ETUSIVU<\/span><\/a><\/p>\n","protected":false},"author":144,"featured_media":0,"parent":0,"menu_order":0,"comment_status":"closed","ping_status":"closed","template":"","meta":{"footnotes":""},"class_list":["post-2","page","type-page","status-publish","hentry"],"_links":{"self":[{"href":"https:\/\/kylat.ekarjala.fi\/mattilamantylakuusela\/wp-json\/wp\/v2\/pages\/2","targetHints":{"allow":["GET"]}}],"collection":[{"href":"https:\/\/kylat.ekarjala.fi\/mattilamantylakuusela\/wp-json\/wp\/v2\/pages"}],"about":[{"href":"https:\/\/kylat.ekarjala.fi\/mattilamantylakuusela\/wp-json\/wp\/v2\/types\/page"}],"author":[{"embeddable":true,"href":"https:\/\/kylat.ekarjala.fi\/mattilamantylakuusela\/wp-json\/wp\/v2\/users\/144"}],"replies":[{"embeddable":true,"href":"https:\/\/kylat.ekarjala.fi\/mattilamantylakuusela\/wp-json\/wp\/v2\/comments?post=2"}],"version-history":[{"count":16,"href":"https:\/\/kylat.ekarjala.fi\/mattilamantylakuusela\/wp-json\/wp\/v2\/pages\/2\/revisions"}],"predecessor-version":[{"id":164,"href":"https:\/\/kylat.ekarjala.fi\/mattilamantylakuusela\/wp-json\/wp\/v2\/pages\/2\/revisions\/164"}],"wp:attachment":[{"href":"https:\/\/kylat.ekarjala.fi\/mattilamantylakuusela\/wp-json\/wp\/v2\/media?parent=2"}],"curies":[{"name":"wp","href":"https:\/\/api.w.org\/{rel}","templated":true}]}}