{"id":27,"date":"2014-02-24T11:23:53","date_gmt":"2014-02-24T09:23:53","guid":{"rendered":"https:\/\/kylat.ekarjala.fi\/mattilamantylakuusela\/?page_id=27"},"modified":"2022-05-12T14:15:49","modified_gmt":"2022-05-12T11:15:49","slug":"uusille-asukkaille","status":"publish","type":"page","link":"https:\/\/kylat.ekarjala.fi\/mattilamantylakuusela\/uusille-asukkaille\/","title":{"rendered":"PALVELUT ALUEELLAMME"},"content":{"rendered":"<p><strong>Kaupalliset palvelut, esim.:<\/strong><\/p>\n<ul>\n<li><a href=\"https:\/\/www.k-ruoka.fi\/kauppa\/k-market-mattila\" target=\"_blank\" rel=\"noopener\">L\u00e4hikauppa K-Market<\/a> Mattilassa<\/li>\n<li>Postin palvelut toimivat l\u00e4hikaupassa<\/li>\n<\/ul>\n<p><strong>Julkiset palvelut:<\/strong><\/p>\n<ul>\n<li>M\u00e4ntyl\u00e4n p\u00e4iv\u00e4koti\u00a0(<a href=\"http:\/\/kartta.lappeenranta.fi\/IMS\/?layers=Opaskartta&amp;cp=6768765,28508655&amp;z=2&amp;title=P%C3%A4iv%C3%A4koti\" target=\"_blank\" rel=\"noopener\">kartalla<\/a>)<\/li>\n<li><a href=\"https:\/\/beta.lappeenranta.fi\/fi\/kasvatus-ja-koulutus\/koulut\/kesamaen-koulu\" target=\"_blank\" rel=\"noopener\">Kes\u00e4m\u00e4en koulu<\/a> (<a href=\"https:\/\/kartta.lappeenranta.fi\/IMS\/?layers=Opaskartta&amp;cp=6770710,28509641&amp;z=0.5&amp;title=Kes%C3%A4m%C3%A4en%20koulu\" target=\"_blank\" rel=\"noopener\">kartalla<\/a>) \/ <a href=\"https:\/\/www.kesamaenkoulu.fi\/\" target=\"_blank\" rel=\"noopener\">Kes\u00e4m\u00e4en koulun omat sivut<\/a><\/li>\n<\/ul>\n<p><strong>Muut palvelut:<\/strong><\/p>\n<ul>\n<li>J\u00e4tehuoltopiste on l\u00e4hikaupan vieress\u00e4 Simolantien puolella. <a href=\"https:\/\/www.kierratys.info\/Mattilantie--Vaalimaantie-149-Lappeenranta-Rinki-ekopiste\" target=\"_blank\" rel=\"noopener\">Kierr\u00e4tys-infosta<\/a> n\u00e4et sen sijainnin ja mit\u00e4 pisteell\u00e4 vastaanotetaan.<\/li>\n<\/ul>\n<p><strong>Linkkej\u00e4:<\/strong><\/p>\n<p><a href=\"https:\/\/www.lappeenranta.fi\/fi\/Asiointikanavat\/Kesamaen-paivakodin-Mantylan-toimintayksikko\/9861fad6-ce2d-40d5-b5ab-c5a2ac21aa7f\" target=\"_blank\" rel=\"noopener\">M\u00e4ntyl\u00e4n p\u00e4iv\u00e4koti<\/a><\/p>\n<p><a href=\"https:\/\/www.lappeenranta.fi\/fi\/Palvelut\/Nuorten-palvelut\" target=\"_blank\" rel=\"noopener\">Nuorten palvelut Lappeenrannassa<\/a><\/p>\n<p><a href=\"https:\/\/beta.lappeenranta.fi\/fi\/kasvatus-ja-koulutus\/perusopetus-lappeenrannassa\/perusopetuksen-aamu-ja-iltapaivatoiminta\" target=\"_blank\" rel=\"noopener\">Perusopetuksen aamu- ja iltap\u00e4iv\u00e4toiminta<\/a><\/p>\n<p><a href=\"https:\/\/beta.lappeenranta.fi\/fi\/kasvatus-ja-koulutus\" target=\"_blank\" rel=\"noopener\">Kasvatus ja koulutus Lappeenrannassa<\/a><\/p>\n<p><a title=\"\" href=\"http:\/\/www.ekjh.fi\/\" target=\"_blank\" rel=\"noopener\">Etel\u00e4-Karjalan j\u00e4tehuolto<\/a><\/p>\n<p>Palvelujen tuottajat, jos haluatte olla esill\u00e4 yhdistyksen kotisivulla, ottakaa yhteytt\u00e4 sivujen yll\u00e4pit\u00e4j\u00e4\u00e4n Palautteen alta &#8221;Terveisi\u00e4 yhdistykselle&#8221;-linkin kautta.<\/p>\n","protected":false},"excerpt":{"rendered":"<p>Kaupalliset palvelut, esim.: L\u00e4hikauppa K-Market Mattilassa Postin palvelut toimivat l\u00e4hikaupassa Julkiset palvelut: M\u00e4ntyl\u00e4n p\u00e4iv\u00e4koti\u00a0(kartalla) Kes\u00e4m\u00e4en koulu (kartalla) \/ Kes\u00e4m\u00e4en koulun omat sivut Muut palvelut: J\u00e4tehuoltopiste on l\u00e4hikaupan vieress\u00e4 Simolantien puolella. Kierr\u00e4tys-infosta n\u00e4et sen sijainnin ja mit\u00e4 pisteell\u00e4 vastaanotetaan. Linkkej\u00e4: M\u00e4ntyl\u00e4n p\u00e4iv\u00e4koti Nuorten palvelut Lappeenrannassa Perusopetuksen aamu- ja iltap\u00e4iv\u00e4toiminta Kasvatus ja koulutus Lappeenrannassa Etel\u00e4-Karjalan j\u00e4tehuolto Palvelujen &hellip; <a href=\"https:\/\/kylat.ekarjala.fi\/mattilamantylakuusela\/uusille-asukkaille\/\" class=\"more-link\">Continue reading <span class=\"screen-reader-text\">PALVELUT ALUEELLAMME<\/span><\/a><\/p>\n","protected":false},"author":1,"featured_media":0,"parent":0,"menu_order":0,"comment_status":"closed","ping_status":"closed","template":"","meta":{"footnotes":""},"class_list":["post-27","page","type-page","status-publish","hentry"],"_links":{"self":[{"href":"https:\/\/kylat.ekarjala.fi\/mattilamantylakuusela\/wp-json\/wp\/v2\/pages\/27","targetHints":{"allow":["GET"]}}],"collection":[{"href":"https:\/\/kylat.ekarjala.fi\/mattilamantylakuusela\/wp-json\/wp\/v2\/pages"}],"about":[{"href":"https:\/\/kylat.ekarjala.fi\/mattilamantylakuusela\/wp-json\/wp\/v2\/types\/page"}],"author":[{"embeddable":true,"href":"https:\/\/kylat.ekarjala.fi\/mattilamantylakuusela\/wp-json\/wp\/v2\/users\/1"}],"replies":[{"embeddable":true,"href":"https:\/\/kylat.ekarjala.fi\/mattilamantylakuusela\/wp-json\/wp\/v2\/comments?post=27"}],"version-history":[{"count":20,"href":"https:\/\/kylat.ekarjala.fi\/mattilamantylakuusela\/wp-json\/wp\/v2\/pages\/27\/revisions"}],"predecessor-version":[{"id":409,"href":"https:\/\/kylat.ekarjala.fi\/mattilamantylakuusela\/wp-json\/wp\/v2\/pages\/27\/revisions\/409"}],"wp:attachment":[{"href":"https:\/\/kylat.ekarjala.fi\/mattilamantylakuusela\/wp-json\/wp\/v2\/media?parent=27"}],"curies":[{"name":"wp","href":"https:\/\/api.w.org\/{rel}","templated":true}]}}