{"id":30,"date":"2014-02-24T11:24:08","date_gmt":"2014-02-24T09:24:08","guid":{"rendered":"https:\/\/kylat.ekarjala.fi\/mattilamantylakuusela\/?page_id=30"},"modified":"2022-05-12T14:44:03","modified_gmt":"2022-05-12T11:44:03","slug":"liikenneyhteydet","status":"publish","type":"page","link":"https:\/\/kylat.ekarjala.fi\/mattilamantylakuusela\/liikenneyhteydet\/","title":{"rendered":"LIIKENNEYHTEYDET"},"content":{"rendered":"<p>Kulkuyhteydet kaupungille ovat eritt\u00e4in sujuvat.<\/p>\n<p>Bussit nro 4 ja 47 (iltaisin) kulkevat kaupunginosastamme keskustaan ja Karhuvuoreen.<br \/>\nLis\u00e4tietoa aikatauluista\u00a0l\u00f6yd\u00e4t\u00a0:<\/p>\n<p><a href=\"https:\/\/www.lappeenranta.fi\/fi\/Kartat-ja-liikenne\/Lahiliikenne\/Aikataulut-ja-reitit\" target=\"_blank\" rel=\"noopener\">Lappeenrannan kaupungin sivuilta<\/a><br \/>\n<a href=\"https:\/\/lappeenranta.digitransit.fi\/\" target=\"_blank\" rel=\"noopener\">S\u00e4hk\u00f6isest\u00e4 reittioppaasta<\/a><\/p>\n<p>Alueelta on hyv\u00e4 opastettu py\u00f6r\u00e4tie keskustaan, jonne on matkaa Mattilan l\u00e4hikaupalta n. 3,5 km ja M\u00e4ntyl\u00e4-Kuusela-alueelta n. 4,5 km (<a href=\"https:\/\/kartta.lappeenranta.fi\/IMS\/?layers=Opaskartta&amp;lon=Py%C3%B6r%C3%A4reitit&amp;cp=6768942,28508731&amp;z=4\" target=\"_blank\" rel=\"noopener\">py\u00f6r\u00e4tiet kartalla<\/a>). L\u00f6yd\u00e4t lis\u00e4\u00e4 tietoa py\u00f6r\u00e4ilyreiteist\u00e4 ja py\u00f6r\u00e4ilij\u00e4n opaskartan <a href=\"https:\/\/www.lappeenranta.fi\/fi\/Kartat-ja-liikenne\/Pyoraily-ja-pyorareitit\/Pyorailyreitit\" target=\"_blank\" rel=\"noopener\">Lappeenrannan kaupungin sivuilta<\/a>.<\/p>\n<p>Henkil\u00f6autolla ajomatka kest\u00e4\u00e4 n. 5-10 minuuttia kauppatorille &#8211; koko matkan 4-kaistaista ajorataa pitkin!<\/p>\n<p>Peruskoulun ala- ja yl\u00e4luokille Kes\u00e4m\u00e4enrinteelle on M\u00e4ntyl\u00e4st\u00e4 py\u00f6r\u00e4illen n. 3 km. Mattilan kaupungin puoleisesta p\u00e4\u00e4st\u00e4 koululle on vain alle kilometrin matka turvallisesti 6-tien alittavan kevyenliikenteen tunnelin kautta.<\/p>\n","protected":false},"excerpt":{"rendered":"<p>Kulkuyhteydet kaupungille ovat eritt\u00e4in sujuvat. Bussit nro 4 ja 47 (iltaisin) kulkevat kaupunginosastamme keskustaan ja Karhuvuoreen. Lis\u00e4tietoa aikatauluista\u00a0l\u00f6yd\u00e4t\u00a0: Lappeenrannan kaupungin sivuilta S\u00e4hk\u00f6isest\u00e4 reittioppaasta Alueelta on hyv\u00e4 opastettu py\u00f6r\u00e4tie keskustaan, jonne on matkaa Mattilan l\u00e4hikaupalta n. 3,5 km ja M\u00e4ntyl\u00e4-Kuusela-alueelta n. 4,5 km (py\u00f6r\u00e4tiet kartalla). L\u00f6yd\u00e4t lis\u00e4\u00e4 tietoa py\u00f6r\u00e4ilyreiteist\u00e4 ja py\u00f6r\u00e4ilij\u00e4n opaskartan Lappeenrannan kaupungin sivuilta. Henkil\u00f6autolla &hellip; <a href=\"https:\/\/kylat.ekarjala.fi\/mattilamantylakuusela\/liikenneyhteydet\/\" class=\"more-link\">Continue reading <span class=\"screen-reader-text\">LIIKENNEYHTEYDET<\/span><\/a><\/p>\n","protected":false},"author":1,"featured_media":0,"parent":0,"menu_order":0,"comment_status":"closed","ping_status":"closed","template":"","meta":{"footnotes":""},"class_list":["post-30","page","type-page","status-publish","hentry"],"_links":{"self":[{"href":"https:\/\/kylat.ekarjala.fi\/mattilamantylakuusela\/wp-json\/wp\/v2\/pages\/30","targetHints":{"allow":["GET"]}}],"collection":[{"href":"https:\/\/kylat.ekarjala.fi\/mattilamantylakuusela\/wp-json\/wp\/v2\/pages"}],"about":[{"href":"https:\/\/kylat.ekarjala.fi\/mattilamantylakuusela\/wp-json\/wp\/v2\/types\/page"}],"author":[{"embeddable":true,"href":"https:\/\/kylat.ekarjala.fi\/mattilamantylakuusela\/wp-json\/wp\/v2\/users\/1"}],"replies":[{"embeddable":true,"href":"https:\/\/kylat.ekarjala.fi\/mattilamantylakuusela\/wp-json\/wp\/v2\/comments?post=30"}],"version-history":[{"count":15,"href":"https:\/\/kylat.ekarjala.fi\/mattilamantylakuusela\/wp-json\/wp\/v2\/pages\/30\/revisions"}],"predecessor-version":[{"id":415,"href":"https:\/\/kylat.ekarjala.fi\/mattilamantylakuusela\/wp-json\/wp\/v2\/pages\/30\/revisions\/415"}],"wp:attachment":[{"href":"https:\/\/kylat.ekarjala.fi\/mattilamantylakuusela\/wp-json\/wp\/v2\/media?parent=30"}],"curies":[{"name":"wp","href":"https:\/\/api.w.org\/{rel}","templated":true}]}}