{"id":59,"date":"2014-02-24T11:28:14","date_gmt":"2014-02-24T09:28:14","guid":{"rendered":"https:\/\/kylat.ekarjala.fi\/mattilamantylakuusela\/?page_id=59"},"modified":"2022-05-12T14:54:19","modified_gmt":"2022-05-12T11:54:19","slug":"yhdistysvaikuttaa","status":"publish","type":"page","link":"https:\/\/kylat.ekarjala.fi\/mattilamantylakuusela\/yhdistysvaikuttaa\/","title":{"rendered":"YHDISTYS VAIKUTTAA"},"content":{"rendered":"<p>Jos haluat vaikuttaa alueesi asioihin, voit tehd\u00e4 sen my\u00f6s asukasyhdistyksen kautta. Ota yhteytt\u00e4 <a href=\"https:\/\/kylat.ekarjala.fi\/mattilamantylakuusela\/asukasyhdistys\/\">johtokunnan j\u00e4seniin <\/a>tai tule yhdistyksen kokouksiin, joita ovat kev\u00e4t- ja syyskokous. Syyskokouksessa valitaan uusi johtokunta, tule mukaan vaikuttamaan tai ilmoittaudu halukkaaksi johtokuntaan!<\/p>\n<p><strong>Vaikuttamisen muotoja:<\/strong><\/p>\n<ul>\n<li>yhdistyksen edustajat alueraadissa<\/li>\n<li>yhdistys l\u00e4hett\u00e4\u00e4 tarvittaessa kirjelmi\u00e4 kaupungin viranomaisille ja toimielimille<\/li>\n<li>kutsutaan viranhaltijoita asukasiltoihin tiedottamaan ja kuulemaan asukkaiden mielipiteit\u00e4 esim. tieoloista<\/li>\n<\/ul>\n<p>Yhdistyksemme on tehnyt aloitteita ja vaikuttanut mm. seuraaviin asioihin:<\/p>\n<ul>\n<li>Frisbeegolfradan saaminen alueelle<\/li>\n<li>Mattilanlammen tila ja kunnostus.<\/li>\n<li>Liikenneturvallisuus ja mm. meluvallin rakentaminen Simolantien varteen osana 6-tien rakennust\u00f6it\u00e4.<\/li>\n<li>Ymp\u00e4rist\u00f6n viihtyisyys, l\u00e4himets\u00e4t<\/li>\n<li>Paikalliset palvelut<\/li>\n<li>Bussilinjat ja -aikataulut<\/li>\n<li>Nuorten harrastustilan saaminen alueelle<\/li>\n<\/ul>\n<p>T\u00e4ll\u00e4 hetkell\u00e4 t\u00e4rkein ja kiireellisin asiamme yhdess\u00e4 asukkaiden kanssa on saada M\u00e4ntyl\u00e4\u00e4n uusi alakoulu, jossa lapsilla olisi terveellist\u00e4 ja turvallista k\u00e4yd\u00e4 sek\u00e4 kyl\u00e4l\u00e4iset voisivat kokoontua liikunnan ja muun kerhotoiminnan parissa.<\/p>\n<p>Lis\u00e4ksi annetaan palautetta Ihalaisen kaivoksen kaivannaisj\u00e4tealueiden laajennuksesta ja sen vaikutuksista asumisviihtyvyyteen alueellamme.<\/p>\n","protected":false},"excerpt":{"rendered":"<p>Jos haluat vaikuttaa alueesi asioihin, voit tehd\u00e4 sen my\u00f6s asukasyhdistyksen kautta. Ota yhteytt\u00e4 johtokunnan j\u00e4seniin tai tule yhdistyksen kokouksiin, joita ovat kev\u00e4t- ja syyskokous. Syyskokouksessa valitaan uusi johtokunta, tule mukaan vaikuttamaan tai ilmoittaudu halukkaaksi johtokuntaan! Vaikuttamisen muotoja: yhdistyksen edustajat alueraadissa yhdistys l\u00e4hett\u00e4\u00e4 tarvittaessa kirjelmi\u00e4 kaupungin viranomaisille ja toimielimille kutsutaan viranhaltijoita asukasiltoihin tiedottamaan ja kuulemaan asukkaiden &hellip; <a href=\"https:\/\/kylat.ekarjala.fi\/mattilamantylakuusela\/yhdistysvaikuttaa\/\" class=\"more-link\">Continue reading <span class=\"screen-reader-text\">YHDISTYS VAIKUTTAA<\/span><\/a><\/p>\n","protected":false},"author":1,"featured_media":0,"parent":0,"menu_order":0,"comment_status":"closed","ping_status":"closed","template":"","meta":{"footnotes":""},"class_list":["post-59","page","type-page","status-publish","hentry"],"_links":{"self":[{"href":"https:\/\/kylat.ekarjala.fi\/mattilamantylakuusela\/wp-json\/wp\/v2\/pages\/59","targetHints":{"allow":["GET"]}}],"collection":[{"href":"https:\/\/kylat.ekarjala.fi\/mattilamantylakuusela\/wp-json\/wp\/v2\/pages"}],"about":[{"href":"https:\/\/kylat.ekarjala.fi\/mattilamantylakuusela\/wp-json\/wp\/v2\/types\/page"}],"author":[{"embeddable":true,"href":"https:\/\/kylat.ekarjala.fi\/mattilamantylakuusela\/wp-json\/wp\/v2\/users\/1"}],"replies":[{"embeddable":true,"href":"https:\/\/kylat.ekarjala.fi\/mattilamantylakuusela\/wp-json\/wp\/v2\/comments?post=59"}],"version-history":[{"count":4,"href":"https:\/\/kylat.ekarjala.fi\/mattilamantylakuusela\/wp-json\/wp\/v2\/pages\/59\/revisions"}],"predecessor-version":[{"id":419,"href":"https:\/\/kylat.ekarjala.fi\/mattilamantylakuusela\/wp-json\/wp\/v2\/pages\/59\/revisions\/419"}],"wp:attachment":[{"href":"https:\/\/kylat.ekarjala.fi\/mattilamantylakuusela\/wp-json\/wp\/v2\/media?parent=59"}],"curies":[{"name":"wp","href":"https:\/\/api.w.org\/{rel}","templated":true}]}}