{"id":62,"date":"2014-02-24T11:28:38","date_gmt":"2014-02-24T09:28:38","guid":{"rendered":"https:\/\/kylat.ekarjala.fi\/mattilamantylakuusela\/?page_id=62"},"modified":"2014-09-29T14:46:16","modified_gmt":"2014-09-29T11:46:16","slug":"yhdistyksen-saannot","status":"publish","type":"page","link":"https:\/\/kylat.ekarjala.fi\/mattilamantylakuusela\/yhdistyksen-saannot\/","title":{"rendered":"YHDISTYKSEN S\u00c4\u00c4NN\u00d6T"},"content":{"rendered":"<p>Mattila \u2013 M\u00e4ntyl\u00e4 \u2013 Kuusela Asukasyhdistys<\/p>\n<p>1 \u00a7<\/p>\n<p>Nimi ja kotipaikka<\/p>\n<p>Yhdistyksen nimi on Mattila-M\u00e4ntyl\u00e4-Kuusela Asukasyhdistys, kotipaikka on Lappeenranta ja toimialueena Mattila-M\u00e4ntyl\u00e4-Kuusela sek\u00e4 Partekin alue.<\/p>\n<p>Yhdistys on poliittisesti sitoutumaton.<\/p>\n<p>2 \u00a7<\/p>\n<p>Tarkoitus ja toiminta<\/p>\n<p>Asukasyhdistyksen tarkoituksena on:<\/p>\n<p>vaikuttaa alueensa kuntasuunnitteluun ja viihtyvyyden lis\u00e4\u00e4miseen<\/p>\n<p>olla toimialueena asukkaiden ja eri yhteis\u00f6jen edustajana ja yhdyssiteen\u00e4<\/p>\n<p>toimia ymp\u00e4rist\u00f6nsuojelun ja maisemanhoidon aloilla<\/p>\n<p>tehd\u00e4 aloitteita ja esityksi\u00e4, sek\u00e4 antaa lausuntoja viranomaisille<\/p>\n<p>j\u00e4rjest\u00e4\u00e4 kokouksia, luentoja ja esitelm\u00e4tilaisuuksia sek\u00e4 yhdistyksen sis\u00e4ist\u00e4 ja ulkoista tiedotusta<\/p>\n<p>j\u00e4rjest\u00e4\u00e4 erilaisia tilaisuuksia<\/p>\n<p>edist\u00e4\u00e4 asukkaiden harrastustoimintaa<\/p>\n<p>3 \u00a7<\/p>\n<p>J\u00e4senist\u00f6 Yhdistyksen j\u00e4sen on jokainen sen alueella asuva henkil\u00f6 ja yhteis\u00f6, joka hyv\u00e4ksyy yhdistyksen s\u00e4\u00e4nn\u00f6t.<\/p>\n<p>J\u00e4senmaksu ei perit\u00e4.<\/p>\n<p>4 \u00a7<\/p>\n<p>Kunniaj\u00e4sen<\/p>\n<p>Kunniaj\u00e4seneksi yhdistys voi kutsua johtokunnan esityksest\u00e4 henkil\u00f6n, joka huomattavalla tavalla edesauttaa yhdistyksen toimintaa.<\/p>\n<p>5 \u00a7<\/p>\n<p>Kokoukset<\/p>\n<p>Yhdistyksen varsinaiset kokoukset ovat kev\u00e4tkokous ja syyskokous.<\/p>\n<p>Kev\u00e4tkokous pidet\u00e4\u00e4n maaliskuun ja syyskokous marraskuun loppuun menness\u00e4. Lis\u00e4ksi johtokunta voi kutsua tarvittaessa koolle ylim\u00e4\u00e4r\u00e4isen kokouksen.<\/p>\n<p>Yhdistyksen kokoukset kutsutaan koolle ilmoittamalla paikallisessa lehdess\u00e4 nelj\u00e4toista (14) p\u00e4iv\u00e4\u00e4 ennen kokousta.<\/p>\n<p>6 \u00a7<\/p>\n<p>\u00c4\u00e4nioikeus<\/p>\n<p>Yhdistyksen kokouksessa on \u00e4\u00e4nioikeus jokaisella 15 vuotta t\u00e4ytt\u00e4neell\u00e4 j\u00e4senell\u00e4.<\/p>\n<p>P\u00e4\u00e4t\u00f6kset tehd\u00e4\u00e4n yksinkertaisella \u00e4\u00e4nten enemmist\u00f6ll\u00e4. \u00c4\u00e4nten menness\u00e4 tasan, puheenjohtajan \u00e4\u00e4ni ratkaisee.<\/p>\n<p>7 \u00a7<\/p>\n<p>Kev\u00e4tkokouksessa k\u00e4sitell\u00e4\u00e4n<\/p>\n<p>edellisen vuoden toimintakertomus ja p\u00e4\u00e4tet\u00e4\u00e4n sen hyv\u00e4ksymisest\u00e4<\/p>\n<p>esitet\u00e4\u00e4n edellisen vuoden tilinp\u00e4\u00e4t\u00f6s ja tilintarkastajien lausunto<\/p>\n<p>p\u00e4\u00e4tet\u00e4\u00e4n tilien hyv\u00e4ksymisest\u00e4 ja vastuuvapauden my\u00f6nt\u00e4misest\u00e4 tilivelvollisille<\/p>\n<p>muut kokouskutsussa mainitut asiat<\/p>\n<p>8 \u00a7<\/p>\n<p>Syyskokouksessa k\u00e4sitell\u00e4\u00e4n<\/p>\n<p>hyv\u00e4ksyt\u00e4\u00e4n seuraavan vuoden toimintasuunnitelma<\/p>\n<p>hyv\u00e4ksyt\u00e4\u00e4n seuraavan vuoden talousarvio<\/p>\n<p>valitaan yhdistyksen puheenjohtaja<\/p>\n<p>valitaan j\u00e4senet johtokuntaan erovuoroisten tilalle<\/p>\n<p>valitaan kaksi tilintarkastajaa ja heille varatilintarkastajat<\/p>\n<p>muut kokouskutsussa mainitut asiat<\/p>\n<p>9 \u00a7<\/p>\n<p>Johtokunta<\/p>\n<p>Yhdistyksen toimintaa johtaa ja suunnittelee syyskokouksessa valittu johtokunta, johon kuuluu kymmenen (10) j\u00e4sent\u00e4 ja kolme (3) varaj\u00e4sent\u00e4 kahdeksi vuodeksi kerrallaan. T\u00e4m\u00e4n j\u00e4lkeen puolet on erovuorossa. Erovuorot m\u00e4\u00e4r\u00e4t\u00e4\u00e4n ensin arvalla, sen j\u00e4lkeen vuoron mukaan.<\/p>\n<p>Johtokunta valitsee keskuudestaan varapuheenjohtajan sek\u00e4 sihteerin ja varasihteerin sek\u00e4 rahastonhoitajan ja muut toimihenkil\u00f6t vuodeksi kerrallaan.<\/p>\n<p>Johtokunta voi asettaa avukseen s\u00e4\u00e4nt\u00f6jen m\u00e4\u00e4r\u00e4\u00e4mi\u00e4 teht\u00e4vi\u00e4 varten tilap\u00e4isi\u00e4 toimikuntia ja jaostoja.<\/p>\n<p>Johtokunta kokoontuu puheenjohtajan tai h\u00e4nen ollessaan estynyt varapuheenjohtajan kutsusta tai kun v\u00e4hint\u00e4\u00e4n viisi (5) j\u00e4sent\u00e4 sit\u00e4 vaatii ja on p\u00e4\u00e4t\u00f6svaltainen puheenjohtajan tai varapuheenjohtajan sek\u00e4 viiden (5) j\u00e4senen ollessa l\u00e4sn\u00e4.<\/p>\n<p>10 \u00a7<\/p>\n<p>Nimenkirjoittajat<\/p>\n<p>Yhdistyksen nimenkirjoittajia ovat puheenjohtaja, sihteeri, rahastonhoitaja kaksi yhdess\u00e4.<\/p>\n<p>11 \u00a7<\/p>\n<p>Talous Yhdistyksen tilikausi on kalenterivuosi ja tilit on j\u00e4tett\u00e4v\u00e4 tilintarkastajille v\u00e4hint\u00e4\u00e4n nelj\u00e4toista (14) p\u00e4iv\u00e4\u00e4 ennen kev\u00e4tkokousta. Tilintarkastajan on palautettava tilit johtokunnalle lausuntoineen v\u00e4hint\u00e4\u00e4n ennen kev\u00e4tkokousta.<\/p>\n<p>12 \u00a7<\/p>\n<p>S\u00e4\u00e4nt\u00f6jen muuttaminen ja purkaminen<\/p>\n<p>Muutoksia n\u00e4ihin s\u00e4\u00e4nt\u00f6ihin voidaan tehd\u00e4 ainoastaan yhdistyksen kokouksissa. Esityksen on tullessaan hyv\u00e4ksytyksi saatava v\u00e4hint\u00e4\u00e4n 2\/3 annetuista \u00e4\u00e4nist\u00e4.<\/p>\n<p>13 \u00a7<\/p>\n<p>Yhdistyksen lakkauttaminen<\/p>\n<p>Yhdistyksen purkautuessa tai tullessa lakkautetuksi, sen varat ja omaisuus luovutetaan Lappeenrannan kaupungille k\u00e4ytett\u00e4v\u00e4ksi asukasyhdistyksen alueen kehitt\u00e4miseen.<\/p>\n<p>S\u00e4\u00e4nn\u00f6t on hyv\u00e4ksytty yhdistyksen kev\u00e4tkokouksessa M\u00e4ntyl\u00e4n koululla 4.5.1995<\/p>\n","protected":false},"excerpt":{"rendered":"<p>Mattila \u2013 M\u00e4ntyl\u00e4 \u2013 Kuusela Asukasyhdistys 1 \u00a7 Nimi ja kotipaikka Yhdistyksen nimi on Mattila-M\u00e4ntyl\u00e4-Kuusela Asukasyhdistys, kotipaikka on Lappeenranta ja toimialueena Mattila-M\u00e4ntyl\u00e4-Kuusela sek\u00e4 Partekin alue. Yhdistys on poliittisesti sitoutumaton. 2 \u00a7 Tarkoitus ja toiminta Asukasyhdistyksen tarkoituksena on: vaikuttaa alueensa kuntasuunnitteluun ja viihtyvyyden lis\u00e4\u00e4miseen olla toimialueena asukkaiden ja eri yhteis\u00f6jen edustajana ja yhdyssiteen\u00e4 toimia ymp\u00e4rist\u00f6nsuojelun ja &hellip; <a href=\"https:\/\/kylat.ekarjala.fi\/mattilamantylakuusela\/yhdistyksen-saannot\/\" class=\"more-link\">Continue reading <span class=\"screen-reader-text\">YHDISTYKSEN S\u00c4\u00c4NN\u00d6T<\/span><\/a><\/p>\n","protected":false},"author":1,"featured_media":0,"parent":0,"menu_order":0,"comment_status":"closed","ping_status":"closed","template":"","meta":{"footnotes":""},"class_list":["post-62","page","type-page","status-publish","hentry"],"_links":{"self":[{"href":"https:\/\/kylat.ekarjala.fi\/mattilamantylakuusela\/wp-json\/wp\/v2\/pages\/62","targetHints":{"allow":["GET"]}}],"collection":[{"href":"https:\/\/kylat.ekarjala.fi\/mattilamantylakuusela\/wp-json\/wp\/v2\/pages"}],"about":[{"href":"https:\/\/kylat.ekarjala.fi\/mattilamantylakuusela\/wp-json\/wp\/v2\/types\/page"}],"author":[{"embeddable":true,"href":"https:\/\/kylat.ekarjala.fi\/mattilamantylakuusela\/wp-json\/wp\/v2\/users\/1"}],"replies":[{"embeddable":true,"href":"https:\/\/kylat.ekarjala.fi\/mattilamantylakuusela\/wp-json\/wp\/v2\/comments?post=62"}],"version-history":[{"count":3,"href":"https:\/\/kylat.ekarjala.fi\/mattilamantylakuusela\/wp-json\/wp\/v2\/pages\/62\/revisions"}],"predecessor-version":[{"id":224,"href":"https:\/\/kylat.ekarjala.fi\/mattilamantylakuusela\/wp-json\/wp\/v2\/pages\/62\/revisions\/224"}],"wp:attachment":[{"href":"https:\/\/kylat.ekarjala.fi\/mattilamantylakuusela\/wp-json\/wp\/v2\/media?parent=62"}],"curies":[{"name":"wp","href":"https:\/\/api.w.org\/{rel}","templated":true}]}}