{"id":65,"date":"2014-02-24T11:29:53","date_gmt":"2014-02-24T09:29:53","guid":{"rendered":"https:\/\/kylat.ekarjala.fi\/mattilamantylakuusela\/?page_id=65"},"modified":"2014-12-25T16:55:33","modified_gmt":"2014-12-25T14:55:33","slug":"poytakirjat","status":"publish","type":"page","link":"https:\/\/kylat.ekarjala.fi\/mattilamantylakuusela\/poytakirjat\/","title":{"rendered":"P\u00d6YT\u00c4KIRJAT"},"content":{"rendered":"<p><strong>Vuosi 2014<\/strong><\/p>\n<p><a href=\"https:\/\/kylat.ekarjala.fi\/mattilamantylakuusela\/wp-content\/uploads\/sites\/63\/2014\/02\/2014.12.19_toimintasuunnitelma_talousarvio2015.pdf\">2014.12.19 toimintasuunnitelma ja talousarvio vuodelle 2015<\/a><\/p>\n<p><a href=\"https:\/\/kylat.ekarjala.fi\/mattilamantylakuusela\/wp-content\/uploads\/sites\/63\/2014\/02\/2014.11.27_pk_syyskokous.pdf\">2014.11.27 Asukasyhdistyksen syyskokous<\/a><\/p>\n<p><a href=\"https:\/\/kylat.ekarjala.fi\/mattilamantylakuusela\/wp-content\/uploads\/sites\/63\/2014\/02\/2014.04.15_pk_kevatkokous.pdf\">2014.04.15 Asukasyhdistyksen kev\u00e4tkokous<\/a><\/p>\n<p><a href=\"https:\/\/kylat.ekarjala.fi\/mattilamantylakuusela\/wp-content\/uploads\/sites\/63\/2014\/02\/2014.04.15_Toimintakertomus2013.pdf\">2014.04.15_Toimintakertomus vuodesta 2013<\/a><\/p>\n<p><strong>Vuosi 2013<\/strong><\/p>\n<p><a href=\"https:\/\/kylat.ekarjala.fi\/mattilamantylakuusela\/wp-content\/uploads\/sites\/63\/2014\/02\/2013.01.16_pk_johtokunnan_kokous1.pdf\" target=\"_blank\">2013.01.16 Johtokunnan j\u00e4rjest\u00e4ytymiskokous<\/a><\/p>\n<p><a href=\"https:\/\/kylat.ekarjala.fi\/mattilamantylakuusela\/wp-content\/uploads\/sites\/63\/2014\/02\/2013.04.03_pk_kevatkokous.pdf\" target=\"_blank\">2013.04.04 Asukasyhdistyksen kev\u00e4tkokous<\/a><\/p>\n<p><a href=\"https:\/\/kylat.ekarjala.fi\/mattilamantylakuusela\/wp-content\/uploads\/sites\/63\/2014\/09\/2013.11.29_pk_syyskokous.pdf\" target=\"_blank\">2013.11.29 Asukasyhdistyksen syyskokous<\/a><\/p>\n<p><strong>Vuosi 2012<\/strong><\/p>\n<p><a href=\"https:\/\/kylat.ekarjala.fi\/mattilamantylakuusela\/wp-content\/uploads\/sites\/63\/2014\/02\/2012.11.30_pk_syyskokous.pdf\" target=\"_blank\">2012.11.30 Asukasyhdistyksen syyskokous<\/a><\/p>\n<p><a href=\"https:\/\/kylat.ekarjala.fi\/mattilamantylakuusela\/wp-content\/uploads\/sites\/63\/2014\/02\/2012.11.29_pk_johtokunnan_kokous2.pdf\" target=\"_blank\">2012.11.29 Johtokunnan kokous<\/a><\/p>\n<p><a href=\"https:\/\/kylat.ekarjala.fi\/mattilamantylakuusela\/wp-content\/uploads\/sites\/63\/2014\/02\/2012.11.29_toimintasuunnitelma_talousarvio2013.pdf\" target=\"_blank\">2012.11.29 Toimintasuunnitelma ja talousarvio vuodelle 2013<\/a><\/p>\n<p><a href=\"https:\/\/kylat.ekarjala.fi\/mattilamantylakuusela\/wp-content\/uploads\/sites\/63\/2014\/02\/2012.03.29_pk_kevatkokous.pdf\" target=\"_blank\">2012.03.29 Asukasyhdistyksen kev\u00e4tkokous<\/a><\/p>\n","protected":false},"excerpt":{"rendered":"<p>Vuosi 2014 2014.12.19 toimintasuunnitelma ja talousarvio vuodelle 2015 2014.11.27 Asukasyhdistyksen syyskokous 2014.04.15 Asukasyhdistyksen kev\u00e4tkokous 2014.04.15_Toimintakertomus vuodesta 2013 Vuosi 2013 2013.01.16 Johtokunnan j\u00e4rjest\u00e4ytymiskokous 2013.04.04 Asukasyhdistyksen kev\u00e4tkokous 2013.11.29 Asukasyhdistyksen syyskokous Vuosi 2012 2012.11.30 Asukasyhdistyksen syyskokous 2012.11.29 Johtokunnan kokous 2012.11.29 Toimintasuunnitelma ja talousarvio vuodelle 2013 2012.03.29 Asukasyhdistyksen kev\u00e4tkokous<\/p>\n","protected":false},"author":1,"featured_media":0,"parent":0,"menu_order":0,"comment_status":"closed","ping_status":"closed","template":"","meta":{"footnotes":""},"class_list":["post-65","page","type-page","status-publish","hentry"],"_links":{"self":[{"href":"https:\/\/kylat.ekarjala.fi\/mattilamantylakuusela\/wp-json\/wp\/v2\/pages\/65","targetHints":{"allow":["GET"]}}],"collection":[{"href":"https:\/\/kylat.ekarjala.fi\/mattilamantylakuusela\/wp-json\/wp\/v2\/pages"}],"about":[{"href":"https:\/\/kylat.ekarjala.fi\/mattilamantylakuusela\/wp-json\/wp\/v2\/types\/page"}],"author":[{"embeddable":true,"href":"https:\/\/kylat.ekarjala.fi\/mattilamantylakuusela\/wp-json\/wp\/v2\/users\/1"}],"replies":[{"embeddable":true,"href":"https:\/\/kylat.ekarjala.fi\/mattilamantylakuusela\/wp-json\/wp\/v2\/comments?post=65"}],"version-history":[{"count":12,"href":"https:\/\/kylat.ekarjala.fi\/mattilamantylakuusela\/wp-json\/wp\/v2\/pages\/65\/revisions"}],"predecessor-version":[{"id":283,"href":"https:\/\/kylat.ekarjala.fi\/mattilamantylakuusela\/wp-json\/wp\/v2\/pages\/65\/revisions\/283"}],"wp:attachment":[{"href":"https:\/\/kylat.ekarjala.fi\/mattilamantylakuusela\/wp-json\/wp\/v2\/media?parent=65"}],"curies":[{"name":"wp","href":"https:\/\/api.w.org\/{rel}","templated":true}]}}