{"id":74,"date":"2014-02-24T11:30:52","date_gmt":"2014-02-24T09:30:52","guid":{"rendered":"https:\/\/kylat.ekarjala.fi\/mattilamantylakuusela\/?page_id=74"},"modified":"2014-09-29T14:45:03","modified_gmt":"2014-09-29T11:45:03","slug":"palaute","status":"publish","type":"page","link":"https:\/\/kylat.ekarjala.fi\/mattilamantylakuusela\/palaute\/","title":{"rendered":"MIELIPITEIT\u00c4 JA KOTISIVUJA"},"content":{"rendered":"<p>T\u00e4ss\u00e4 julkaistaan asukkaiden l\u00e4hett\u00e4mi\u00e4 aloitteita ja mielipiteit\u00e4. Ne voivat k\u00e4sitell\u00e4 mm. seuraavia aiheita:<\/p>\n<ul>\n<li>ymp\u00e4rist\u00f6n tila<\/li>\n<li>liikenneolot<\/li>\n<li>palvelujen kehitt\u00e4minen<\/li>\n<\/ul>\n<p><strong>Asukkaiden nettisivut<\/strong><\/p>\n<p>Haluaisitko esitell\u00e4 itse\u00e4si ja harrastuksiasi? Sinun nettisivusi voidaan linkitt\u00e4\u00e4 asukasyhdistyksen sivuille, niin voit esitell\u00e4 sinulle t\u00e4rkeit\u00e4 asioita muille. Muista ett\u00e4 asukasyhdistys on puolueeton ja hyvi\u00e4 tapoja noudattava. Ihan kaikenlaista propagandaa emme voi tuoda esille.<\/p>\n<p>Kerro asialliset kommenttisi alla olevalla Vastaa-lomakkeella tai Palautteen alla olevan &#8221;Terveisi\u00e4 yhdistykselle&#8221;-linkin avulla.<\/p>\n<p><strong>Asiaa:<\/strong><\/p>\n<p>Syksyn pime\u00e4n\u00e4 aikana kevyen liikenteen v\u00e4yl\u00e4t ovat paikoitellen tosi pimeit\u00e4. Muistakaa heijastin ja autoilijat varokaa erityisesti pieni\u00e4 koululaisia. Kaupungin on syyt\u00e4 tarkastaa pimeimpien paikkojen valaistus esim. Kurjentiell\u00e4 Kes\u00e4m\u00e4en leipomosta kaupungille p\u00e4in.<\/p>\n","protected":false},"excerpt":{"rendered":"<p>T\u00e4ss\u00e4 julkaistaan asukkaiden l\u00e4hett\u00e4mi\u00e4 aloitteita ja mielipiteit\u00e4. Ne voivat k\u00e4sitell\u00e4 mm. seuraavia aiheita: ymp\u00e4rist\u00f6n tila liikenneolot palvelujen kehitt\u00e4minen Asukkaiden nettisivut Haluaisitko esitell\u00e4 itse\u00e4si ja harrastuksiasi? Sinun nettisivusi voidaan linkitt\u00e4\u00e4 asukasyhdistyksen sivuille, niin voit esitell\u00e4 sinulle t\u00e4rkeit\u00e4 asioita muille. Muista ett\u00e4 asukasyhdistys on puolueeton ja hyvi\u00e4 tapoja noudattava. Ihan kaikenlaista propagandaa emme voi tuoda esille. Kerro &hellip; <a href=\"https:\/\/kylat.ekarjala.fi\/mattilamantylakuusela\/palaute\/\" class=\"more-link\">Continue reading <span class=\"screen-reader-text\">MIELIPITEIT\u00c4 JA KOTISIVUJA<\/span><\/a><\/p>\n","protected":false},"author":1,"featured_media":0,"parent":0,"menu_order":0,"comment_status":"open","ping_status":"closed","template":"","meta":{"footnotes":""},"class_list":["post-74","page","type-page","status-publish","hentry"],"_links":{"self":[{"href":"https:\/\/kylat.ekarjala.fi\/mattilamantylakuusela\/wp-json\/wp\/v2\/pages\/74","targetHints":{"allow":["GET"]}}],"collection":[{"href":"https:\/\/kylat.ekarjala.fi\/mattilamantylakuusela\/wp-json\/wp\/v2\/pages"}],"about":[{"href":"https:\/\/kylat.ekarjala.fi\/mattilamantylakuusela\/wp-json\/wp\/v2\/types\/page"}],"author":[{"embeddable":true,"href":"https:\/\/kylat.ekarjala.fi\/mattilamantylakuusela\/wp-json\/wp\/v2\/users\/1"}],"replies":[{"embeddable":true,"href":"https:\/\/kylat.ekarjala.fi\/mattilamantylakuusela\/wp-json\/wp\/v2\/comments?post=74"}],"version-history":[{"count":9,"href":"https:\/\/kylat.ekarjala.fi\/mattilamantylakuusela\/wp-json\/wp\/v2\/pages\/74\/revisions"}],"predecessor-version":[{"id":220,"href":"https:\/\/kylat.ekarjala.fi\/mattilamantylakuusela\/wp-json\/wp\/v2\/pages\/74\/revisions\/220"}],"wp:attachment":[{"href":"https:\/\/kylat.ekarjala.fi\/mattilamantylakuusela\/wp-json\/wp\/v2\/media?parent=74"}],"curies":[{"name":"wp","href":"https:\/\/api.w.org\/{rel}","templated":true}]}}