{"id":100,"date":"2014-02-24T13:17:11","date_gmt":"2014-02-24T11:17:11","guid":{"rendered":"https:\/\/kylat.ekarjala.fi\/merenlahti\/?page_id=100"},"modified":"2024-01-28T22:25:32","modified_gmt":"2024-01-28T20:25:32","slug":"merenlahden-yhteisen-vesialueen-osakaskunta","status":"publish","type":"page","link":"https:\/\/kylat.ekarjala.fi\/merenlahti\/merenlahden-yhteisen-vesialueen-osakaskunta\/","title":{"rendered":"Merenlahden yhteisen vesialueen osakaskunta"},"content":{"rendered":"<p>Saimaan vesien ymp\u00e4r\u00f6im\u00e4 Merenlahden vesialue tarjoaa erinomaiset mahdollisuudet harrastaa virkistyskalastusta. Merenlahden yhteisen vesialueen osakaskunnalla on vesialuetta 754 ha ja j\u00e4seni\u00e4 n. 350. Osakaskunta j\u00e4rjest\u00e4\u00e4 kyl\u00e4l\u00e4isille sek\u00e4 vapaa-ajan asukkaille omat pilkkikilpailut kev\u00e4ttalvella ja mato-onkikilpailut hein\u00e4-elokuun vaihteessa. Yhteisty\u00f6t\u00e4 tehd\u00e4\u00e4n my\u00f6s naapuriosakaskuntien kanssa j\u00e4rjest\u00e4m\u00e4ll\u00e4 yhteiset pilkkikilpailut.<\/p>\n<p>Yhteystiedot:<br \/>\nPetteri Pauniaho puheenjohtaja p. 0400 531 591<br \/>\n<strong>PYYDYSMERKIT:<\/strong><br \/>\nPyydysmerkkien hinnat:<br \/>\n&#8211; 3 euroa merkki<\/p>\n<p>Pyydysmerkkej\u00e4 myyv\u00e4t Merenlahdella seuraavat yhteyshenkil\u00f6t:<br \/>\nMika Nikkinen, 050-365 6766 , Merenlahdentie 1171<br \/>\nPia Nikkinen, 0500-658253, Merenlahdentie 1171<br \/>\nJarmo Talka, 0400-759493, Merenlahdentie 1115<\/p>\n","protected":false},"excerpt":{"rendered":"<p>Saimaan vesien ymp\u00e4r\u00f6im\u00e4 Merenlahden vesialue tarjoaa erinomaiset mahdollisuudet harrastaa virkistyskalastusta. Merenlahden yhteisen vesialueen osakaskunnalla on vesialuetta 754 ha ja j\u00e4seni\u00e4 n. 350. Osakaskunta j\u00e4rjest\u00e4\u00e4 kyl\u00e4l\u00e4isille sek\u00e4 vapaa-ajan asukkaille omat pilkkikilpailut kev\u00e4ttalvella ja mato-onkikilpailut hein\u00e4-elokuun vaihteessa. Yhteisty\u00f6t\u00e4 tehd\u00e4\u00e4n my\u00f6s naapuriosakaskuntien kanssa &hellip; <a href=\"https:\/\/kylat.ekarjala.fi\/merenlahti\/merenlahden-yhteisen-vesialueen-osakaskunta\/\">Lue loppuun <span class=\"meta-nav\">&rarr;<\/span><\/a><\/p>\n","protected":false},"author":146,"featured_media":0,"parent":0,"menu_order":0,"comment_status":"closed","ping_status":"closed","template":"","meta":{"footnotes":""},"class_list":["post-100","page","type-page","status-publish","hentry"],"_links":{"self":[{"href":"https:\/\/kylat.ekarjala.fi\/merenlahti\/wp-json\/wp\/v2\/pages\/100","targetHints":{"allow":["GET"]}}],"collection":[{"href":"https:\/\/kylat.ekarjala.fi\/merenlahti\/wp-json\/wp\/v2\/pages"}],"about":[{"href":"https:\/\/kylat.ekarjala.fi\/merenlahti\/wp-json\/wp\/v2\/types\/page"}],"author":[{"embeddable":true,"href":"https:\/\/kylat.ekarjala.fi\/merenlahti\/wp-json\/wp\/v2\/users\/146"}],"replies":[{"embeddable":true,"href":"https:\/\/kylat.ekarjala.fi\/merenlahti\/wp-json\/wp\/v2\/comments?post=100"}],"version-history":[{"count":12,"href":"https:\/\/kylat.ekarjala.fi\/merenlahti\/wp-json\/wp\/v2\/pages\/100\/revisions"}],"predecessor-version":[{"id":414,"href":"https:\/\/kylat.ekarjala.fi\/merenlahti\/wp-json\/wp\/v2\/pages\/100\/revisions\/414"}],"wp:attachment":[{"href":"https:\/\/kylat.ekarjala.fi\/merenlahti\/wp-json\/wp\/v2\/media?parent=100"}],"curies":[{"name":"wp","href":"https:\/\/api.w.org\/{rel}","templated":true}]}}