{"id":103,"date":"2014-02-24T13:17:28","date_gmt":"2014-02-24T11:17:28","guid":{"rendered":"https:\/\/kylat.ekarjala.fi\/merenlahti\/?page_id=103"},"modified":"2026-03-01T12:01:52","modified_gmt":"2026-03-01T10:01:52","slug":"merenlahden-urheilukenttaosuuskunta","status":"publish","type":"page","link":"https:\/\/kylat.ekarjala.fi\/merenlahti\/merenlahden-urheilukenttaosuuskunta\/","title":{"rendered":"Merenlahden urheilukentt\u00e4osuuskunta"},"content":{"rendered":"<p>Merenlahden urheilukentt\u00e4osuuskunta on perustettu v. 1948. Omistajaj\u00e4seni\u00e4 osuuskunnassa on n.70 henkil\u00f6\u00e4. Kyl\u00e4l\u00e4iset voivat ostaa Merenlahden urheilukentt\u00e4osuuskunnan osuuksia (lis\u00e4tietoja yhteyshenkil\u00f6ilt\u00e4).<\/p>\n<p>Osuuskunnan j\u00e4senet omistavat Merenlahden Urheilukentt\u00e4osuuskunnan talon, joka on valmistunut v. 1957 ja peruskorjattu v. 1972. Vuonna 2000 taloon valmistui laajennusosa. Talossa on n\u00e4ytt\u00e4m\u00f6, sali ja keitti\u00f6tilat astiastoineen.<\/p>\n<p>Merenlahden kentt\u00e4osuuskunnan talon osoite: Orjainniementie 20<\/p>\n<p>Sirkku Anttila, tilan varaukset p. 040 555 5238<\/p>\n","protected":false},"excerpt":{"rendered":"<p>Merenlahden urheilukentt\u00e4osuuskunta on perustettu v. 1948. Omistajaj\u00e4seni\u00e4 osuuskunnassa on n.70 henkil\u00f6\u00e4. Kyl\u00e4l\u00e4iset voivat ostaa Merenlahden urheilukentt\u00e4osuuskunnan osuuksia (lis\u00e4tietoja yhteyshenkil\u00f6ilt\u00e4). Osuuskunnan j\u00e4senet omistavat Merenlahden Urheilukentt\u00e4osuuskunnan talon, joka on valmistunut v. 1957 ja peruskorjattu v. 1972. Vuonna 2000 taloon valmistui laajennusosa. Talossa &hellip; <a href=\"https:\/\/kylat.ekarjala.fi\/merenlahti\/merenlahden-urheilukenttaosuuskunta\/\">Lue loppuun <span class=\"meta-nav\">&rarr;<\/span><\/a><\/p>\n","protected":false},"author":1,"featured_media":0,"parent":0,"menu_order":0,"comment_status":"closed","ping_status":"closed","template":"","meta":{"footnotes":""},"class_list":["post-103","page","type-page","status-publish","hentry"],"_links":{"self":[{"href":"https:\/\/kylat.ekarjala.fi\/merenlahti\/wp-json\/wp\/v2\/pages\/103","targetHints":{"allow":["GET"]}}],"collection":[{"href":"https:\/\/kylat.ekarjala.fi\/merenlahti\/wp-json\/wp\/v2\/pages"}],"about":[{"href":"https:\/\/kylat.ekarjala.fi\/merenlahti\/wp-json\/wp\/v2\/types\/page"}],"author":[{"embeddable":true,"href":"https:\/\/kylat.ekarjala.fi\/merenlahti\/wp-json\/wp\/v2\/users\/1"}],"replies":[{"embeddable":true,"href":"https:\/\/kylat.ekarjala.fi\/merenlahti\/wp-json\/wp\/v2\/comments?post=103"}],"version-history":[{"count":9,"href":"https:\/\/kylat.ekarjala.fi\/merenlahti\/wp-json\/wp\/v2\/pages\/103\/revisions"}],"predecessor-version":[{"id":440,"href":"https:\/\/kylat.ekarjala.fi\/merenlahti\/wp-json\/wp\/v2\/pages\/103\/revisions\/440"}],"wp:attachment":[{"href":"https:\/\/kylat.ekarjala.fi\/merenlahti\/wp-json\/wp\/v2\/media?parent=103"}],"curies":[{"name":"wp","href":"https:\/\/api.w.org\/{rel}","templated":true}]}}