{"id":106,"date":"2014-02-24T13:17:43","date_gmt":"2014-02-24T11:17:43","guid":{"rendered":"https:\/\/kylat.ekarjala.fi\/merenlahti\/?page_id=106"},"modified":"2023-07-24T13:34:31","modified_gmt":"2023-07-24T10:34:31","slug":"merenlahden-mopoloortit","status":"publish","type":"page","link":"https:\/\/kylat.ekarjala.fi\/merenlahti\/merenlahden-mopoloortit\/","title":{"rendered":"Merenlahden mopoloortit"},"content":{"rendered":"<p>Kes\u00e4kuussa 2006 p\u00e4\u00e4tti muutama innokas merenlahtelainen perustaa mopoklubin, joka sai nimens\u00e4 Lordin euroviisuvoiton innoittamana. Kerhon tarkoituksena on mopoilun lis\u00e4ksi laitella mopoja porukalla toisia avustaen unohtamatta mukavaa yhdess\u00e4 oloa, joka oli jo nuorena er\u00e4s mopoilun p\u00e4\u00e4teemoista.<\/p>\n<p>Mopot ovat p\u00e4\u00e4osin juuri niit\u00e4 malleja, joilla loortit ajelivat nuorina. Pappa-Tuntureiden ohella joukossa on harvinaisempiakin laitteita. Osa on kunnostettu t\u00e4ysist\u00e4 raadoista ja osa liikkuu l\u00e4hes alkuper\u00e4isess\u00e4 asussa. Paitsi kulkuv\u00e4lineisiin, ovat loortit panostaneet my\u00f6s ajoasusteisiin. Kuusikymment\u00e4 ja seitsem\u00e4nkymment\u00e4luvun tyylin ajoasusteet ovat nostalgista katseltavaa.<\/p>\n<p>Mopoilu ei ole pelk\u00e4\u00e4 ajelua, vaan yhdess\u00e4oloon liittyy luonnollisesti ravinto ja nautinnot. Merenlahden luonto ja pikkutiet tarjoavat oivallisen ymp\u00e4rist\u00f6n jossa mopoilusta voi nauttia t\u00e4ysin siemauksin. Makkaranpaisto tulilla tai saunominen kyl\u00e4n lukuisissa rantasaunoissa tuo mopoporukalle muistorikkaita el\u00e4myksi\u00e4.<\/p>\n","protected":false},"excerpt":{"rendered":"<p>Kes\u00e4kuussa 2006 p\u00e4\u00e4tti muutama innokas merenlahtelainen perustaa mopoklubin, joka sai nimens\u00e4 Lordin euroviisuvoiton innoittamana. Kerhon tarkoituksena on mopoilun lis\u00e4ksi laitella mopoja porukalla toisia avustaen unohtamatta mukavaa yhdess\u00e4 oloa, joka oli jo nuorena er\u00e4s mopoilun p\u00e4\u00e4teemoista. Mopot ovat p\u00e4\u00e4osin juuri niit\u00e4 &hellip; <a href=\"https:\/\/kylat.ekarjala.fi\/merenlahti\/merenlahden-mopoloortit\/\">Lue loppuun <span class=\"meta-nav\">&rarr;<\/span><\/a><\/p>\n","protected":false},"author":1,"featured_media":0,"parent":0,"menu_order":0,"comment_status":"closed","ping_status":"closed","template":"","meta":{"footnotes":""},"class_list":["post-106","page","type-page","status-publish","hentry"],"_links":{"self":[{"href":"https:\/\/kylat.ekarjala.fi\/merenlahti\/wp-json\/wp\/v2\/pages\/106","targetHints":{"allow":["GET"]}}],"collection":[{"href":"https:\/\/kylat.ekarjala.fi\/merenlahti\/wp-json\/wp\/v2\/pages"}],"about":[{"href":"https:\/\/kylat.ekarjala.fi\/merenlahti\/wp-json\/wp\/v2\/types\/page"}],"author":[{"embeddable":true,"href":"https:\/\/kylat.ekarjala.fi\/merenlahti\/wp-json\/wp\/v2\/users\/1"}],"replies":[{"embeddable":true,"href":"https:\/\/kylat.ekarjala.fi\/merenlahti\/wp-json\/wp\/v2\/comments?post=106"}],"version-history":[{"count":1,"href":"https:\/\/kylat.ekarjala.fi\/merenlahti\/wp-json\/wp\/v2\/pages\/106\/revisions"}],"predecessor-version":[{"id":108,"href":"https:\/\/kylat.ekarjala.fi\/merenlahti\/wp-json\/wp\/v2\/pages\/106\/revisions\/108"}],"wp:attachment":[{"href":"https:\/\/kylat.ekarjala.fi\/merenlahti\/wp-json\/wp\/v2\/media?parent=106"}],"curies":[{"name":"wp","href":"https:\/\/api.w.org\/{rel}","templated":true}]}}