{"id":109,"date":"2014-02-24T13:18:12","date_gmt":"2014-02-24T11:18:12","guid":{"rendered":"https:\/\/kylat.ekarjala.fi\/merenlahti\/?page_id=109"},"modified":"2023-07-24T13:34:19","modified_gmt":"2023-07-24T10:34:19","slug":"merenlahden-miesvoimistelijat","status":"publish","type":"page","link":"https:\/\/kylat.ekarjala.fi\/merenlahti\/merenlahden-miesvoimistelijat\/","title":{"rendered":"Merenlahden miesvoimistelijat"},"content":{"rendered":"<p>Merenlahden miesvoimistelijat on 5 miehen esiintyv\u00e4 kokoonpano, joiden yhteispaino on noin 0,5 tonnia. Jukka Talka keksi miesvoimistelijat iltamakilpailun ohjelmaksi 1990-luvun alkupuolella. T\u00e4st\u00e4 alkoi Merenlahden miesvoimistelijoiden nousukas ura ja esiintymispyynt\u00f6j\u00e4 on riitt\u00e4nyt siit\u00e4 l\u00e4htien. Miesvoimistelijat ovat kiert\u00e4neet ymp\u00e4ri Etel\u00e4-Suomea esiintym\u00e4ss\u00e4. Esiintymisasuna on voimistelupuku ja jalkineina supikkaat. Puvustuksesta vastaa Paula Roni. Rytmikk\u00e4\u00e4sti marssin tahtiin toteutettu vakavailmeinen esiintyminen ja &#8221;j\u00e4yk\u00e4hk\u00f6t&#8221; voimistelukuviot vetoavat kerta toisensa j\u00e4lkeen katsojien huumorintajuun.<\/p>\n<p>Heikki Pajunen,<br \/>\n0400-256 900<\/p>\n","protected":false},"excerpt":{"rendered":"<p>Merenlahden miesvoimistelijat on 5 miehen esiintyv\u00e4 kokoonpano, joiden yhteispaino on noin 0,5 tonnia. Jukka Talka keksi miesvoimistelijat iltamakilpailun ohjelmaksi 1990-luvun alkupuolella. T\u00e4st\u00e4 alkoi Merenlahden miesvoimistelijoiden nousukas ura ja esiintymispyynt\u00f6j\u00e4 on riitt\u00e4nyt siit\u00e4 l\u00e4htien. Miesvoimistelijat ovat kiert\u00e4neet ymp\u00e4ri Etel\u00e4-Suomea esiintym\u00e4ss\u00e4. Esiintymisasuna &hellip; <a href=\"https:\/\/kylat.ekarjala.fi\/merenlahti\/merenlahden-miesvoimistelijat\/\">Lue loppuun <span class=\"meta-nav\">&rarr;<\/span><\/a><\/p>\n","protected":false},"author":1,"featured_media":0,"parent":0,"menu_order":0,"comment_status":"closed","ping_status":"closed","template":"","meta":{"footnotes":""},"class_list":["post-109","page","type-page","status-publish","hentry"],"_links":{"self":[{"href":"https:\/\/kylat.ekarjala.fi\/merenlahti\/wp-json\/wp\/v2\/pages\/109","targetHints":{"allow":["GET"]}}],"collection":[{"href":"https:\/\/kylat.ekarjala.fi\/merenlahti\/wp-json\/wp\/v2\/pages"}],"about":[{"href":"https:\/\/kylat.ekarjala.fi\/merenlahti\/wp-json\/wp\/v2\/types\/page"}],"author":[{"embeddable":true,"href":"https:\/\/kylat.ekarjala.fi\/merenlahti\/wp-json\/wp\/v2\/users\/1"}],"replies":[{"embeddable":true,"href":"https:\/\/kylat.ekarjala.fi\/merenlahti\/wp-json\/wp\/v2\/comments?post=109"}],"version-history":[{"count":3,"href":"https:\/\/kylat.ekarjala.fi\/merenlahti\/wp-json\/wp\/v2\/pages\/109\/revisions"}],"predecessor-version":[{"id":349,"href":"https:\/\/kylat.ekarjala.fi\/merenlahti\/wp-json\/wp\/v2\/pages\/109\/revisions\/349"}],"wp:attachment":[{"href":"https:\/\/kylat.ekarjala.fi\/merenlahti\/wp-json\/wp\/v2\/media?parent=109"}],"curies":[{"name":"wp","href":"https:\/\/api.w.org\/{rel}","templated":true}]}}