{"id":14,"date":"2014-02-24T13:09:06","date_gmt":"2014-02-24T11:09:06","guid":{"rendered":"https:\/\/kylat.ekarjala.fi\/merenlahti\/?page_id=14"},"modified":"2023-07-24T13:33:21","modified_gmt":"2023-07-24T10:33:21","slug":"laavu","status":"publish","type":"page","link":"https:\/\/kylat.ekarjala.fi\/merenlahti\/laavu\/","title":{"rendered":"Laavu"},"content":{"rendered":"<p>Merenlahden riistamiehet rakensivat lokakuussa 2008 talkooty\u00f6n\u00e4 laavun Orjainniementielle hirvien nylkykatoksen ja kyl\u00e4museon v\u00e4liin kent\u00e4n laidalle.<\/p>\n<p>Lokakuun 2009 hirvijahdin lomassa valmistui laavu my\u00f6s Orjainniementien varteen, n 4 km Merenlahdentielt\u00e4. Riistamiehet rakensivat laavun Taipalsaaren seurakunnan maalle ja tarvittaessa laavu on my\u00f6s seurakuntalaisten k\u00e4yt\u00f6ss\u00e4.<\/p>\n<p>Molemmat laavut ovat kaikkien kyl\u00e4l\u00e4isten vapaasti k\u00e4ytett\u00e4viss\u00e4.<\/p>\n","protected":false},"excerpt":{"rendered":"<p>Merenlahden riistamiehet rakensivat lokakuussa 2008 talkooty\u00f6n\u00e4 laavun Orjainniementielle hirvien nylkykatoksen ja kyl\u00e4museon v\u00e4liin kent\u00e4n laidalle. Lokakuun 2009 hirvijahdin lomassa valmistui laavu my\u00f6s Orjainniementien varteen, n 4 km Merenlahdentielt\u00e4. Riistamiehet rakensivat laavun Taipalsaaren seurakunnan maalle ja tarvittaessa laavu on my\u00f6s seurakuntalaisten &hellip; <a href=\"https:\/\/kylat.ekarjala.fi\/merenlahti\/laavu\/\">Lue loppuun <span class=\"meta-nav\">&rarr;<\/span><\/a><\/p>\n","protected":false},"author":1,"featured_media":0,"parent":0,"menu_order":0,"comment_status":"closed","ping_status":"closed","template":"","meta":{"footnotes":""},"class_list":["post-14","page","type-page","status-publish","hentry"],"_links":{"self":[{"href":"https:\/\/kylat.ekarjala.fi\/merenlahti\/wp-json\/wp\/v2\/pages\/14","targetHints":{"allow":["GET"]}}],"collection":[{"href":"https:\/\/kylat.ekarjala.fi\/merenlahti\/wp-json\/wp\/v2\/pages"}],"about":[{"href":"https:\/\/kylat.ekarjala.fi\/merenlahti\/wp-json\/wp\/v2\/types\/page"}],"author":[{"embeddable":true,"href":"https:\/\/kylat.ekarjala.fi\/merenlahti\/wp-json\/wp\/v2\/users\/1"}],"replies":[{"embeddable":true,"href":"https:\/\/kylat.ekarjala.fi\/merenlahti\/wp-json\/wp\/v2\/comments?post=14"}],"version-history":[{"count":3,"href":"https:\/\/kylat.ekarjala.fi\/merenlahti\/wp-json\/wp\/v2\/pages\/14\/revisions"}],"predecessor-version":[{"id":148,"href":"https:\/\/kylat.ekarjala.fi\/merenlahti\/wp-json\/wp\/v2\/pages\/14\/revisions\/148"}],"wp:attachment":[{"href":"https:\/\/kylat.ekarjala.fi\/merenlahti\/wp-json\/wp\/v2\/media?parent=14"}],"curies":[{"name":"wp","href":"https:\/\/api.w.org\/{rel}","templated":true}]}}