{"id":17,"date":"2014-02-24T13:09:27","date_gmt":"2014-02-24T11:09:27","guid":{"rendered":"https:\/\/kylat.ekarjala.fi\/merenlahti\/?page_id=17"},"modified":"2023-07-24T13:35:36","modified_gmt":"2023-07-24T10:35:36","slug":"myydaan-ostetaan","status":"publish","type":"page","link":"https:\/\/kylat.ekarjala.fi\/merenlahti\/myydaan-ostetaan\/","title":{"rendered":"Myyd\u00e4\u00e4n, ostetaan"},"content":{"rendered":"<p>MYYD\u00c4\u00c4N KOIVUKLAPIA JA SAHATAVARAA<br \/>\nKuljetus Merenlahden alueelle j\u00e4rjestyy.<br \/>\nEsko K\u00e4h\u00f6 040-7157307<\/p>\n<p>&nbsp;<\/p>\n<p>&nbsp;<\/p>\n","protected":false},"excerpt":{"rendered":"<p>MYYD\u00c4\u00c4N KOIVUKLAPIA JA SAHATAVARAA Kuljetus Merenlahden alueelle j\u00e4rjestyy. Esko K\u00e4h\u00f6 040-7157307 &nbsp; &nbsp;<\/p>\n","protected":false},"author":1,"featured_media":0,"parent":0,"menu_order":0,"comment_status":"closed","ping_status":"closed","template":"","meta":{"footnotes":""},"class_list":["post-17","page","type-page","status-publish","hentry"],"_links":{"self":[{"href":"https:\/\/kylat.ekarjala.fi\/merenlahti\/wp-json\/wp\/v2\/pages\/17","targetHints":{"allow":["GET"]}}],"collection":[{"href":"https:\/\/kylat.ekarjala.fi\/merenlahti\/wp-json\/wp\/v2\/pages"}],"about":[{"href":"https:\/\/kylat.ekarjala.fi\/merenlahti\/wp-json\/wp\/v2\/types\/page"}],"author":[{"embeddable":true,"href":"https:\/\/kylat.ekarjala.fi\/merenlahti\/wp-json\/wp\/v2\/users\/1"}],"replies":[{"embeddable":true,"href":"https:\/\/kylat.ekarjala.fi\/merenlahti\/wp-json\/wp\/v2\/comments?post=17"}],"version-history":[{"count":5,"href":"https:\/\/kylat.ekarjala.fi\/merenlahti\/wp-json\/wp\/v2\/pages\/17\/revisions"}],"predecessor-version":[{"id":310,"href":"https:\/\/kylat.ekarjala.fi\/merenlahti\/wp-json\/wp\/v2\/pages\/17\/revisions\/310"}],"wp:attachment":[{"href":"https:\/\/kylat.ekarjala.fi\/merenlahti\/wp-json\/wp\/v2\/media?parent=17"}],"curies":[{"name":"wp","href":"https:\/\/api.w.org\/{rel}","templated":true}]}}