{"id":181,"date":"2015-08-13T22:09:54","date_gmt":"2015-08-13T19:09:54","guid":{"rendered":"https:\/\/kylat.ekarjala.fi\/merenlahti\/?page_id=181"},"modified":"2023-07-24T13:37:25","modified_gmt":"2023-07-24T10:37:25","slug":"tarinoita","status":"publish","type":"page","link":"https:\/\/kylat.ekarjala.fi\/merenlahti\/tarinoita\/","title":{"rendered":"Tarinoita Merenlahdelta"},"content":{"rendered":"<p>Merenlahtelaisten kertomia tarinoita on ker\u00e4tty&nbsp;usean vuoden ajan. Lemill\u00e4kin ansioitunut perinnetiedon kokoaja Taito Salmi on haastatellut kyl\u00e4n nykyisi\u00e4 ja entisi\u00e4 asukkaita ja muokannut haastattelujen perusteella tarinoita tekstiksi. Tarinoita julkaistaan sit\u00e4 mukaa kun ne valmistuvat. Valmistuneet tarinat k\u00e4yd\u00e4\u00e4n viel\u00e4 l\u00e4pi haastateltavien kanssa ja sovitaan heid\u00e4n kanssaan tarinoiden julkaisemisesta kotisivuilla.&nbsp; Sivustolla on my\u00f6s muutamia lehtileikkeit\u00e4 sek\u00e4 yksityishenkil\u00f6iden kirjoittamia tarinoita.<\/p>\n<p>Lis\u00e4\u00e4 tarinoita ja haastattelukutsuja otetaan edelleen vastaan. Valmiit tekstitkin ovat tervetulleita. Ota yhteytt\u00e4 Taitoon p. 0400-381791. Merenlahden kyl\u00e4ll\u00e4 asiassa yhteyshenkil\u00f6n\u00e4 toimii Sirpa Ojansuu p. 040-7633 106 sirpa.ojansuu@gmail.com<\/p>\n<p><strong>EELIS LAJUSEN KERTOMA TARINA<\/strong>&nbsp;Julkaistu Merenlahden kyl\u00e4n kotisivuilla 24.3.2013<br>Eelis Lajunen on el\u00e4kkeell\u00e4 oleva kapteeniluutnantti. H\u00e4n on julkaissut kaksi lasten runokirjaa, joita on viety yli kymmeneen maahan. Merenlahdella aloitettu englannin opiskelu on saanut jatkoa. Kielitaito;&nbsp; ruotsi englanti, ranska ja espanja. Eelis tekee vapaaehtoisty\u00f6t\u00e4, laulaa lauluryhm\u00e4ss\u00e4 ja harrastaa teatteria eri muodoissa. Viime vuoden suosittu esitys;&nbsp; Tiernapojat,&nbsp; Eelis murjaanien kuningas.<br><a href=\"https:\/\/kylat.ekarjala.fi\/merenlahti\/wp-content\/uploads\/sites\/71\/2015\/08\/Lajunen-Eelis-16.4.2013-versio.pdf\">Lajunen Eelis 16.4.2013 versio<\/a>&nbsp; (teksti:&nbsp;Taito Salmi)<\/p>\n<p><strong>OJANSUUN TALON TARINOITA <\/strong>Tarinat on kirjoitettu vuosien 2010-2013 aikana ja julkaistu Merenlahden kyl\u00e4n kotisivuilla 13.4.2013.<\/p>\n<p>Liitteen\u00e4 nelj\u00e4 tarinaa Ojansuun taloon liittyen:<br>Aaro Ojansuun tarina (teksti: Taito Salmi): &nbsp;<a href=\"https:\/\/kylat.ekarjala.fi\/merenlahti\/wp-content\/uploads\/sites\/71\/2015\/08\/Ojansuu-Aaro-16.4.2013-versio.pdf\">Ojansuu Aaro 16.4.2013 versio<\/a><br><a href=\"https:\/\/kylat.ekarjala.fi\/merenlahti\/wp-content\/uploads\/sites\/71\/2015\/08\/Aaro-Ojansuu-Sotaan-kutsutun-hevosen-tarina.pdf\">Aaro Ojansuu, Sotaan kutsutun hevosen tarina<\/a>&nbsp;(teksti: Sirpa Ojansuu)<br><a href=\"https:\/\/kylat.ekarjala.fi\/merenlahti\/wp-content\/uploads\/sites\/71\/2015\/08\/Salme-Taipale-Maatilamatkailua-ennen-sotia.pdf\">Salme Taipale, Maatilamatkailua ennen sotia<\/a>&nbsp;(teksti: Sirpa Ojansuu)<br><a href=\"https:\/\/kylat.ekarjala.fi\/merenlahti\/wp-content\/uploads\/sites\/71\/2015\/08\/Sirpa-Ojansuu-Myyskireissu.pdf\">Sirpa Ojansuu, Myyskireissu<\/a>&nbsp;(teksti: Sirpa Ojansuu)<br><strong>Aaro Ojansuu<\/strong> asuu nykyisin Lappeenrannan kaupungin keskustassa, jonne h\u00e4n muutti Imatralta muutamia vuosia sitten. Aaron is\u00e4 Edvard Ojansuu on syntynyt Ojansuun talossa. Aarokin on lapsuudessaan asunut Ojansuussa sek\u00e4 sen j\u00e4lkeenkin aina k\u00e4ynyt vierailemassa sek\u00e4 auttelemassa Ojansuun v\u00e4ke\u00e4&nbsp; tilan mets\u00e4- ja peltot\u00f6iss\u00e4. <strong>Salme Taipale<\/strong> asuu t\u00e4ll\u00e4 hetkell\u00e4 Espoossa. Siell\u00e4 h\u00e4n on viett\u00e4nyt koko aikuisi\u00e4n, mutta yhteys Merenlahdelle on s\u00e4ilynyt l\u00e4pi vuosikymmenien. H\u00e4n pit\u00e4\u00e4 tiiviisti yhteytt\u00e4&nbsp;&nbsp; sukulaisiin sek\u00e4 k\u00e4y 1970 luvun alussa rakennetulla kes\u00e4asunnolla. Aarne Ojansuun tytt\u00e4ret <strong>Sirpa Ojansuu <\/strong>ja<strong> Merja Pauniaho<\/strong> asuvat perheineen Merenlahdella. Sirpa asuu 1900 luvun vaihteissa rakennetussa kotitalossaan ja Merja ja Petteri Pauniaho ovat rakentanut talon tilan maille vuonna 1999.<\/p>\n<p><strong>TAISTO HAIMILAN TARINA <\/strong>Julkaistu Merenlahden kyl\u00e4n kotisivuilla 6.1.2014. Tarinan tapahtumat sijoittuvat Yl\u00e4tuvantiell\u00e4 olevaan Suurtuvan taloon. Taisto Haimila asuu vaimonsa Leenan kanssa Uus-Lavolassa, jonne he muuttivat 90-luvun puoliv\u00e4liss\u00e4 el\u00e4kkeelle j\u00e4\u00e4ty\u00e4\u00e4n. T\u00e4t\u00e4 ennen he asuivat pari vuosikymment\u00e4 Imaralla. Kes\u00e4isin Taisto ja Leena viett\u00e4v\u00e4t aikaa perheen kes\u00e4m\u00f6kill\u00e4 Merenlahden Kuivalahdessa.<br><a href=\"https:\/\/kylat.ekarjala.fi\/merenlahti\/wp-content\/uploads\/sites\/71\/2015\/08\/Taisto-Haimilan-tarina-6.1.2014-versio.pdf\">Taisto Haimilan tarina, 6.1.2014 versio<\/a>&nbsp;(teksti:&nbsp;Taito Salmi)<br><strong><br>SARELAN TALON TARINA<\/strong> Julkaistu Merenlahden kyl\u00e4n kotisivuilla 31.8.2013. Sarelan talon tarina Salme Laukkosen ja Leevi Sarelan kertomana.<br><a href=\"https:\/\/kylat.ekarjala.fi\/merenlahti\/wp-content\/uploads\/sites\/71\/2015\/08\/Sarelan-talon-tarina-31.8.2013-versio.pdf\">Sarelan talon tarina, 31.8.2013 versio<\/a>&nbsp; (teksti:&nbsp;Taito Salmi)<\/p>\n<p><strong>TUOVI KARKIAISEN&nbsp;<\/strong>kertoma tarina. Julkaistu Merenlahden kyl\u00e4n kotisivuilla 2.3.2014. Karkiaisen perhe on viett\u00e4nyt kesi\u00e4 Merenlahdella kes\u00e4asunnollaan, jonka he rakensivat vuonna 1951 Merenlahdelle Likoniemeen.<br><a href=\"https:\/\/kylat.ekarjala.fi\/merenlahti\/wp-content\/uploads\/sites\/71\/2015\/08\/Tuovi-Karkiaisen-tarina.pdf\">Tuovi Karkiaisen tarina<\/a>&nbsp;(teksti:&nbsp;Taito Salmi)<br><strong><br>HANNU TALKAN TARINA<\/strong> Julkaistu Merenlahden kyl\u00e4n kotisivuilla 15.5.2014 Hannu Talkan lis\u00e4ksi kertojina &nbsp;my\u00f6s Hannun vaimo Annikki Talka sek\u00e4 tyt\u00e4r Anu J\u00e4nis.<\/p>\n<p>Hannu Talka syntyi Merenlahdella M\u00e4nnist\u00f6n talossa. My\u00f6hemmin perheen is\u00e4 osti Karsikon tilan, jossa Hannu asui nuoruutensa. Hannu ja Annikki ovat asuneet pitk\u00e4\u00e4n Helsingiss\u00e4, mutta perheell\u00e4 on ollut vuodesta 1961 alkaen kes\u00e4asunto Merenlahdella K\u00e4h\u00f6nsalmessa. Tarinassa my\u00f6s Anun kirjoittama osio Hannun lapsuusmuistoja. Hannu nukkui pois 31.7.2013, jonka j\u00e4lkeen tarina on viimeistelty valmiiksi Annikin ja Anun kanssa.<br><a href=\"https:\/\/kylat.ekarjala.fi\/merenlahti\/wp-content\/uploads\/sites\/71\/2015\/08\/Hannu-Talkan-tarina.pdf\">Hannu Talkan tarina<\/a>&nbsp; (teksti:&nbsp;Taito Salmi)<\/p>\n<p><strong>TARINA KARHUN TALOSTA, HEPOSALON SAARESTA<\/strong> Julkaistu Merenlahden kyl\u00e4n kotisivuilla 23.11.2014 Pirkko Haikalan ja Raili Karhun kertoma tarina Karhun talosta, Heposalon saaresta.<br><a href=\"https:\/\/kylat.ekarjala.fi\/merenlahti\/wp-content\/uploads\/sites\/71\/2015\/08\/Heposalon-tarina.pdf\">Heposalon tarina<\/a>&nbsp; (teksti:&nbsp;Taito Salmi)<\/p>\n<p><strong>TAPIO JA RAIJA JUNNOSEN TARINA <\/strong>Julkaistu&nbsp;Merenlahden kyl\u00e4n kotisivuilla 26.8.2015.<br><a href=\"https:\/\/kylat.ekarjala.fi\/merenlahti\/wp-content\/uploads\/sites\/71\/2015\/08\/Tapio-ja-Raija-Junnosen-tarina-26.8.2015.pdf\">Tapio ja Raija Junnosen tarina 26.8.2015<\/a>&nbsp;(teksti:&nbsp;Taito Salmi)<\/p>\n<p><strong>MARTTA TOIVIAISEN TARINA <\/strong>kertoo h\u00e4nen ty\u00f6st\u00e4\u00e4n Etel\u00e4-Karjalan nuorisoseurapiirin toiminnanjohtajana.&nbsp; Merenlahtelaiset tulivat h\u00e4nelle tutuiksi&nbsp;nuorisoseuratoiminnan kautta.<br><a href=\"https:\/\/kylat.ekarjala.fi\/merenlahti\/wp-content\/uploads\/sites\/71\/2015\/08\/Martta-Toiviainen-19.12.2015.pdf\">Martta Toiviainen 19.12.2015<\/a>&nbsp; (teksti:&nbsp;Taito Salmi)<\/p>\n<p><strong>OTTO SUHOSEN TARINA<\/strong> kertoo h\u00e4nen asumisestaan Orjainniemen torpassa.<br>Tarinan on kirjoittanut Oton pojanpoika Pekka Suhonen.<br><a href=\"https:\/\/kylat.ekarjala.fi\/merenlahti\/wp-content\/uploads\/sites\/71\/2015\/08\/Otto-Suhosen-tarina-Orjainniemest\u00e4-24.4.2016.pdf\" rel=\"\">Otto Suhosen tarina Orjainniemest\u00e4 24.4.2016<br><\/a>Tulossa viel\u00e4 tarinassa mainittu lehtileike Kes\u00e4illan valssista.<\/p>\n<p><strong>TAIMI K\u00c4KEL\u00c4, MUISTOJENI KUIVANIEMI<\/strong><br>Taimi K\u00e4kel\u00e4n muistelut Kuivaniemen karjamajoilta&nbsp;on oletettavasti julkaistu Taipalsaaren kunnan tiedotuslehti Tervah\u00f6yryss\u00e4 vuonna 1984.&nbsp;&nbsp;Taimi K\u00e4kel\u00e4&nbsp;liittyy Merenlahteen Lehtosen suvun kautta, joka on asunut Taipalsaaren Lehtolan kyl\u00e4ss\u00e4 vuodesta 1742 l\u00e4htien. Lehtolan&nbsp;tilaan kuului&nbsp;my\u00f6s t\u00e4m\u00e4 erillinen palsta Merenlahden Kuivaniemell\u00e4. Karjamaja on siell\u00e4 edelleen, mutta l\u00e4\u00e4v\u00e4st\u00e4 on j\u00e4ljell\u00e4 en\u00e4\u00e4&nbsp;muutama lahonnut hirrenp\u00e4tk\u00e4. Taimi kuoli 98 vuoden korkeassa i\u00e4ss\u00e4 huhtikuussa 2016.<br><a href=\"https:\/\/kylat.ekarjala.fi\/merenlahti\/wp-content\/uploads\/sites\/71\/2015\/08\/Taimi-K\u00e4kel\u00e4-Muistojeni-Kuivaniemi.pdf\" rel=\"\">Taimi K\u00e4kel\u00e4, Muistojeni Kuivaniemi<\/a><\/p>\n<p><strong>OSMO JA MARJATTA K\u00c4H\u00d6N TARINA <\/strong>Julkaistu Merenlahden kyl\u00e4n kotisivuilla 12.10.2016.<br><a href=\"https:\/\/kylat.ekarjala.fi\/merenlahti\/wp-content\/uploads\/sites\/71\/2015\/08\/Osmo-ja-Marjatta-K\u00e4h\u00f6n-tarina.pdf\">Osmo ja Marjatta K\u00e4h\u00f6n tarina<\/a><\/p>\n<p><strong>AUNE JA ESKO K\u00c4H\u00d6N TARINA<\/strong> Julkaistu Merenlahden kyl\u00e4 kotisivuilla 7.1.2018.<br><a href=\"https:\/\/kylat.ekarjala.fi\/merenlahti\/wp-content\/uploads\/sites\/71\/2018\/01\/Aune-ja-Esko-K\u00e4h\u00f6n-tarina.pdf\">Aune ja Esko K\u00e4h\u00f6n tarina<\/a><\/p>\n\n\n<p><strong>MERENLAHDEN RIISTAMIESTEN HISTORIIKKI 19.11.2022<\/strong> Julkaistu Merenlahden kyl\u00e4n kotisivuilla 27.11.2022<\/p>\n\n\n\n<p><a href=\"https:\/\/kylat.ekarjala.fi\/merenlahti\/wp-content\/uploads\/sites\/71\/2022\/11\/Merenlahden-riistamiehet-ry-historiikki-19.11.2022.pdf\" data-type=\"URL\" target=\"_blank\" rel=\"noreferrer noopener\">Merenlahden riistamiesten historiikki<\/a><\/p>\n","protected":false},"excerpt":{"rendered":"<p>Merenlahtelaisten kertomia tarinoita on ker\u00e4tty&nbsp;usean vuoden ajan. Lemill\u00e4kin ansioitunut perinnetiedon kokoaja Taito Salmi on haastatellut kyl\u00e4n nykyisi\u00e4 ja entisi\u00e4 asukkaita ja muokannut haastattelujen perusteella tarinoita tekstiksi. Tarinoita julkaistaan sit\u00e4 mukaa kun ne valmistuvat. Valmistuneet tarinat k\u00e4yd\u00e4\u00e4n viel\u00e4 l\u00e4pi haastateltavien kanssa &hellip; <a href=\"https:\/\/kylat.ekarjala.fi\/merenlahti\/tarinoita\/\">Lue loppuun <span class=\"meta-nav\">&rarr;<\/span><\/a><\/p>\n","protected":false},"author":146,"featured_media":0,"parent":0,"menu_order":0,"comment_status":"closed","ping_status":"closed","template":"","meta":{"footnotes":""},"class_list":["post-181","page","type-page","status-publish","hentry"],"_links":{"self":[{"href":"https:\/\/kylat.ekarjala.fi\/merenlahti\/wp-json\/wp\/v2\/pages\/181","targetHints":{"allow":["GET"]}}],"collection":[{"href":"https:\/\/kylat.ekarjala.fi\/merenlahti\/wp-json\/wp\/v2\/pages"}],"about":[{"href":"https:\/\/kylat.ekarjala.fi\/merenlahti\/wp-json\/wp\/v2\/types\/page"}],"author":[{"embeddable":true,"href":"https:\/\/kylat.ekarjala.fi\/merenlahti\/wp-json\/wp\/v2\/users\/146"}],"replies":[{"embeddable":true,"href":"https:\/\/kylat.ekarjala.fi\/merenlahti\/wp-json\/wp\/v2\/comments?post=181"}],"version-history":[{"count":20,"href":"https:\/\/kylat.ekarjala.fi\/merenlahti\/wp-json\/wp\/v2\/pages\/181\/revisions"}],"predecessor-version":[{"id":385,"href":"https:\/\/kylat.ekarjala.fi\/merenlahti\/wp-json\/wp\/v2\/pages\/181\/revisions\/385"}],"wp:attachment":[{"href":"https:\/\/kylat.ekarjala.fi\/merenlahti\/wp-json\/wp\/v2\/media?parent=181"}],"curies":[{"name":"wp","href":"https:\/\/api.w.org\/{rel}","templated":true}]}}