{"id":2,"date":"2014-02-24T11:06:03","date_gmt":"2014-02-24T11:06:03","guid":{"rendered":"https:\/\/kylat.ekarjala.fi\/merenlahti\/?page_id=2"},"modified":"2015-06-07T17:05:48","modified_gmt":"2015-06-07T14:05:48","slug":"esimerkkisivu","status":"publish","type":"page","link":"https:\/\/kylat.ekarjala.fi\/merenlahti\/","title":{"rendered":"Merenlahden kyl\u00e4"},"content":{"rendered":"<p>Tervetuloa Merenlahdelle<br \/>\nMerenlahden kyl\u00e4 sijaitsee Taipalsaarella. Piensaimaa ja ymp\u00e4r\u00f6iv\u00e4 luonto ovat Merenlahden kyl\u00e4n ehdoton valtti. Merenlahdella on loistavat mahdollisuudet veneilyyn, kalastukseen, sienestykseen, marjastukseen ja retkeilyyn. Keskell\u00e4 kyl\u00e4maisemaa sijaitsee kyl\u00e4l\u00e4isten yhteiseen k\u00e4ytt\u00f6\u00f6n tarkoitettu Talanlahden uimaranta. Kyl\u00e4toiminnan keskus ja kyl\u00e4ll\u00e4 toimivien yhdistysten kokoontumispaikka on kyl\u00e4l\u00e4isten k\u00e4yt\u00f6ss\u00e4 oleva kentt\u00e4osuuskunnan talo. Kyl\u00e4ll\u00e4 toimii useita yhdistyksi\u00e4, jotka j\u00e4rjest\u00e4v\u00e4t erilaista vapaa-ajan toimintaa kyl\u00e4l\u00e4isille.<\/p>\n<p>Merenlahdella on vakituista asutusta n. 220 henkil\u00f6\u00e4. Kes\u00e4aikana kyl\u00e4n asukasluku lis\u00e4\u00e4ntyy kaksinkertaiseksi. Vesist\u00f6jen runsauden ja pitk\u00e4n rantaviivan vuoksi alueella on paljon vapaa-ajan asutusta. Alueelle rakennetaan tasaiseen tahtiin uusia omakotitaloja ja kes\u00e4asuntoja muutetaan ymp\u00e4rivuotiseen k\u00e4ytt\u00f6\u00f6n.<\/p>\n<p>Vesiteitse matkaa Taipalsaaren kirkonkyl\u00e4lle tulee vain muutama kilometri, mutta maanteitse matkaa kertyy 35 km. L\u00e4himm\u00e4t palvelut l\u00f6ytyv\u00e4t Sammonlahdesta 10 km:n p\u00e4\u00e4st\u00e4. Suurin osa asukkaista k\u00e4y ty\u00f6ss\u00e4 Lappeenrannassa, jonne on matkaa n.17 km. Kyl\u00e4lt\u00e4 l\u00f6ytyy yritystoimintaa sek\u00e4 muutama maanviljelyst\u00e4 harjoittava talous. Merenlahtelaiset k\u00e4yv\u00e4t peruskoulua p\u00e4\u00e4s\u00e4\u00e4nt\u00f6isesti ala-asteella Ruoholammella Lappeen koulussa ja yl\u00e4asteella Sammonlahdessa.<\/p>\n","protected":false},"excerpt":{"rendered":"<p>Tervetuloa Merenlahdelle Merenlahden kyl\u00e4 sijaitsee Taipalsaarella. Piensaimaa ja ymp\u00e4r\u00f6iv\u00e4 luonto ovat Merenlahden kyl\u00e4n ehdoton valtti. Merenlahdella on loistavat mahdollisuudet veneilyyn, kalastukseen, sienestykseen, marjastukseen ja retkeilyyn. Keskell\u00e4 kyl\u00e4maisemaa sijaitsee kyl\u00e4l\u00e4isten yhteiseen k\u00e4ytt\u00f6\u00f6n tarkoitettu Talanlahden uimaranta. Kyl\u00e4toiminnan keskus ja kyl\u00e4ll\u00e4 toimivien yhdistysten &hellip; <a href=\"https:\/\/kylat.ekarjala.fi\/merenlahti\/\">Lue loppuun <span class=\"meta-nav\">&rarr;<\/span><\/a><\/p>\n","protected":false},"author":144,"featured_media":0,"parent":0,"menu_order":0,"comment_status":"closed","ping_status":"closed","template":"","meta":{"footnotes":""},"class_list":["post-2","page","type-page","status-publish","hentry"],"_links":{"self":[{"href":"https:\/\/kylat.ekarjala.fi\/merenlahti\/wp-json\/wp\/v2\/pages\/2","targetHints":{"allow":["GET"]}}],"collection":[{"href":"https:\/\/kylat.ekarjala.fi\/merenlahti\/wp-json\/wp\/v2\/pages"}],"about":[{"href":"https:\/\/kylat.ekarjala.fi\/merenlahti\/wp-json\/wp\/v2\/types\/page"}],"author":[{"embeddable":true,"href":"https:\/\/kylat.ekarjala.fi\/merenlahti\/wp-json\/wp\/v2\/users\/144"}],"replies":[{"embeddable":true,"href":"https:\/\/kylat.ekarjala.fi\/merenlahti\/wp-json\/wp\/v2\/comments?post=2"}],"version-history":[{"count":3,"href":"https:\/\/kylat.ekarjala.fi\/merenlahti\/wp-json\/wp\/v2\/pages\/2\/revisions"}],"predecessor-version":[{"id":420,"href":"https:\/\/kylat.ekarjala.fi\/merenlahti\/wp-json\/wp\/v2\/pages\/2\/revisions\/420"}],"wp:attachment":[{"href":"https:\/\/kylat.ekarjala.fi\/merenlahti\/wp-json\/wp\/v2\/media?parent=2"}],"curies":[{"name":"wp","href":"https:\/\/api.w.org\/{rel}","templated":true}]}}