{"id":20,"date":"2014-02-24T13:09:39","date_gmt":"2014-02-24T11:09:39","guid":{"rendered":"https:\/\/kylat.ekarjala.fi\/merenlahti\/?page_id=20"},"modified":"2026-03-02T17:00:11","modified_gmt":"2026-03-02T15:00:11","slug":"uimaranta-ja-veden-laatu","status":"publish","type":"page","link":"https:\/\/kylat.ekarjala.fi\/merenlahti\/uimaranta-ja-veden-laatu\/","title":{"rendered":"Uimaranta ja veden laatu"},"content":{"rendered":"<p><strong>Kunnan omistamat yleiset uimarannat<\/strong><\/p>\n<p>Keskikyl\u00e4ll\u00e4 sijaitsee Talanlahden\u00a0 uimaranta. Kyl\u00e4n per\u00e4ll\u00e4 sijaitsee Hietalahden uimaranta. Uimarannoilla on laituri sek\u00e4 muutamia venepaikkoja.<\/p>\n<p>Syksyll\u00e4 2010 tehtiin veneenlaskupaikka Talanlahden rannalle uimalaiturin viereen. Veden pinnan korkeus vaihtelee matalassa rannassa suuresti vuosittain.<\/p>\n<p><strong><em>Veneenlaskupaikka on k\u00e4ytett\u00e4viss\u00e4 k\u00e4ytt\u00e4j\u00e4n omalla vastuulla ja oman harkinnan mukaan.<\/em><\/strong><\/p>\n<p>&nbsp;<\/p>\n<p>&nbsp;<\/p>\n","protected":false},"excerpt":{"rendered":"<p>Kunnan omistamat yleiset uimarannat Keskikyl\u00e4ll\u00e4 sijaitsee Talanlahden\u00a0 uimaranta. Kyl\u00e4n per\u00e4ll\u00e4 sijaitsee Hietalahden uimaranta. Uimarannoilla on laituri sek\u00e4 muutamia venepaikkoja. Syksyll\u00e4 2010 tehtiin veneenlaskupaikka Talanlahden rannalle uimalaiturin viereen. Veden pinnan korkeus vaihtelee matalassa rannassa suuresti vuosittain. Veneenlaskupaikka on k\u00e4ytett\u00e4viss\u00e4 k\u00e4ytt\u00e4j\u00e4n omalla &hellip; <a href=\"https:\/\/kylat.ekarjala.fi\/merenlahti\/uimaranta-ja-veden-laatu\/\">Lue loppuun <span class=\"meta-nav\">&rarr;<\/span><\/a><\/p>\n","protected":false},"author":1,"featured_media":0,"parent":0,"menu_order":0,"comment_status":"closed","ping_status":"closed","template":"","meta":{"footnotes":""},"class_list":["post-20","page","type-page","status-publish","hentry"],"_links":{"self":[{"href":"https:\/\/kylat.ekarjala.fi\/merenlahti\/wp-json\/wp\/v2\/pages\/20","targetHints":{"allow":["GET"]}}],"collection":[{"href":"https:\/\/kylat.ekarjala.fi\/merenlahti\/wp-json\/wp\/v2\/pages"}],"about":[{"href":"https:\/\/kylat.ekarjala.fi\/merenlahti\/wp-json\/wp\/v2\/types\/page"}],"author":[{"embeddable":true,"href":"https:\/\/kylat.ekarjala.fi\/merenlahti\/wp-json\/wp\/v2\/users\/1"}],"replies":[{"embeddable":true,"href":"https:\/\/kylat.ekarjala.fi\/merenlahti\/wp-json\/wp\/v2\/comments?post=20"}],"version-history":[{"count":4,"href":"https:\/\/kylat.ekarjala.fi\/merenlahti\/wp-json\/wp\/v2\/pages\/20\/revisions"}],"predecessor-version":[{"id":448,"href":"https:\/\/kylat.ekarjala.fi\/merenlahti\/wp-json\/wp\/v2\/pages\/20\/revisions\/448"}],"wp:attachment":[{"href":"https:\/\/kylat.ekarjala.fi\/merenlahti\/wp-json\/wp\/v2\/media?parent=20"}],"curies":[{"name":"wp","href":"https:\/\/api.w.org\/{rel}","templated":true}]}}