{"id":27,"date":"2014-02-24T13:10:37","date_gmt":"2014-02-24T11:10:37","guid":{"rendered":"https:\/\/kylat.ekarjala.fi\/merenlahti\/?page_id=27"},"modified":"2023-07-24T13:36:41","modified_gmt":"2023-07-24T10:36:41","slug":"palvelut","status":"publish","type":"page","link":"https:\/\/kylat.ekarjala.fi\/merenlahti\/palvelut\/","title":{"rendered":"Palvelut"},"content":{"rendered":"<p>Sivun alaotsikoissa on kerrottu kyl\u00e4mme toiminnasta ja palveluista vakituisille asukkaille sek\u00e4 kes\u00e4asukkaille.<\/p>\n","protected":false},"excerpt":{"rendered":"<p>Sivun alaotsikoissa on kerrottu kyl\u00e4mme toiminnasta ja palveluista vakituisille asukkaille sek\u00e4 kes\u00e4asukkaille.<\/p>\n","protected":false},"author":1,"featured_media":0,"parent":0,"menu_order":0,"comment_status":"closed","ping_status":"closed","template":"","meta":{"footnotes":""},"class_list":["post-27","page","type-page","status-publish","hentry"],"_links":{"self":[{"href":"https:\/\/kylat.ekarjala.fi\/merenlahti\/wp-json\/wp\/v2\/pages\/27","targetHints":{"allow":["GET"]}}],"collection":[{"href":"https:\/\/kylat.ekarjala.fi\/merenlahti\/wp-json\/wp\/v2\/pages"}],"about":[{"href":"https:\/\/kylat.ekarjala.fi\/merenlahti\/wp-json\/wp\/v2\/types\/page"}],"author":[{"embeddable":true,"href":"https:\/\/kylat.ekarjala.fi\/merenlahti\/wp-json\/wp\/v2\/users\/1"}],"replies":[{"embeddable":true,"href":"https:\/\/kylat.ekarjala.fi\/merenlahti\/wp-json\/wp\/v2\/comments?post=27"}],"version-history":[{"count":1,"href":"https:\/\/kylat.ekarjala.fi\/merenlahti\/wp-json\/wp\/v2\/pages\/27\/revisions"}],"predecessor-version":[{"id":29,"href":"https:\/\/kylat.ekarjala.fi\/merenlahti\/wp-json\/wp\/v2\/pages\/27\/revisions\/29"}],"wp:attachment":[{"href":"https:\/\/kylat.ekarjala.fi\/merenlahti\/wp-json\/wp\/v2\/media?parent=27"}],"curies":[{"name":"wp","href":"https:\/\/api.w.org\/{rel}","templated":true}]}}