{"id":42,"date":"2014-02-24T13:11:37","date_gmt":"2014-02-24T11:11:37","guid":{"rendered":"https:\/\/kylat.ekarjala.fi\/merenlahti\/?page_id=42"},"modified":"2023-07-24T13:33:29","modified_gmt":"2023-07-24T10:33:29","slug":"liikuntaharrastukset","status":"publish","type":"page","link":"https:\/\/kylat.ekarjala.fi\/merenlahti\/liikuntaharrastukset\/","title":{"rendered":"Liikuntaharrastukset"},"content":{"rendered":"<p>Kyl\u00e4ll\u00e4mme on kes\u00e4ll\u00e4 hyv\u00e4t lenkkeilymaastot ja uimarannat. Nuorisoseura j\u00e4rjest\u00e4\u00e4 joka talvi kyl\u00e4l\u00e4isille sarjahiihtokilpailut ja viestihiihdon. Kyl\u00e4l\u00e4isten k\u00e4yt\u00f6ss\u00e4 on my\u00f6s ollut perinteiseen hiihtoon tarkoitettu n.&nbsp;2,5 km pituinen latu.<\/p>\n<p>&nbsp;<\/p>\n<p>&nbsp;<\/p>\n","protected":false},"excerpt":{"rendered":"<p>Kyl\u00e4ll\u00e4mme on kes\u00e4ll\u00e4 hyv\u00e4t lenkkeilymaastot ja uimarannat. Nuorisoseura j\u00e4rjest\u00e4\u00e4 joka talvi kyl\u00e4l\u00e4isille sarjahiihtokilpailut ja viestihiihdon. Kyl\u00e4l\u00e4isten k\u00e4yt\u00f6ss\u00e4 on my\u00f6s ollut perinteiseen hiihtoon tarkoitettu n.&nbsp;2,5 km pituinen latu. &nbsp; &nbsp;<\/p>\n","protected":false},"author":1,"featured_media":0,"parent":0,"menu_order":0,"comment_status":"closed","ping_status":"closed","template":"","meta":{"footnotes":""},"class_list":["post-42","page","type-page","status-publish","hentry"],"_links":{"self":[{"href":"https:\/\/kylat.ekarjala.fi\/merenlahti\/wp-json\/wp\/v2\/pages\/42","targetHints":{"allow":["GET"]}}],"collection":[{"href":"https:\/\/kylat.ekarjala.fi\/merenlahti\/wp-json\/wp\/v2\/pages"}],"about":[{"href":"https:\/\/kylat.ekarjala.fi\/merenlahti\/wp-json\/wp\/v2\/types\/page"}],"author":[{"embeddable":true,"href":"https:\/\/kylat.ekarjala.fi\/merenlahti\/wp-json\/wp\/v2\/users\/1"}],"replies":[{"embeddable":true,"href":"https:\/\/kylat.ekarjala.fi\/merenlahti\/wp-json\/wp\/v2\/comments?post=42"}],"version-history":[{"count":6,"href":"https:\/\/kylat.ekarjala.fi\/merenlahti\/wp-json\/wp\/v2\/pages\/42\/revisions"}],"predecessor-version":[{"id":401,"href":"https:\/\/kylat.ekarjala.fi\/merenlahti\/wp-json\/wp\/v2\/pages\/42\/revisions\/401"}],"wp:attachment":[{"href":"https:\/\/kylat.ekarjala.fi\/merenlahti\/wp-json\/wp\/v2\/media?parent=42"}],"curies":[{"name":"wp","href":"https:\/\/api.w.org\/{rel}","templated":true}]}}