{"id":45,"date":"2014-02-24T13:11:53","date_gmt":"2014-02-24T11:11:53","guid":{"rendered":"https:\/\/kylat.ekarjala.fi\/merenlahti\/?page_id=45"},"modified":"2026-03-02T16:52:30","modified_gmt":"2026-03-02T14:52:30","slug":"seurakunta-toimintaa","status":"publish","type":"page","link":"https:\/\/kylat.ekarjala.fi\/merenlahti\/seurakunta-toimintaa\/","title":{"rendered":"Seurakunta toimintaa"},"content":{"rendered":"<p>Taipalsaaren seurakunta j\u00e4rjest\u00e4\u00e4 tapahtumia Merenlahdella. Joulun alla lauletaan\u00a0 \u00a0kauneimpia joululauluja ja kes\u00e4ll\u00e4 j\u00e4rjestet\u00e4\u00e4n rantailta.\u00a0 Merenlahden kyl\u00e4l\u00e4isi\u00e4 laulaa my\u00f6s Taipalsaaren seurakunnan kirkkokuorossa.<\/p>\n<p>Lis\u00e4tietoja ajankohtaisia tapahtumista l\u00f6ytyy Taipalsaaren seurakunnan kotisivuilta.<\/p>\n","protected":false},"excerpt":{"rendered":"<p>Taipalsaaren seurakunta j\u00e4rjest\u00e4\u00e4 tapahtumia Merenlahdella. Joulun alla lauletaan\u00a0 \u00a0kauneimpia joululauluja ja kes\u00e4ll\u00e4 j\u00e4rjestet\u00e4\u00e4n rantailta.\u00a0 Merenlahden kyl\u00e4l\u00e4isi\u00e4 laulaa my\u00f6s Taipalsaaren seurakunnan kirkkokuorossa. Lis\u00e4tietoja ajankohtaisia tapahtumista l\u00f6ytyy Taipalsaaren seurakunnan kotisivuilta.<\/p>\n","protected":false},"author":1,"featured_media":0,"parent":0,"menu_order":0,"comment_status":"closed","ping_status":"closed","template":"","meta":{"footnotes":""},"class_list":["post-45","page","type-page","status-publish","hentry"],"_links":{"self":[{"href":"https:\/\/kylat.ekarjala.fi\/merenlahti\/wp-json\/wp\/v2\/pages\/45","targetHints":{"allow":["GET"]}}],"collection":[{"href":"https:\/\/kylat.ekarjala.fi\/merenlahti\/wp-json\/wp\/v2\/pages"}],"about":[{"href":"https:\/\/kylat.ekarjala.fi\/merenlahti\/wp-json\/wp\/v2\/types\/page"}],"author":[{"embeddable":true,"href":"https:\/\/kylat.ekarjala.fi\/merenlahti\/wp-json\/wp\/v2\/users\/1"}],"replies":[{"embeddable":true,"href":"https:\/\/kylat.ekarjala.fi\/merenlahti\/wp-json\/wp\/v2\/comments?post=45"}],"version-history":[{"count":4,"href":"https:\/\/kylat.ekarjala.fi\/merenlahti\/wp-json\/wp\/v2\/pages\/45\/revisions"}],"predecessor-version":[{"id":447,"href":"https:\/\/kylat.ekarjala.fi\/merenlahti\/wp-json\/wp\/v2\/pages\/45\/revisions\/447"}],"wp:attachment":[{"href":"https:\/\/kylat.ekarjala.fi\/merenlahti\/wp-json\/wp\/v2\/media?parent=45"}],"curies":[{"name":"wp","href":"https:\/\/api.w.org\/{rel}","templated":true}]}}