{"id":54,"date":"2014-02-24T13:12:26","date_gmt":"2014-02-24T11:12:26","guid":{"rendered":"https:\/\/kylat.ekarjala.fi\/merenlahti\/?page_id=54"},"modified":"2023-07-24T13:37:47","modified_gmt":"2023-07-24T10:37:47","slug":"tiedottaminen","status":"publish","type":"page","link":"https:\/\/kylat.ekarjala.fi\/merenlahti\/tiedottaminen\/","title":{"rendered":"Tiedottaminen"},"content":{"rendered":"<p>Merenlahden kyl\u00e4ll\u00e4 sijaitsee useita ilmoitustauluja, joiden avulla kyl\u00e4n yhdistykset tiedottavat kyl\u00e4l\u00e4isille sek\u00e4 kes\u00e4asukkaille ajankohtaisista asioista, tapahtumista ja kokouksista. Ilmoitustauluilta l\u00f6ytyy my\u00f6s aikatauluja. Merenlahden kyl\u00e4n kotisivujen osoite l\u00f6ytyy ilmoitustauluilta.<\/p>\n<p>Merenlahden kyl\u00e4n kotisivut julkaistiin 12.6.2008. Kyl\u00e4n kotisivuilla kerrotaan yleist\u00e4 tietoa kyl\u00e4st\u00e4, palveluista, tapahtumista, yritt\u00e4jist\u00e4 sek\u00e4 kyl\u00e4ll\u00e4 toimivista yhdistyksist\u00e4. Kyl\u00e4toimikunta pit\u00e4\u00e4 yll\u00e4 kotisivuja.<\/p>\n<p>Taipalsaaren kunnan palveluihin voi tutustua suoraan kunnan omilla internet-sivuilla.<\/p>\n<p>Etel\u00e4-Karjalassa sijaitsevien kylien toimintaan voi tutustua Etel\u00e4-Karjalan Kyl\u00e4t ry:n sivuilla.<\/p>\n","protected":false},"excerpt":{"rendered":"<p>Merenlahden kyl\u00e4ll\u00e4 sijaitsee useita ilmoitustauluja, joiden avulla kyl\u00e4n yhdistykset tiedottavat kyl\u00e4l\u00e4isille sek\u00e4 kes\u00e4asukkaille ajankohtaisista asioista, tapahtumista ja kokouksista. Ilmoitustauluilta l\u00f6ytyy my\u00f6s aikatauluja. Merenlahden kyl\u00e4n kotisivujen osoite l\u00f6ytyy ilmoitustauluilta. Merenlahden kyl\u00e4n kotisivut julkaistiin 12.6.2008. Kyl\u00e4n kotisivuilla kerrotaan yleist\u00e4 tietoa kyl\u00e4st\u00e4, palveluista, &hellip; <a href=\"https:\/\/kylat.ekarjala.fi\/merenlahti\/tiedottaminen\/\">Lue loppuun <span class=\"meta-nav\">&rarr;<\/span><\/a><\/p>\n","protected":false},"author":1,"featured_media":0,"parent":0,"menu_order":0,"comment_status":"closed","ping_status":"closed","template":"","meta":{"footnotes":""},"class_list":["post-54","page","type-page","status-publish","hentry"],"_links":{"self":[{"href":"https:\/\/kylat.ekarjala.fi\/merenlahti\/wp-json\/wp\/v2\/pages\/54","targetHints":{"allow":["GET"]}}],"collection":[{"href":"https:\/\/kylat.ekarjala.fi\/merenlahti\/wp-json\/wp\/v2\/pages"}],"about":[{"href":"https:\/\/kylat.ekarjala.fi\/merenlahti\/wp-json\/wp\/v2\/types\/page"}],"author":[{"embeddable":true,"href":"https:\/\/kylat.ekarjala.fi\/merenlahti\/wp-json\/wp\/v2\/users\/1"}],"replies":[{"embeddable":true,"href":"https:\/\/kylat.ekarjala.fi\/merenlahti\/wp-json\/wp\/v2\/comments?post=54"}],"version-history":[{"count":2,"href":"https:\/\/kylat.ekarjala.fi\/merenlahti\/wp-json\/wp\/v2\/pages\/54\/revisions"}],"predecessor-version":[{"id":140,"href":"https:\/\/kylat.ekarjala.fi\/merenlahti\/wp-json\/wp\/v2\/pages\/54\/revisions\/140"}],"wp:attachment":[{"href":"https:\/\/kylat.ekarjala.fi\/merenlahti\/wp-json\/wp\/v2\/media?parent=54"}],"curies":[{"name":"wp","href":"https:\/\/api.w.org\/{rel}","templated":true}]}}